{"id":16710,"date":"2021-02-26T09:40:13","date_gmt":"2021-02-26T13:40:13","guid":{"rendered":"https:\/\/www.lirapopular.cl\/lirapopularxix\/?page_id=16710"},"modified":"2021-02-26T09:40:13","modified_gmt":"2021-02-26T13:40:13","slug":"la-nina-ahorcada-por-un-futre","status":"publish","type":"page","link":"https:\/\/www.lirapopular.cl\/lirapopularxix\/la-nina-ahorcada-por-un-futre\/","title":{"rendered":"LA NI\u00d1A ahorcada por un futre <br>EL MARIDO QUE ASESINO A SU MUJER I A LA SUEGRA"},"content":{"rendered":"\n<div class=\"wp-block-image\"><figure class=\"alignright size-medium\"><a href=\"https:\/\/www.lirapopular.cl\/lirapopularxix\/wp-content\/uploads\/2021\/02\/Lira_171M.jpg\"><img loading=\"lazy\" decoding=\"async\" width=\"219\" height=\"300\" src=\"https:\/\/www.lirapopular.cl\/lirapopularxix\/wp-content\/uploads\/2021\/02\/Lira_171M-219x300.jpg\" alt=\"\" class=\"wp-image-16711\" srcset=\"https:\/\/www.lirapopular.cl\/lirapopularxix\/wp-content\/uploads\/2021\/02\/Lira_171M-219x300.jpg 219w, https:\/\/www.lirapopular.cl\/lirapopularxix\/wp-content\/uploads\/2021\/02\/Lira_171M.jpg 729w\" sizes=\"auto, (max-width: 219px) 100vw, 219px\" \/><\/a><figcaption>Colecci\u00f3n Lira Popular de la<br>Universidad de Chile<\/figcaption><\/figure><\/div>\n\n\n\n<p>Autor: Adolfo Reyes.<br>Impresor: Imp. Popular, Maturana 9-A<br>Tama\u00f1o: 53 x 36,9 cm<br>Clasificaci\u00f3n: 171 T153n Caja N\u00b08<\/p>\n\n\n\n<ul class=\"wp-block-list\"><li><a href=\"https:\/\/www.lirapopular.cl\/lirapopularxix\/2021\/02\/26\/el-marido-celosoque-mato-a-hachazos-a-la-mujeri-a-la-suegra\/\">El marido celoso mat\u00f3 a hachazos a la mujer y a la suegra<\/a><\/li><li><a href=\"https:\/\/www.lirapopular.cl\/lirapopularxix\/2021\/02\/26\/la-nina-ahorcadapor-un-futre\/\">La ni\u00f1a ahorcada por un futre<\/a><\/li><li><a href=\"https:\/\/www.lirapopular.cl\/lirapopularxix\/2021\/02\/26\/llegada-del-alferezcallorda\/\">Llegada del alf\u00e9rez Callorda<\/a><\/li><li><a href=\"https:\/\/www.lirapopular.cl\/lirapopularxix\/2021\/02\/26\/las-grandes-carerasde-vina-del-mar\/\">Las grandes carreras de Vi\u00f1a del Mar<\/a><\/li><li><a href=\"https:\/\/www.lirapopular.cl\/lirapopularxix\/2021\/02\/26\/verso-de-amor-10\/\">Verso de amor<\/a><\/li><li><a href=\"https:\/\/www.lirapopular.cl\/lirapopularxix\/2021\/02\/26\/versos-de-tonadaspara-ninas\/\">Verso de tonada para ni\u00f1as<\/a><\/li><li><a href=\"https:\/\/www.lirapopular.cl\/lirapopularxix\/2021\/02\/26\/esquinazo\/\">Esquinazo.<\/a><\/li><\/ul>\n\n\n\n<p>Nota: Este ejemplar tiene escrito a mano con l\u00e1piz grafito \u201c164\/171\u201d.<br>Documento optimizado digitalmente.<\/p>\n","protected":false},"excerpt":{"rendered":"<p>Autor: Adolfo Reyes.Impresor: Imp. Popular, Maturana 9-ATama\u00f1o: 53 x 36,9 cmClasificaci\u00f3n: 171 T153n Caja N\u00b08 El marido celoso mat\u00f3 a hachazos a la mujer y a la suegra La ni\u00f1a ahorcada por un futre Llegada del alf\u00e9rez Callorda Las grandes carreras de Vi\u00f1a del Mar Verso de amor Verso de tonada para ni\u00f1as Esquinazo. Nota: [&hellip;]<\/p>\n","protected":false},"author":1,"featured_media":0,"parent":0,"menu_order":0,"comment_status":"closed","ping_status":"closed","template":"","meta":{"footnotes":""},"class_list":["post-16710","page","type-page","status-publish","hentry"],"jetpack_sharing_enabled":true,"_links":{"self":[{"href":"https:\/\/www.lirapopular.cl\/lirapopularxix\/wp-json\/wp\/v2\/pages\/16710","targetHints":{"allow":["GET"]}}],"collection":[{"href":"https:\/\/www.lirapopular.cl\/lirapopularxix\/wp-json\/wp\/v2\/pages"}],"about":[{"href":"https:\/\/www.lirapopular.cl\/lirapopularxix\/wp-json\/wp\/v2\/types\/page"}],"author":[{"embeddable":true,"href":"https:\/\/www.lirapopular.cl\/lirapopularxix\/wp-json\/wp\/v2\/users\/1"}],"replies":[{"embeddable":true,"href":"https:\/\/www.lirapopular.cl\/lirapopularxix\/wp-json\/wp\/v2\/comments?post=16710"}],"version-history":[{"count":0,"href":"https:\/\/www.lirapopular.cl\/lirapopularxix\/wp-json\/wp\/v2\/pages\/16710\/revisions"}],"wp:attachment":[{"href":"https:\/\/www.lirapopular.cl\/lirapopularxix\/wp-json\/wp\/v2\/media?parent=16710"}],"curies":[{"name":"wp","href":"https:\/\/api.w.org\/{rel}","templated":true}]}}