{"id":1663,"date":"2019-07-17T19:37:56","date_gmt":"2019-07-17T23:37:56","guid":{"rendered":"https:\/\/www.lirapopular.cl\/lirapopularxix\/?page_id=1663"},"modified":"2019-07-17T19:37:56","modified_gmt":"2019-07-17T23:37:56","slug":"romance-ilustradosobre-el-combate-naval-de-iquique-el-21-de-mayo-de-1879","status":"publish","type":"page","link":"https:\/\/www.lirapopular.cl\/lirapopularxix\/romance-ilustradosobre-el-combate-naval-de-iquique-el-21-de-mayo-de-1879\/","title":{"rendered":"Romance Ilustrado<br>Sobre el combate naval de Iquique, el 21 de Mayo de 1879"},"content":{"rendered":"<div class=\"wp-block-image\">\n<figure class=\"alignright\"><a href=\"https:\/\/www.lirapopular.cl\/lirapopularxix\/wp-content\/uploads\/2019\/07\/708.jpg\"><img loading=\"lazy\" decoding=\"async\" width=\"213\" height=\"300\" src=\"https:\/\/www.lirapopular.cl\/lirapopularxix\/wp-content\/uploads\/2019\/07\/708-213x300.jpg\" alt=\"\" class=\"wp-image-1664\" srcset=\"https:\/\/www.lirapopular.cl\/lirapopularxix\/wp-content\/uploads\/2019\/07\/708-213x300.jpg 213w, https:\/\/www.lirapopular.cl\/lirapopularxix\/wp-content\/uploads\/2019\/07\/708.jpg 710w\" sizes=\"auto, (max-width: 213px) 100vw, 213px\" \/><\/a><figcaption class=\"wp-element-caption\">Colecci\u00f3n Lira Popular de la Universidad de Chile<\/figcaption><\/figure>\n<\/div>\n\n\n<p>Autor: An\u00f3nimo<br>Impresor: Imp. Soc: Inst. Primaria, Puente 10 A<br>Tama\u00f1o: 49,3 x 34 cm<br>Clasificaci\u00f3n: 708 R175 Caja N\u00b012a<\/p>\n\n\n\n<ul class=\"wp-block-list\">\n<li><a href=\"https:\/\/www.lirapopular.cl\/lirapopularxix\/2019\/07\/17\/dedicatoria-a-la-sra-carmela-carvajal-v-de-prat\/\">Dedicatoria a la Sra. Carmela Carvajal v. de Prat<\/a><\/li>\n\n\n\n<li><a href=\"https:\/\/www.lirapopular.cl\/lirapopularxix\/2019\/07\/17\/romance-ilustrado-sobre-el-combate-naval-de-iquique-el-21-de-mayo-de-1879\/\">Sobre el combate naval de Iquique, el 21 de mayo de 1879<\/a><\/li>\n<\/ul>\n\n\n\n<p>Nota: El Archivo Central de la U. de Chile lo clasific\u00f3 como an\u00f3nimo, pero el autor aparece en el verso Dedicatoria: Jos\u00e9 Epitacio Soto. La lira es igual a BN C\u00f3digo:&nbsp;LO0012270 <a href=\"https:\/\/www.lirapopular.cl\/lirapopularxix\/el-21-de-mayo-de-1879-romance\/\" target=\"_blank\" rel=\"noreferrer noopener\">ver<\/a>, pero con este verso extra.<br>Este ejemplar tiene escrito a mano con l\u00e1piz rojo \u201c708\u201d<\/p>\n\n\n\n<p><mark style=\"background-color:rgba(0, 0, 0, 0)\" class=\"has-inline-color has-white-color\">.<\/mark><\/p>\n\n\n\n<p><mark style=\"background-color:rgba(0, 0, 0, 0)\" class=\"has-inline-color has-white-color\">.<\/mark><\/p>\n\n\n\n<p><mark style=\"background-color:rgba(0, 0, 0, 0)\" class=\"has-inline-color has-white-color\">.<\/mark><\/p>\n\n\n\n<p><mark style=\"background-color:rgba(0, 0, 0, 0)\" class=\"has-inline-color has-white-color\">,<\/mark><\/p>\n\n\n<div class=\"wp-block-image\">\n<figure class=\"alignright\"><a href=\"https:\/\/www.lirapopular.cl\/lirapopularxix\/wp-content\/uploads\/2019\/07\/708-rev.jpg\"><img loading=\"lazy\" decoding=\"async\" width=\"213\" height=\"300\" src=\"https:\/\/www.lirapopular.cl\/lirapopularxix\/wp-content\/uploads\/2019\/07\/708-rev-213x300.jpg\" alt=\"\" class=\"wp-image-1665\" srcset=\"https:\/\/www.lirapopular.cl\/lirapopularxix\/wp-content\/uploads\/2019\/07\/708-rev-213x300.jpg 213w, https:\/\/www.lirapopular.cl\/lirapopularxix\/wp-content\/uploads\/2019\/07\/708-rev.jpg 709w\" sizes=\"auto, (max-width: 213px) 100vw, 213px\" \/><\/a><figcaption class=\"wp-element-caption\">Colecci\u00f3n Lira Popular de la Universidad de Chile<\/figcaption><\/figure>\n<\/div>","protected":false},"excerpt":{"rendered":"<p>Autor: An\u00f3nimoImpresor: Imp. Soc: Inst. Primaria, Puente 10 ATama\u00f1o: 49,3 x 34 cmClasificaci\u00f3n: 708 R175 Caja N\u00b012a Nota: El Archivo Central de la U. de Chile lo clasific\u00f3 como an\u00f3nimo, pero el autor aparece en el verso Dedicatoria: Jos\u00e9 Epitacio Soto. La lira es igual a BN C\u00f3digo:&nbsp;LO0012270 ver, pero con este verso extra.Este ejemplar [&hellip;]<\/p>\n","protected":false},"author":1,"featured_media":0,"parent":0,"menu_order":0,"comment_status":"closed","ping_status":"closed","template":"","meta":{"footnotes":""},"class_list":["post-1663","page","type-page","status-publish","hentry"],"jetpack_sharing_enabled":true,"_links":{"self":[{"href":"https:\/\/www.lirapopular.cl\/lirapopularxix\/wp-json\/wp\/v2\/pages\/1663","targetHints":{"allow":["GET"]}}],"collection":[{"href":"https:\/\/www.lirapopular.cl\/lirapopularxix\/wp-json\/wp\/v2\/pages"}],"about":[{"href":"https:\/\/www.lirapopular.cl\/lirapopularxix\/wp-json\/wp\/v2\/types\/page"}],"author":[{"embeddable":true,"href":"https:\/\/www.lirapopular.cl\/lirapopularxix\/wp-json\/wp\/v2\/users\/1"}],"replies":[{"embeddable":true,"href":"https:\/\/www.lirapopular.cl\/lirapopularxix\/wp-json\/wp\/v2\/comments?post=1663"}],"version-history":[{"count":0,"href":"https:\/\/www.lirapopular.cl\/lirapopularxix\/wp-json\/wp\/v2\/pages\/1663\/revisions"}],"wp:attachment":[{"href":"https:\/\/www.lirapopular.cl\/lirapopularxix\/wp-json\/wp\/v2\/media?parent=1663"}],"curies":[{"name":"wp","href":"https:\/\/api.w.org\/{rel}","templated":true}]}}