{"id":16614,"date":"2021-02-24T20:00:38","date_gmt":"2021-02-25T00:00:38","guid":{"rendered":"https:\/\/www.lirapopular.cl\/lirapopularxix\/?page_id=16614"},"modified":"2021-02-24T20:00:38","modified_gmt":"2021-02-25T00:00:38","slug":"desgraciado-fin-de-una-familia","status":"publish","type":"page","link":"https:\/\/www.lirapopular.cl\/lirapopularxix\/desgraciado-fin-de-una-familia\/","title":{"rendered":"Desgraciado fin de una familia <br>SANGRIENTOS DETALLES <br>QUEJAS DE LOS OBREROS CHILENOS"},"content":{"rendered":"\n<div class=\"wp-block-image\"><figure class=\"alignright size-medium\"><a href=\"https:\/\/www.lirapopular.cl\/lirapopularxix\/wp-content\/uploads\/2021\/02\/Lira_166M.jpg\"><img loading=\"lazy\" decoding=\"async\" width=\"221\" height=\"300\" src=\"https:\/\/www.lirapopular.cl\/lirapopularxix\/wp-content\/uploads\/2021\/02\/Lira_166M-221x300.jpg\" alt=\"\" class=\"wp-image-16615\" srcset=\"https:\/\/www.lirapopular.cl\/lirapopularxix\/wp-content\/uploads\/2021\/02\/Lira_166M-221x300.jpg 221w, https:\/\/www.lirapopular.cl\/lirapopularxix\/wp-content\/uploads\/2021\/02\/Lira_166M.jpg 736w\" sizes=\"auto, (max-width: 221px) 100vw, 221px\" \/><\/a><figcaption>Colecci\u00f3n Lira Popular de la<br>Universidad de Chile<\/figcaption><\/figure><\/div>\n\n\n\n<p>Autor: Adolfo Reyes.<br>Impresor: Imp. Ercilla\u2013 Bandera 21-K<br>Tama\u00f1o: 53,1 x 37,5 cm<br>Clasificaci\u00f3n: 166 T153d Caja N\u00b08<\/p>\n\n\n\n<ul class=\"wp-block-list\"><li><a href=\"https:\/\/www.lirapopular.cl\/lirapopularxix\/2021\/02\/25\/el-gran-crimen-del-reo-campaneli\/\">El gran crimen del reo Campaneli<\/a><\/li><li><a href=\"https:\/\/www.lirapopular.cl\/lirapopularxix\/2021\/02\/25\/ultimos-detallesdel-crimen-del-baron\/\">Ultimos detalles del crimen del Bar\u00f3n<\/a><\/li><li><a href=\"https:\/\/www.lirapopular.cl\/lirapopularxix\/2021\/02\/25\/la-situacion-del-dia\/\">La situaci\u00f3n del d\u00eda<\/a><\/li><li><a href=\"https:\/\/www.lirapopular.cl\/lirapopularxix\/2021\/02\/25\/la-libertad-en-chilei-la-desigualdad-ante-la-lei\/\">La libertad en Chile y la desigualdad ante la ley<\/a><\/li><li><a href=\"https:\/\/www.lirapopular.cl\/lirapopularxix\/2021\/02\/25\/la-hechicerahistoria-de-una-bruja\/\">La hechicera. Historia de una bruja.<\/a><\/li><\/ul>\n\n\n\n<p>Nota: Este ejemplar tiene escrito a mano con l\u00e1piz grafito \u201c159\/166\u201d.<br>Documento optimizado digitalmente.<\/p>\n","protected":false},"excerpt":{"rendered":"<p>Autor: Adolfo Reyes.Impresor: Imp. Ercilla\u2013 Bandera 21-KTama\u00f1o: 53,1 x 37,5 cmClasificaci\u00f3n: 166 T153d Caja N\u00b08 El gran crimen del reo Campaneli Ultimos detalles del crimen del Bar\u00f3n La situaci\u00f3n del d\u00eda La libertad en Chile y la desigualdad ante la ley La hechicera. Historia de una bruja. Nota: Este ejemplar tiene escrito a mano con [&hellip;]<\/p>\n","protected":false},"author":1,"featured_media":0,"parent":0,"menu_order":0,"comment_status":"closed","ping_status":"closed","template":"","meta":{"footnotes":""},"class_list":["post-16614","page","type-page","status-publish","hentry"],"jetpack_sharing_enabled":true,"_links":{"self":[{"href":"https:\/\/www.lirapopular.cl\/lirapopularxix\/wp-json\/wp\/v2\/pages\/16614","targetHints":{"allow":["GET"]}}],"collection":[{"href":"https:\/\/www.lirapopular.cl\/lirapopularxix\/wp-json\/wp\/v2\/pages"}],"about":[{"href":"https:\/\/www.lirapopular.cl\/lirapopularxix\/wp-json\/wp\/v2\/types\/page"}],"author":[{"embeddable":true,"href":"https:\/\/www.lirapopular.cl\/lirapopularxix\/wp-json\/wp\/v2\/users\/1"}],"replies":[{"embeddable":true,"href":"https:\/\/www.lirapopular.cl\/lirapopularxix\/wp-json\/wp\/v2\/comments?post=16614"}],"version-history":[{"count":0,"href":"https:\/\/www.lirapopular.cl\/lirapopularxix\/wp-json\/wp\/v2\/pages\/16614\/revisions"}],"wp:attachment":[{"href":"https:\/\/www.lirapopular.cl\/lirapopularxix\/wp-json\/wp\/v2\/media?parent=16614"}],"curies":[{"name":"wp","href":"https:\/\/api.w.org\/{rel}","templated":true}]}}