{"id":16595,"date":"2021-02-24T19:02:46","date_gmt":"2021-02-24T23:02:46","guid":{"rendered":"https:\/\/www.lirapopular.cl\/lirapopularxix\/?page_id=16595"},"modified":"2021-02-24T19:02:46","modified_gmt":"2021-02-24T23:02:46","slug":"ejecucion-en-valparaiso","status":"publish","type":"page","link":"https:\/\/www.lirapopular.cl\/lirapopularxix\/ejecucion-en-valparaiso\/","title":{"rendered":"EJECUCION <br>EN VALPARAISO"},"content":{"rendered":"\n<div class=\"wp-block-image\"><figure class=\"alignright size-medium\"><a href=\"https:\/\/www.lirapopular.cl\/lirapopularxix\/wp-content\/uploads\/2021\/02\/Lira_165M.jpg\"><img decoding=\"async\" src=\"https:\/\/www.lirapopular.cl\/lirapopularxix\/wp-content\/uploads\/2021\/02\/Lira_165M-300x219.jpg\" alt=\"\" class=\"wp-image-16597\"\/><\/a><figcaption>Colecci\u00f3n Lira Popular de la<br>Universidad de Chile<\/figcaption><\/figure><\/div>\n\n\n\n<p>Autor: Adolfo Reyes.<br>Impresor: Sin informaci\u00f3n<br>Tama\u00f1o: 53,2 x 37,3 cm<br>Clasificaci\u00f3n: 165 T153e Caja N\u00b08, BN C\u00f3digo: LO0012189<\/p>\n\n\n\n<ul class=\"wp-block-list\"><li><a href=\"https:\/\/www.lirapopular.cl\/lirapopularxix\/2021\/02\/24\/ejecucion-capital-en-valparaiso\/\">Ejecuci\u00f3n capital en Valpara\u00edso de los asesinos del italiano Freddi<\/a><\/li><li><a href=\"https:\/\/www.lirapopular.cl\/lirapopularxix\/2021\/02\/24\/el-forado-en-elpuente-calicanto\/\">El forado en el puente Calicanto<\/a><\/li><li><a href=\"https:\/\/www.lirapopular.cl\/lirapopularxix\/2021\/02\/24\/asesinatoen-san-jose-de-maipo\/\">Asesinato en San Jos\u00e9 de Maipo<\/a><\/li><li><a href=\"https:\/\/www.lirapopular.cl\/lirapopularxix\/2021\/02\/24\/mi-novia\/\">Mi novia<\/a><\/li><li><a href=\"https:\/\/www.lirapopular.cl\/lirapopularxix\/2021\/02\/24\/consejo-para-casarse\/\">Consejo para casarse.<\/a><\/li><\/ul>\n\n\n\n<div class=\"wp-block-image\"><figure class=\"alignright size-medium\"><a href=\"https:\/\/www.lirapopular.cl\/lirapopularxix\/wp-content\/uploads\/2021\/03\/LO0012189.jpg\"><img loading=\"lazy\" decoding=\"async\" width=\"300\" height=\"213\" src=\"https:\/\/www.lirapopular.cl\/lirapopularxix\/wp-content\/uploads\/2021\/03\/LO0012189-300x213.jpg\" alt=\"\" class=\"wp-image-17293\" srcset=\"https:\/\/www.lirapopular.cl\/lirapopularxix\/wp-content\/uploads\/2021\/03\/LO0012189-300x213.jpg 300w, https:\/\/www.lirapopular.cl\/lirapopularxix\/wp-content\/uploads\/2021\/03\/LO0012189-768x545.jpg 768w, https:\/\/www.lirapopular.cl\/lirapopularxix\/wp-content\/uploads\/2021\/03\/LO0012189.jpg 1000w\" sizes=\"auto, (max-width: 300px) 100vw, 300px\" \/><\/a><figcaption>Archivo de Literatura Oral<br>Fondo Rodolfo Lenz<\/figcaption><\/figure><\/div>\n\n\n\n<p>Nota: El 1er ejemplar tiene escrito a mano con l\u00e1piz grafito \u201c158\/165\u201d.<br>Texto manuscrito con tinta por el reverso.<br>El 2\u00ba ejemplar tiene escrito a mano con l\u00e1piz rojo \u201c-21-\u201d, con l\u00e1piz grafito &#8220;19&#8221; y con un timbre &#8220;0985&#8221;.<br>Documentos optimizados digitalmente.<\/p>\n","protected":false},"excerpt":{"rendered":"<p>Autor: Adolfo Reyes.Impresor: Sin informaci\u00f3nTama\u00f1o: 53,2 x 37,3 cmClasificaci\u00f3n: 165 T153e Caja N\u00b08, BN C\u00f3digo: LO0012189 Ejecuci\u00f3n capital en Valpara\u00edso de los asesinos del italiano Freddi El forado en el puente Calicanto Asesinato en San Jos\u00e9 de Maipo Mi novia Consejo para casarse. Nota: El 1er ejemplar tiene escrito a mano con l\u00e1piz grafito \u201c158\/165\u201d.Texto [&hellip;]<\/p>\n","protected":false},"author":1,"featured_media":0,"parent":0,"menu_order":0,"comment_status":"closed","ping_status":"closed","template":"","meta":{"footnotes":""},"class_list":["post-16595","page","type-page","status-publish","hentry"],"jetpack_sharing_enabled":true,"_links":{"self":[{"href":"https:\/\/www.lirapopular.cl\/lirapopularxix\/wp-json\/wp\/v2\/pages\/16595","targetHints":{"allow":["GET"]}}],"collection":[{"href":"https:\/\/www.lirapopular.cl\/lirapopularxix\/wp-json\/wp\/v2\/pages"}],"about":[{"href":"https:\/\/www.lirapopular.cl\/lirapopularxix\/wp-json\/wp\/v2\/types\/page"}],"author":[{"embeddable":true,"href":"https:\/\/www.lirapopular.cl\/lirapopularxix\/wp-json\/wp\/v2\/users\/1"}],"replies":[{"embeddable":true,"href":"https:\/\/www.lirapopular.cl\/lirapopularxix\/wp-json\/wp\/v2\/comments?post=16595"}],"version-history":[{"count":0,"href":"https:\/\/www.lirapopular.cl\/lirapopularxix\/wp-json\/wp\/v2\/pages\/16595\/revisions"}],"wp:attachment":[{"href":"https:\/\/www.lirapopular.cl\/lirapopularxix\/wp-json\/wp\/v2\/media?parent=16595"}],"curies":[{"name":"wp","href":"https:\/\/api.w.org\/{rel}","templated":true}]}}