{"id":16552,"date":"2021-02-23T19:25:40","date_gmt":"2021-02-23T23:25:40","guid":{"rendered":"https:\/\/www.lirapopular.cl\/lirapopularxix\/?page_id=16552"},"modified":"2021-02-23T19:25:40","modified_gmt":"2021-02-23T23:25:40","slug":"la-conductora-que-se-mato-por-un-cochero","status":"publish","type":"page","link":"https:\/\/www.lirapopular.cl\/lirapopularxix\/la-conductora-que-se-mato-por-un-cochero\/","title":{"rendered":"La conductora que se mat\u00f3 por un cochero"},"content":{"rendered":"\n<div class=\"wp-block-image\"><figure class=\"alignright size-medium\"><a href=\"https:\/\/www.lirapopular.cl\/lirapopularxix\/wp-content\/uploads\/2021\/02\/Lira_163M.jpg\"><img loading=\"lazy\" decoding=\"async\" width=\"203\" height=\"300\" src=\"https:\/\/www.lirapopular.cl\/lirapopularxix\/wp-content\/uploads\/2021\/02\/Lira_163M-203x300.jpg\" alt=\"\" class=\"wp-image-16553\" srcset=\"https:\/\/www.lirapopular.cl\/lirapopularxix\/wp-content\/uploads\/2021\/02\/Lira_163M-203x300.jpg 203w, https:\/\/www.lirapopular.cl\/lirapopularxix\/wp-content\/uploads\/2021\/02\/Lira_163M.jpg 677w\" sizes=\"auto, (max-width: 203px) 100vw, 203px\" \/><\/a><figcaption>Colecci\u00f3n Lira Popular de la<br>Universidad de Chile<\/figcaption><\/figure><\/div>\n\n\n\n<p>Autor: Adolfo Reyes.<br>Impresor: Sin informaci\u00f3n<br>Tama\u00f1o: 53,1 x 33,5 cm<br>Clasificaci\u00f3n: 163 T153c Caja N\u00b08<\/p>\n\n\n\n<ul class=\"wp-block-list\"><li><a href=\"https:\/\/www.lirapopular.cl\/lirapopularxix\/2021\/02\/24\/la-conductoraque-se-mato-porque-el-cocherono-la-quiso\/\">La conductora que se mat\u00f3 porque el cochero no la quiso<\/a><\/li><li><a href=\"https:\/\/www.lirapopular.cl\/lirapopularxix\/2021\/02\/24\/la-mujerque-enveneno-al-marido-porcasarse-con-otro\/\">La mujer que envenen\u00f3 al marido por casarse con otro<\/a><\/li><li><a href=\"https:\/\/www.lirapopular.cl\/lirapopularxix\/2021\/02\/24\/un-matrimoniocurioso\/\">Un matrimonio curioso<\/a><\/li><li><a href=\"https:\/\/www.lirapopular.cl\/lirapopularxix\/2021\/02\/24\/verdades-eternas-3\/\">Verdades eternas<\/a><\/li><li><a href=\"https:\/\/www.lirapopular.cl\/lirapopularxix\/2021\/02\/24\/verso-de-amor-8\/\">Verso de amor<\/a><\/li><li><a href=\"https:\/\/www.lirapopular.cl\/lirapopularxix\/2021\/02\/24\/a-lo-divino-6\/\">A lo divino.<\/a><\/li><\/ul>\n\n\n\n<p>Nota: Este ejemplar tiene escrito a mano con l\u00e1piz grafito \u201c156\/163\u201d.<br>Documento optimizado digitalmente.<\/p>\n","protected":false},"excerpt":{"rendered":"<p>Autor: Adolfo Reyes.Impresor: Sin informaci\u00f3nTama\u00f1o: 53,1 x 33,5 cmClasificaci\u00f3n: 163 T153c Caja N\u00b08 La conductora que se mat\u00f3 porque el cochero no la quiso La mujer que envenen\u00f3 al marido por casarse con otro Un matrimonio curioso Verdades eternas Verso de amor A lo divino. Nota: Este ejemplar tiene escrito a mano con l\u00e1piz grafito [&hellip;]<\/p>\n","protected":false},"author":1,"featured_media":0,"parent":0,"menu_order":0,"comment_status":"closed","ping_status":"closed","template":"","meta":{"footnotes":""},"class_list":["post-16552","page","type-page","status-publish","hentry"],"jetpack_sharing_enabled":true,"_links":{"self":[{"href":"https:\/\/www.lirapopular.cl\/lirapopularxix\/wp-json\/wp\/v2\/pages\/16552","targetHints":{"allow":["GET"]}}],"collection":[{"href":"https:\/\/www.lirapopular.cl\/lirapopularxix\/wp-json\/wp\/v2\/pages"}],"about":[{"href":"https:\/\/www.lirapopular.cl\/lirapopularxix\/wp-json\/wp\/v2\/types\/page"}],"author":[{"embeddable":true,"href":"https:\/\/www.lirapopular.cl\/lirapopularxix\/wp-json\/wp\/v2\/users\/1"}],"replies":[{"embeddable":true,"href":"https:\/\/www.lirapopular.cl\/lirapopularxix\/wp-json\/wp\/v2\/comments?post=16552"}],"version-history":[{"count":0,"href":"https:\/\/www.lirapopular.cl\/lirapopularxix\/wp-json\/wp\/v2\/pages\/16552\/revisions"}],"wp:attachment":[{"href":"https:\/\/www.lirapopular.cl\/lirapopularxix\/wp-json\/wp\/v2\/media?parent=16552"}],"curies":[{"name":"wp","href":"https:\/\/api.w.org\/{rel}","templated":true}]}}