{"id":16496,"date":"2021-02-22T09:02:54","date_gmt":"2021-02-22T13:02:54","guid":{"rendered":"https:\/\/www.lirapopular.cl\/lirapopularxix\/?page_id=16496"},"modified":"2021-02-22T09:02:54","modified_gmt":"2021-02-22T13:02:54","slug":"gran-salteo-una-nina-muerta-a-palos-en-rancagua","status":"publish","type":"page","link":"https:\/\/www.lirapopular.cl\/lirapopularxix\/gran-salteo-una-nina-muerta-a-palos-en-rancagua\/","title":{"rendered":"GRAN SALTEO <br>Una ni\u00f1a muerta a palos en Rancagua"},"content":{"rendered":"\n<div class=\"wp-block-image\"><figure class=\"alignright size-medium\"><a href=\"https:\/\/www.lirapopular.cl\/lirapopularxix\/wp-content\/uploads\/2021\/02\/Lira_161M.jpg\"><img loading=\"lazy\" decoding=\"async\" width=\"229\" height=\"300\" src=\"https:\/\/www.lirapopular.cl\/lirapopularxix\/wp-content\/uploads\/2021\/02\/Lira_161M-229x300.jpg\" alt=\"\" class=\"wp-image-16497\" srcset=\"https:\/\/www.lirapopular.cl\/lirapopularxix\/wp-content\/uploads\/2021\/02\/Lira_161M-229x300.jpg 229w, https:\/\/www.lirapopular.cl\/lirapopularxix\/wp-content\/uploads\/2021\/02\/Lira_161M.jpg 763w\" sizes=\"auto, (max-width: 229px) 100vw, 229px\" \/><\/a><figcaption>Colecci\u00f3n Lira Popular de la<br>Universidad de Chile<\/figcaption><\/figure><\/div>\n\n\n\n<p>Autor: Adolfo Reyes.<br>Impresor: Sin informaci\u00f3n<br>Tama\u00f1o: 50,9 x 37,2 cm<br>Clasificaci\u00f3n: 161 T153g Caja N\u00b08, BN C\u00f3digo:\u00a0LO0012204<\/p>\n\n\n\n<ul class=\"wp-block-list\"><li><a href=\"https:\/\/www.lirapopular.cl\/lirapopularxix\/2021\/02\/23\/el-gran-salteo-derancagua\/\">El gran salteo de Rancagua<\/a><\/li><li><a href=\"https:\/\/www.lirapopular.cl\/lirapopularxix\/2021\/02\/23\/el-reo-manuel-nunessentenciado-a-lapena-capital\/\">El reo Manuel Nu\u00f1es sentenciado a la pena capital<\/a><\/li><li><a href=\"https:\/\/www.lirapopular.cl\/lirapopularxix\/2021\/02\/23\/el-soldadoa-punaleado-en-la-calle-desan-pablo\/\">El soldado apu\u00f1alado en la calle de San Pablo<\/a><\/li><li><a href=\"https:\/\/www.lirapopular.cl\/lirapopularxix\/2021\/02\/23\/envenenamiento\/\">Envenenamiento<\/a><\/li><li><a href=\"https:\/\/www.lirapopular.cl\/lirapopularxix\/2021\/02\/23\/astronomia-7\/\">Astronom\u00eda<\/a><\/li><li><a href=\"https:\/\/www.lirapopular.cl\/lirapopularxix\/2021\/02\/23\/la-mujer-que-guardabarobos-en-el-polizon\/\">La mujer que guardaba robos en el poliz\u00f3n<\/a><\/li><li><a href=\"https:\/\/www.lirapopular.cl\/lirapopularxix\/2021\/02\/23\/el-rotito-payaso-2\/\">El rotito payaso<\/a><\/li><li><a href=\"https:\/\/www.lirapopular.cl\/lirapopularxix\/2021\/02\/23\/la-apunaleada-por-elmarido\/\">La apu\u00f1aleada por el marido<\/a><\/li><li><a href=\"https:\/\/www.lirapopular.cl\/lirapopularxix\/2021\/02\/23\/brindis-9\/\">Brindis<\/a><\/li><\/ul>\n\n\n\n<div class=\"wp-block-image\"><figure class=\"alignright size-medium\"><a href=\"https:\/\/www.lirapopular.cl\/lirapopularxix\/wp-content\/uploads\/2021\/03\/LO0012204.jpg\"><img loading=\"lazy\" decoding=\"async\" width=\"209\" height=\"300\" src=\"https:\/\/www.lirapopular.cl\/lirapopularxix\/wp-content\/uploads\/2021\/03\/LO0012204-209x300.jpg\" alt=\"\" class=\"wp-image-17526\" srcset=\"https:\/\/www.lirapopular.cl\/lirapopularxix\/wp-content\/uploads\/2021\/03\/LO0012204-209x300.jpg 209w, https:\/\/www.lirapopular.cl\/lirapopularxix\/wp-content\/uploads\/2021\/03\/LO0012204.jpg 698w\" sizes=\"auto, (max-width: 209px) 100vw, 209px\" \/><\/a><figcaption>Archivo de Literatura Oral<br>Fondo Rodolfo Lenz<\/figcaption><\/figure><\/div>\n\n\n\n<p>Nota: El 1er ejemplar tiene escrito a mano con l\u00e1piz grafito \u201c154\/161\u201d.<br>El 2\u00ba ejemplar tiene escrito a mano con l\u00e1piz rojo \u201c-36-\u201d, con un timbre &#8220;0292&#8221; y con l\u00e1piz grafito &#8220;26&#8221;.<br>Documentos optimizados digitalmente.<\/p>\n","protected":false},"excerpt":{"rendered":"<p>Autor: Adolfo Reyes.Impresor: Sin informaci\u00f3nTama\u00f1o: 50,9 x 37,2 cmClasificaci\u00f3n: 161 T153g Caja N\u00b08, BN C\u00f3digo:\u00a0LO0012204 El gran salteo de Rancagua El reo Manuel Nu\u00f1es sentenciado a la pena capital El soldado apu\u00f1alado en la calle de San Pablo Envenenamiento Astronom\u00eda La mujer que guardaba robos en el poliz\u00f3n El rotito payaso La apu\u00f1aleada por el [&hellip;]<\/p>\n","protected":false},"author":1,"featured_media":0,"parent":0,"menu_order":0,"comment_status":"closed","ping_status":"closed","template":"","meta":{"footnotes":""},"class_list":["post-16496","page","type-page","status-publish","hentry"],"jetpack_sharing_enabled":true,"_links":{"self":[{"href":"https:\/\/www.lirapopular.cl\/lirapopularxix\/wp-json\/wp\/v2\/pages\/16496","targetHints":{"allow":["GET"]}}],"collection":[{"href":"https:\/\/www.lirapopular.cl\/lirapopularxix\/wp-json\/wp\/v2\/pages"}],"about":[{"href":"https:\/\/www.lirapopular.cl\/lirapopularxix\/wp-json\/wp\/v2\/types\/page"}],"author":[{"embeddable":true,"href":"https:\/\/www.lirapopular.cl\/lirapopularxix\/wp-json\/wp\/v2\/users\/1"}],"replies":[{"embeddable":true,"href":"https:\/\/www.lirapopular.cl\/lirapopularxix\/wp-json\/wp\/v2\/comments?post=16496"}],"version-history":[{"count":0,"href":"https:\/\/www.lirapopular.cl\/lirapopularxix\/wp-json\/wp\/v2\/pages\/16496\/revisions"}],"wp:attachment":[{"href":"https:\/\/www.lirapopular.cl\/lirapopularxix\/wp-json\/wp\/v2\/media?parent=16496"}],"curies":[{"name":"wp","href":"https:\/\/api.w.org\/{rel}","templated":true}]}}