{"id":1649,"date":"2019-07-17T17:58:43","date_gmt":"2019-07-17T21:58:43","guid":{"rendered":"https:\/\/www.lirapopular.cl\/lirapopularxix\/?page_id=1649"},"modified":"2019-07-17T17:58:43","modified_gmt":"2019-07-17T21:58:43","slug":"a-los-marineros-y-al-ejercito-constitucional","status":"publish","type":"page","link":"https:\/\/www.lirapopular.cl\/lirapopularxix\/a-los-marineros-y-al-ejercito-constitucional\/","title":{"rendered":"A los marineros y al ej\u00e9rcito constitucional"},"content":{"rendered":"\n<div class=\"wp-block-image\"><figure class=\"alignright\"><a href=\"https:\/\/www.lirapopular.cl\/lirapopularxix\/wp-content\/uploads\/2019\/07\/707.jpg\"><img loading=\"lazy\" decoding=\"async\" width=\"285\" height=\"300\" src=\"https:\/\/www.lirapopular.cl\/lirapopularxix\/wp-content\/uploads\/2019\/07\/707-285x300.jpg\" alt=\"\" class=\"wp-image-1650\" srcset=\"https:\/\/www.lirapopular.cl\/lirapopularxix\/wp-content\/uploads\/2019\/07\/707-285x300.jpg 285w, https:\/\/www.lirapopular.cl\/lirapopularxix\/wp-content\/uploads\/2019\/07\/707-768x809.jpg 768w, https:\/\/www.lirapopular.cl\/lirapopularxix\/wp-content\/uploads\/2019\/07\/707.jpg 949w\" sizes=\"auto, (max-width: 285px) 100vw, 285px\" \/><\/a><figcaption>Colecci\u00f3n Lira Popular de la Universidad de Chile<\/figcaption><\/figure><\/div>\n\n\n\n<p>Autor: An\u00f3nimo<br>Impresor: Imp. de La Patria-91-24975<br>Tama\u00f1o: 38,4 x 37 cm<br>Clasificaci\u00f3n: 707 M332 Caja N\u00b012a<\/p>\n\n\n\n<ul class=\"wp-block-list\"><li><a href=\"https:\/\/www.lirapopular.cl\/lirapopularxix\/2019\/07\/17\/la-muerte-del-dictador\/\">La muerte del dictador<\/a><\/li><li><a href=\"https:\/\/www.lirapopular.cl\/lirapopularxix\/2019\/07\/17\/himno-al-ejercito-y-marina-constitucional-coro\/\">Himno al ej\u00e9rcito y marina constitucional<\/a><\/li><li><a href=\"https:\/\/www.lirapopular.cl\/lirapopularxix\/2019\/07\/17\/pio-fierro-y-los-ex-oficiales-de-la-guardia-municipal\/\">P\u00edo Fierro y los ex-oficiales de la Guardia Municipal<\/a><\/li><\/ul>\n\n\n\n<p>Nota: Este ejemplar tiene escrito a mano con l\u00e1piz rojo \u201c707\u201d<\/p>\n\n\n\n<p>La lira tiene fechas en Valpara\u00edso 20 y 25 de septiembre de 1891.<\/p>\n","protected":false},"excerpt":{"rendered":"<p>Autor: An\u00f3nimoImpresor: Imp. de La Patria-91-24975Tama\u00f1o: 38,4 x 37 cmClasificaci\u00f3n: 707 M332 Caja N\u00b012a La muerte del dictador Himno al ej\u00e9rcito y marina constitucional P\u00edo Fierro y los ex-oficiales de la Guardia Municipal Nota: Este ejemplar tiene escrito a mano con l\u00e1piz rojo \u201c707\u201d La lira tiene fechas en Valpara\u00edso 20 y 25 de septiembre [&hellip;]<\/p>\n","protected":false},"author":1,"featured_media":0,"parent":0,"menu_order":0,"comment_status":"closed","ping_status":"closed","template":"","meta":{"footnotes":""},"class_list":["post-1649","page","type-page","status-publish","hentry"],"jetpack_sharing_enabled":true,"_links":{"self":[{"href":"https:\/\/www.lirapopular.cl\/lirapopularxix\/wp-json\/wp\/v2\/pages\/1649","targetHints":{"allow":["GET"]}}],"collection":[{"href":"https:\/\/www.lirapopular.cl\/lirapopularxix\/wp-json\/wp\/v2\/pages"}],"about":[{"href":"https:\/\/www.lirapopular.cl\/lirapopularxix\/wp-json\/wp\/v2\/types\/page"}],"author":[{"embeddable":true,"href":"https:\/\/www.lirapopular.cl\/lirapopularxix\/wp-json\/wp\/v2\/users\/1"}],"replies":[{"embeddable":true,"href":"https:\/\/www.lirapopular.cl\/lirapopularxix\/wp-json\/wp\/v2\/comments?post=1649"}],"version-history":[{"count":0,"href":"https:\/\/www.lirapopular.cl\/lirapopularxix\/wp-json\/wp\/v2\/pages\/1649\/revisions"}],"wp:attachment":[{"href":"https:\/\/www.lirapopular.cl\/lirapopularxix\/wp-json\/wp\/v2\/media?parent=1649"}],"curies":[{"name":"wp","href":"https:\/\/api.w.org\/{rel}","templated":true}]}}