{"id":16452,"date":"2021-02-21T18:18:29","date_gmt":"2021-02-21T22:18:29","guid":{"rendered":"https:\/\/www.lirapopular.cl\/lirapopularxix\/?page_id=16452"},"modified":"2021-02-21T18:18:29","modified_gmt":"2021-02-21T22:18:29","slug":"sangriento-drama-de-amor","status":"publish","type":"page","link":"https:\/\/www.lirapopular.cl\/lirapopularxix\/sangriento-drama-de-amor\/","title":{"rendered":"SANGRIENTO DRAMA DE AMOR"},"content":{"rendered":"\n<div class=\"wp-block-image\"><figure class=\"alignright size-medium\"><a href=\"https:\/\/www.lirapopular.cl\/lirapopularxix\/wp-content\/uploads\/2021\/02\/Lira_159M.jpg\"><img loading=\"lazy\" decoding=\"async\" width=\"217\" height=\"300\" src=\"https:\/\/www.lirapopular.cl\/lirapopularxix\/wp-content\/uploads\/2021\/02\/Lira_159M-217x300.jpg\" alt=\"\" class=\"wp-image-16453\" srcset=\"https:\/\/www.lirapopular.cl\/lirapopularxix\/wp-content\/uploads\/2021\/02\/Lira_159M-217x300.jpg 217w, https:\/\/www.lirapopular.cl\/lirapopularxix\/wp-content\/uploads\/2021\/02\/Lira_159M.jpg 724w\" sizes=\"auto, (max-width: 217px) 100vw, 217px\" \/><\/a><figcaption>Colecci\u00f3n Lira Popular de la<br>Universidad de Chile<\/figcaption><\/figure><\/div>\n\n\n\n<p>Autor: Adolfo Reyes.<br>Impresor: Sin informaci\u00f3n<br>Tama\u00f1o: 53,3 x 36,4 cm<br>Clasificaci\u00f3n: 159 T153s Caja N\u00b08, BN C\u00f3digo:\u00a0LO0012193<\/p>\n\n\n\n<ul class=\"wp-block-list\"><li><a href=\"https:\/\/www.lirapopular.cl\/lirapopularxix\/2021\/02\/21\/el-gran-crimen-dechillan-viejo\/\">El gran crimen de Chill\u00e1n Viejo<\/a><\/li><li><a href=\"https:\/\/www.lirapopular.cl\/lirapopularxix\/2021\/02\/21\/las-cuecas-de-las-conductoras\/\">Las cuecas de las conductoras<\/a><\/li><li><a href=\"https:\/\/www.lirapopular.cl\/lirapopularxix\/2021\/02\/21\/una-mujer-ultimada-en-elcerro-de-la-cruzvalparaiso\/\">Una mujer ultimada en el cerro de la Cruz, Valpara\u00edso<\/a><\/li><li><a href=\"https:\/\/www.lirapopular.cl\/lirapopularxix\/sangriento-drama-de-amor\/\">El poeta Reyes zamarreado por una conductora porte\u00f1a<\/a><\/li><li><a href=\"https:\/\/www.lirapopular.cl\/lirapopularxix\/2021\/02\/21\/drama-sangriento-una-nina-descuartizada\/\">Drama sangriento una ni\u00f1a descuartizada por el marido<\/a><\/li><li><a href=\"https:\/\/www.lirapopular.cl\/lirapopularxix\/2021\/02\/21\/sentimientosde-amor\/\">Sentimientos de amor.<\/a><\/li><\/ul>\n\n\n\n<p><span class=\"has-inline-color has-white-color\">.<\/span><\/p>\n\n\n\n<div class=\"wp-block-image\"><figure class=\"alignright size-medium\"><a href=\"https:\/\/www.lirapopular.cl\/lirapopularxix\/wp-content\/uploads\/2021\/03\/LO0012193.jpg\"><img loading=\"lazy\" decoding=\"async\" width=\"209\" height=\"300\" src=\"https:\/\/www.lirapopular.cl\/lirapopularxix\/wp-content\/uploads\/2021\/03\/LO0012193-209x300.jpg\" alt=\"\" class=\"wp-image-17738\" srcset=\"https:\/\/www.lirapopular.cl\/lirapopularxix\/wp-content\/uploads\/2021\/03\/LO0012193-209x300.jpg 209w, https:\/\/www.lirapopular.cl\/lirapopularxix\/wp-content\/uploads\/2021\/03\/LO0012193.jpg 696w\" sizes=\"auto, (max-width: 209px) 100vw, 209px\" \/><\/a><figcaption>Archivo de Literatura Oral<br>Fondo Rodolfo Lenz<\/figcaption><\/figure><\/div>\n\n\n\n<p>Nota: El 1er ejemplar tiene escrito a mano con l\u00e1piz rojo \u201c152\/159\u201d.<br>El 2\u00ba ejemplar tiene escrito a mano con l\u00e1piz azul \u201c25\u201d y con un timbre &#8220;-418&#8221;.<br>Documentos optimizados digitalmente.<\/p>\n","protected":false},"excerpt":{"rendered":"<p>Autor: Adolfo Reyes.Impresor: Sin informaci\u00f3nTama\u00f1o: 53,3 x 36,4 cmClasificaci\u00f3n: 159 T153s Caja N\u00b08, BN C\u00f3digo:\u00a0LO0012193 El gran crimen de Chill\u00e1n Viejo Las cuecas de las conductoras Una mujer ultimada en el cerro de la Cruz, Valpara\u00edso El poeta Reyes zamarreado por una conductora porte\u00f1a Drama sangriento una ni\u00f1a descuartizada por el marido Sentimientos de amor. [&hellip;]<\/p>\n","protected":false},"author":1,"featured_media":0,"parent":0,"menu_order":0,"comment_status":"closed","ping_status":"closed","template":"","meta":{"footnotes":""},"class_list":["post-16452","page","type-page","status-publish","hentry"],"jetpack_sharing_enabled":true,"_links":{"self":[{"href":"https:\/\/www.lirapopular.cl\/lirapopularxix\/wp-json\/wp\/v2\/pages\/16452","targetHints":{"allow":["GET"]}}],"collection":[{"href":"https:\/\/www.lirapopular.cl\/lirapopularxix\/wp-json\/wp\/v2\/pages"}],"about":[{"href":"https:\/\/www.lirapopular.cl\/lirapopularxix\/wp-json\/wp\/v2\/types\/page"}],"author":[{"embeddable":true,"href":"https:\/\/www.lirapopular.cl\/lirapopularxix\/wp-json\/wp\/v2\/users\/1"}],"replies":[{"embeddable":true,"href":"https:\/\/www.lirapopular.cl\/lirapopularxix\/wp-json\/wp\/v2\/comments?post=16452"}],"version-history":[{"count":0,"href":"https:\/\/www.lirapopular.cl\/lirapopularxix\/wp-json\/wp\/v2\/pages\/16452\/revisions"}],"wp:attachment":[{"href":"https:\/\/www.lirapopular.cl\/lirapopularxix\/wp-json\/wp\/v2\/media?parent=16452"}],"curies":[{"name":"wp","href":"https:\/\/api.w.org\/{rel}","templated":true}]}}