{"id":16382,"date":"2021-02-20T21:33:17","date_gmt":"2021-02-21T01:33:17","guid":{"rendered":"https:\/\/www.lirapopular.cl\/lirapopularxix\/?page_id=16382"},"modified":"2021-02-20T21:33:17","modified_gmt":"2021-02-21T01:33:17","slug":"ultima-sentencia-del-reo-vergara","status":"publish","type":"page","link":"https:\/\/www.lirapopular.cl\/lirapopularxix\/ultima-sentencia-del-reo-vergara\/","title":{"rendered":"ULTIMA SENTENCIA <br>DEL REO VERGARA <br>CARTA DEL REO VERGARA"},"content":{"rendered":"\n<div class=\"wp-block-image\"><figure class=\"alignright size-medium\"><a href=\"https:\/\/www.lirapopular.cl\/lirapopularxix\/wp-content\/uploads\/2021\/02\/Lira_156M.jpg\"><img decoding=\"async\" src=\"https:\/\/www.lirapopular.cl\/lirapopularxix\/wp-content\/uploads\/2021\/02\/Lira_156M-300x228.jpg\" alt=\"\" class=\"wp-image-16383\"\/><\/a><figcaption>Colecci\u00f3n Lira Popular de la<br>Universidad de Chile<\/figcaption><\/figure><\/div>\n\n\n\n<p>Autor: Adolfo Reyes.<br>Impresor: Sin informaci\u00f3n<br>Tama\u00f1o: 47,7 x 34,9 cm<br>Clasificaci\u00f3n: 156 T153u Caja N\u00b08, BN C\u00f3digo:\u00a0LO0012203<\/p>\n\n\n\n<ul class=\"wp-block-list\"><li><a href=\"https:\/\/www.lirapopular.cl\/lirapopularxix\/2021\/02\/20\/el-reo-ismael-vergara-condenado\/\">El reo Ismael Vergara condenado a muerte por el delito de parricidio <\/a><\/li><li><a href=\"https:\/\/www.lirapopular.cl\/lirapopularxix\/2021\/02\/20\/la-hija-que-mato-al-padre\/\">La hija que mat\u00f3 al padre porque no la dej\u00f3 casarse<\/a><\/li><li><a href=\"https:\/\/www.lirapopular.cl\/lirapopularxix\/2021\/02\/20\/los-dulces-nombres\/\">Los dulces nombres de Jes\u00fas, Mar\u00eda y Jos\u00e9<\/a><\/li><li><a href=\"https:\/\/www.lirapopular.cl\/lirapopularxix\/2021\/02\/20\/carta-del-reo-ismael-vergara\/\">Carta del reo Ismael Vergara a su c\u00f3mplice C\u00e9sar Apablaza por librarse del pat\u00edbulo<\/a><\/li><li><a href=\"https:\/\/www.lirapopular.cl\/lirapopularxix\/2021\/02\/20\/contestacion-del-reo-apablaza\/\">Contestaci\u00f3n del reo Apablaza<\/a><\/li><li><a href=\"https:\/\/www.lirapopular.cl\/lirapopularxix\/2021\/02\/20\/carta-del-reo-vergara-a-sudesgraciada-madre\/\">Carta del reo Vergara a su desgraciada madre.<\/a><\/li><\/ul>\n\n\n\n<div class=\"wp-block-image\"><figure class=\"alignright size-medium\"><a href=\"https:\/\/www.lirapopular.cl\/lirapopularxix\/wp-content\/uploads\/2021\/03\/LO0012203.jpg\"><img decoding=\"async\" src=\"https:\/\/www.lirapopular.cl\/lirapopularxix\/wp-content\/uploads\/2021\/03\/LO0012203-300x213.jpg\" alt=\"\" class=\"wp-image-17762\"\/><\/a><figcaption>Archivo de Literatura Oral<br>Fondo Rodolfo Lenz<\/figcaption><\/figure><\/div>\n\n\n\n<p>Nota: El 1er ejemplar tiene escrito a mano con l\u00e1piz rojo \u201c149\/156\u201d.<br>El 2\u00ba ejemplar tiene escrito a mano con l\u00e1piz rojo \u201c-35-\u201d, con l\u00e1piz grafito &#8220;antes de oct. 1894&#8221;, &#8220;21&#8221; y con un timbre &#8220;0287&#8221;.<br>Documentos optimizados digitalmente.<\/p>\n","protected":false},"excerpt":{"rendered":"<p>Autor: Adolfo Reyes.Impresor: Sin informaci\u00f3nTama\u00f1o: 47,7 x 34,9 cmClasificaci\u00f3n: 156 T153u Caja N\u00b08, BN C\u00f3digo:\u00a0LO0012203 El reo Ismael Vergara condenado a muerte por el delito de parricidio La hija que mat\u00f3 al padre porque no la dej\u00f3 casarse Los dulces nombres de Jes\u00fas, Mar\u00eda y Jos\u00e9 Carta del reo Ismael Vergara a su c\u00f3mplice C\u00e9sar [&hellip;]<\/p>\n","protected":false},"author":1,"featured_media":0,"parent":0,"menu_order":0,"comment_status":"closed","ping_status":"closed","template":"","meta":{"footnotes":""},"class_list":["post-16382","page","type-page","status-publish","hentry"],"jetpack_sharing_enabled":true,"_links":{"self":[{"href":"https:\/\/www.lirapopular.cl\/lirapopularxix\/wp-json\/wp\/v2\/pages\/16382","targetHints":{"allow":["GET"]}}],"collection":[{"href":"https:\/\/www.lirapopular.cl\/lirapopularxix\/wp-json\/wp\/v2\/pages"}],"about":[{"href":"https:\/\/www.lirapopular.cl\/lirapopularxix\/wp-json\/wp\/v2\/types\/page"}],"author":[{"embeddable":true,"href":"https:\/\/www.lirapopular.cl\/lirapopularxix\/wp-json\/wp\/v2\/users\/1"}],"replies":[{"embeddable":true,"href":"https:\/\/www.lirapopular.cl\/lirapopularxix\/wp-json\/wp\/v2\/comments?post=16382"}],"version-history":[{"count":0,"href":"https:\/\/www.lirapopular.cl\/lirapopularxix\/wp-json\/wp\/v2\/pages\/16382\/revisions"}],"wp:attachment":[{"href":"https:\/\/www.lirapopular.cl\/lirapopularxix\/wp-json\/wp\/v2\/media?parent=16382"}],"curies":[{"name":"wp","href":"https:\/\/api.w.org\/{rel}","templated":true}]}}