{"id":16360,"date":"2021-02-19T20:21:59","date_gmt":"2021-02-20T00:21:59","guid":{"rendered":"https:\/\/www.lirapopular.cl\/lirapopularxix\/?page_id=16360"},"modified":"2021-02-19T20:21:59","modified_gmt":"2021-02-20T00:21:59","slug":"gran-contrapunto-del-chileno-con-el-cuyano","status":"publish","type":"page","link":"https:\/\/www.lirapopular.cl\/lirapopularxix\/gran-contrapunto-del-chileno-con-el-cuyano\/","title":{"rendered":"GRAN CONTRAPUNTO  DEL  Chieno con el Cuyano"},"content":{"rendered":"\n<div class=\"wp-block-image\"><figure class=\"alignright size-medium\"><a href=\"https:\/\/www.lirapopular.cl\/lirapopularxix\/wp-content\/uploads\/2021\/02\/Lira_155M.jpg\"><img loading=\"lazy\" decoding=\"async\" width=\"216\" height=\"300\" src=\"https:\/\/www.lirapopular.cl\/lirapopularxix\/wp-content\/uploads\/2021\/02\/Lira_155M-216x300.jpg\" alt=\"\" class=\"wp-image-16361\" srcset=\"https:\/\/www.lirapopular.cl\/lirapopularxix\/wp-content\/uploads\/2021\/02\/Lira_155M-216x300.jpg 216w, https:\/\/www.lirapopular.cl\/lirapopularxix\/wp-content\/uploads\/2021\/02\/Lira_155M.jpg 719w\" sizes=\"auto, (max-width: 216px) 100vw, 216px\" \/><\/a><figcaption>Colecci\u00f3n Lira Popular de la<br>Universidad de Chile<\/figcaption><\/figure><\/div>\n\n\n\n<p>Autor: Adolfo Reyes.<br>Impresor: Sin informaci\u00f3n<br>Tama\u00f1o: 53,3 x 37,3 cm<br>Clasificaci\u00f3n: 155 T153g Caja N\u00b08<\/p>\n\n\n\n<ul class=\"wp-block-list\"><li><a href=\"https:\/\/www.lirapopular.cl\/lirapopularxix\/2021\/02\/20\/gran-contra-puntoentreel-chileno-y-el-cuyano\/\">Gran contrapunto entre el chileno y el cuyano<\/a><\/li><li><a href=\"https:\/\/www.lirapopular.cl\/lirapopularxix\/2021\/02\/20\/un-hombre-casadocon-dos-mujeres\/\">Un hombre casado con dos mujeres<\/a><\/li><li><a href=\"https:\/\/www.lirapopular.cl\/lirapopularxix\/2021\/02\/20\/quejas-de-un-amante-7\/\">Quejas de un amante<\/a><\/li><li><a href=\"https:\/\/www.lirapopular.cl\/lirapopularxix\/2021\/02\/20\/llanto-del-ruisenor\/\">Llanto del ruise\u00f1or<\/a><\/li><li><a href=\"https:\/\/www.lirapopular.cl\/lirapopularxix\/2021\/02\/20\/amor-fino-4\/\">Amor fino.<\/a><\/li><\/ul>\n\n\n\n<p>Nota: Este ejemplar tiene escrito a mano con l\u00e1piz grafito \u201c148\/155\u201d y una suma: &#8220;100, 25,225, 450&#8221; (sic).<br>Documento optimizado digitalmente.<\/p>\n","protected":false},"excerpt":{"rendered":"<p>Autor: Adolfo Reyes.Impresor: Sin informaci\u00f3nTama\u00f1o: 53,3 x 37,3 cmClasificaci\u00f3n: 155 T153g Caja N\u00b08 Gran contrapunto entre el chileno y el cuyano Un hombre casado con dos mujeres Quejas de un amante Llanto del ruise\u00f1or Amor fino. Nota: Este ejemplar tiene escrito a mano con l\u00e1piz grafito \u201c148\/155\u201d y una suma: &#8220;100, 25,225, 450&#8221; (sic).Documento optimizado [&hellip;]<\/p>\n","protected":false},"author":1,"featured_media":0,"parent":0,"menu_order":0,"comment_status":"closed","ping_status":"closed","template":"","meta":{"footnotes":""},"class_list":["post-16360","page","type-page","status-publish","hentry"],"jetpack_sharing_enabled":true,"_links":{"self":[{"href":"https:\/\/www.lirapopular.cl\/lirapopularxix\/wp-json\/wp\/v2\/pages\/16360","targetHints":{"allow":["GET"]}}],"collection":[{"href":"https:\/\/www.lirapopular.cl\/lirapopularxix\/wp-json\/wp\/v2\/pages"}],"about":[{"href":"https:\/\/www.lirapopular.cl\/lirapopularxix\/wp-json\/wp\/v2\/types\/page"}],"author":[{"embeddable":true,"href":"https:\/\/www.lirapopular.cl\/lirapopularxix\/wp-json\/wp\/v2\/users\/1"}],"replies":[{"embeddable":true,"href":"https:\/\/www.lirapopular.cl\/lirapopularxix\/wp-json\/wp\/v2\/comments?post=16360"}],"version-history":[{"count":0,"href":"https:\/\/www.lirapopular.cl\/lirapopularxix\/wp-json\/wp\/v2\/pages\/16360\/revisions"}],"wp:attachment":[{"href":"https:\/\/www.lirapopular.cl\/lirapopularxix\/wp-json\/wp\/v2\/media?parent=16360"}],"curies":[{"name":"wp","href":"https:\/\/api.w.org\/{rel}","templated":true}]}}