{"id":1635,"date":"2019-07-17T12:11:27","date_gmt":"2019-07-17T16:11:27","guid":{"rendered":"https:\/\/www.lirapopular.cl\/lirapopularxix\/?page_id=1635"},"modified":"2019-07-17T12:11:27","modified_gmt":"2019-07-17T16:11:27","slug":"a-ntra-sra-del-rosario-de-andacollo","status":"publish","type":"page","link":"https:\/\/www.lirapopular.cl\/lirapopularxix\/a-ntra-sra-del-rosario-de-andacollo\/","title":{"rendered":"A Ntra. Sra. del Rosario de Andacollo"},"content":{"rendered":"\n<div class=\"wp-block-image\"><figure class=\"alignright\"><a href=\"https:\/\/www.lirapopular.cl\/lirapopularxix\/wp-content\/uploads\/2019\/07\/706.jpg\"><img loading=\"lazy\" decoding=\"async\" width=\"300\" height=\"240\" src=\"https:\/\/www.lirapopular.cl\/lirapopularxix\/wp-content\/uploads\/2019\/07\/706-300x240.jpg\" alt=\"\" class=\"wp-image-1636\" srcset=\"https:\/\/www.lirapopular.cl\/lirapopularxix\/wp-content\/uploads\/2019\/07\/706-300x240.jpg 300w, https:\/\/www.lirapopular.cl\/lirapopularxix\/wp-content\/uploads\/2019\/07\/706-768x614.jpg 768w, https:\/\/www.lirapopular.cl\/lirapopularxix\/wp-content\/uploads\/2019\/07\/706.jpg 1000w\" sizes=\"auto, (max-width: 300px) 100vw, 300px\" \/><\/a><figcaption>Colecci\u00f3n Lira Popular de la <br>Universidad de Chile<\/figcaption><\/figure><\/div>\n\n\n\n<p>Autor: An\u00f3nimo<br>Impresor: Propiedad del Editor. Impr. de P. Ramirez\u2014Ech\u00e1urren. 5.<br>Tama\u00f1o: 25,7 x 32,8 cm<br>Clasificaci\u00f3n: 706 C229 Caja N\u00b04a<\/p>\n\n\n\n<ul class=\"wp-block-list\"><li><a href=\"https:\/\/www.lirapopular.cl\/lirapopularxix\/2019\/07\/17\/canto-al-nino-dios\/\">Canto al Ni\u00f1o-Dios<\/a><\/li><li><a href=\"https:\/\/www.lirapopular.cl\/lirapopularxix\/2019\/07\/17\/a-ntra-sra-del-rosario-de-andacollo\/\">A Ntra. Sra. del Rosario de Andacollo<\/a><\/li><li><a href=\"https:\/\/www.lirapopular.cl\/lirapopularxix\/2019\/07\/17\/el-hacedor-i-los-cuatro-elementos\/\">El Hacedor i los cuatro elementos<\/a><\/li><\/ul>\n\n\n\n<p>Nota: Este ejemplar tiene escrito a mano con l\u00e1piz rojo \u201c706\u201d<br>En el Archivo Central aparece clasificado por el nombre de la primera d\u00e9cima. Hemos preferido usar el t\u00edtulo m\u00e1s destacado de la lira.<\/p>\n","protected":false},"excerpt":{"rendered":"<p>Autor: An\u00f3nimoImpresor: Propiedad del Editor. Impr. de P. Ramirez\u2014Ech\u00e1urren. 5.Tama\u00f1o: 25,7 x 32,8 cmClasificaci\u00f3n: 706 C229 Caja N\u00b04a Canto al Ni\u00f1o-Dios A Ntra. Sra. del Rosario de Andacollo El Hacedor i los cuatro elementos Nota: Este ejemplar tiene escrito a mano con l\u00e1piz rojo \u201c706\u201dEn el Archivo Central aparece clasificado por el nombre de la [&hellip;]<\/p>\n","protected":false},"author":1,"featured_media":0,"parent":0,"menu_order":0,"comment_status":"closed","ping_status":"closed","template":"","meta":{"footnotes":""},"class_list":["post-1635","page","type-page","status-publish","hentry"],"jetpack_sharing_enabled":true,"_links":{"self":[{"href":"https:\/\/www.lirapopular.cl\/lirapopularxix\/wp-json\/wp\/v2\/pages\/1635","targetHints":{"allow":["GET"]}}],"collection":[{"href":"https:\/\/www.lirapopular.cl\/lirapopularxix\/wp-json\/wp\/v2\/pages"}],"about":[{"href":"https:\/\/www.lirapopular.cl\/lirapopularxix\/wp-json\/wp\/v2\/types\/page"}],"author":[{"embeddable":true,"href":"https:\/\/www.lirapopular.cl\/lirapopularxix\/wp-json\/wp\/v2\/users\/1"}],"replies":[{"embeddable":true,"href":"https:\/\/www.lirapopular.cl\/lirapopularxix\/wp-json\/wp\/v2\/comments?post=1635"}],"version-history":[{"count":0,"href":"https:\/\/www.lirapopular.cl\/lirapopularxix\/wp-json\/wp\/v2\/pages\/1635\/revisions"}],"wp:attachment":[{"href":"https:\/\/www.lirapopular.cl\/lirapopularxix\/wp-json\/wp\/v2\/media?parent=1635"}],"curies":[{"name":"wp","href":"https:\/\/api.w.org\/{rel}","templated":true}]}}