{"id":16339,"date":"2021-02-19T17:08:36","date_gmt":"2021-02-19T21:08:36","guid":{"rendered":"https:\/\/www.lirapopular.cl\/lirapopularxix\/?page_id=16339"},"modified":"2021-02-19T17:08:36","modified_gmt":"2021-02-19T21:08:36","slug":"hundimiento-de-un-puente-caida-de-un-tren","status":"publish","type":"page","link":"https:\/\/www.lirapopular.cl\/lirapopularxix\/hundimiento-de-un-puente-caida-de-un-tren\/","title":{"rendered":"HUNDIMIENTO DE UN PUENTE <br>CAIDA DE UN TREN"},"content":{"rendered":"\n<div class=\"wp-block-image\"><figure class=\"alignright size-medium\"><a href=\"https:\/\/www.lirapopular.cl\/lirapopularxix\/wp-content\/uploads\/2021\/02\/Lira_154M.jpg\"><img loading=\"lazy\" decoding=\"async\" width=\"219\" height=\"300\" src=\"https:\/\/www.lirapopular.cl\/lirapopularxix\/wp-content\/uploads\/2021\/02\/Lira_154M-219x300.jpg\" alt=\"\" class=\"wp-image-16340\" srcset=\"https:\/\/www.lirapopular.cl\/lirapopularxix\/wp-content\/uploads\/2021\/02\/Lira_154M-219x300.jpg 219w, https:\/\/www.lirapopular.cl\/lirapopularxix\/wp-content\/uploads\/2021\/02\/Lira_154M.jpg 731w\" sizes=\"auto, (max-width: 219px) 100vw, 219px\" \/><\/a><figcaption>Colecci\u00f3n Lira Popular de la<br>Universidad de Chile<\/figcaption><\/figure><\/div>\n\n\n\n<p>Autor: Adolfo Reyes.<br>Impresor: Sin informaci\u00f3n<br>Tama\u00f1o: 53,2 x 37,2 cm<br>Clasificaci\u00f3n: 154 T135h Caja N\u00b07, BN C\u00f3digo: LO0012190<\/p>\n\n\n\n<ul class=\"wp-block-list\"><li><a href=\"https:\/\/www.lirapopular.cl\/lirapopularxix\/2021\/02\/19\/el-hundimiento-elpuente-mendozacaida-del-tren\/\">El hundimiento del puente Mendoza. Ca\u00edda de un tren<\/a><\/li><li><a href=\"https:\/\/www.lirapopular.cl\/lirapopularxix\/2021\/02\/19\/el-marido-que-matoa-la-mujer-por-veleidosa\/\">El marido que mat\u00f3 a la mujer por veleidosa.<\/a><\/li><li><a href=\"https:\/\/www.lirapopular.cl\/lirapopularxix\/2021\/02\/19\/percances-de-amor-2\/\">Percances de amor<\/a><\/li><li><a href=\"https:\/\/www.lirapopular.cl\/lirapopularxix\/2021\/02\/19\/versos-dedicados-a-lasninas-de-buin-i-maipo\/\">Versos dedicados a las ni\u00f1as de Buin y Maipo<\/a><\/li><li><a href=\"https:\/\/www.lirapopular.cl\/lirapopularxix\/2021\/02\/19\/el-rotito-payaso\/\">El rotito payaso<\/a><\/li><li><a href=\"https:\/\/www.lirapopular.cl\/lirapopularxix\/2021\/02\/19\/el-curita-enamado\/\">El curita enamado<\/a><\/li><\/ul>\n\n\n\n<p>Nota: El 1er ejemplar tiene escrito a mano con l\u00e1piz rojo &#8220;147\/154&#8221;.<br>El 2\u00ba ejemplar tiene escrito a mano con l\u00e1piz rojo &#8220;-22-&#8220;, con l\u00e1piz grafito &#8220;38&#8221; y con un timbre &#8220;-3304&#8221;. N\u00f3tese que este ejemplar tiene diferencias en el texto.<br>Documentos optimizados digitalmente.<\/p>\n\n\n\n<div class=\"wp-block-image\"><figure class=\"alignright size-medium\"><a href=\"https:\/\/www.lirapopular.cl\/lirapopularxix\/wp-content\/uploads\/2021\/03\/LO0012190.jpg\"><img loading=\"lazy\" decoding=\"async\" width=\"209\" height=\"300\" src=\"https:\/\/www.lirapopular.cl\/lirapopularxix\/wp-content\/uploads\/2021\/03\/LO0012190-209x300.jpg\" alt=\"\" class=\"wp-image-17590\" srcset=\"https:\/\/www.lirapopular.cl\/lirapopularxix\/wp-content\/uploads\/2021\/03\/LO0012190-209x300.jpg 209w, https:\/\/www.lirapopular.cl\/lirapopularxix\/wp-content\/uploads\/2021\/03\/LO0012190.jpg 696w\" sizes=\"auto, (max-width: 209px) 100vw, 209px\" \/><\/a><figcaption>Archivo de Literatura Oral<br>Fondo Rodolfo Lenz<\/figcaption><\/figure><\/div>\n","protected":false},"excerpt":{"rendered":"<p>Autor: Adolfo Reyes.Impresor: Sin informaci\u00f3nTama\u00f1o: 53,2 x 37,2 cmClasificaci\u00f3n: 154 T135h Caja N\u00b07, BN C\u00f3digo: LO0012190 El hundimiento del puente Mendoza. Ca\u00edda de un tren El marido que mat\u00f3 a la mujer por veleidosa. Percances de amor Versos dedicados a las ni\u00f1as de Buin y Maipo El rotito payaso El curita enamado Nota: El 1er [&hellip;]<\/p>\n","protected":false},"author":1,"featured_media":0,"parent":0,"menu_order":0,"comment_status":"closed","ping_status":"closed","template":"","meta":{"footnotes":""},"class_list":["post-16339","page","type-page","status-publish","hentry"],"jetpack_sharing_enabled":true,"_links":{"self":[{"href":"https:\/\/www.lirapopular.cl\/lirapopularxix\/wp-json\/wp\/v2\/pages\/16339","targetHints":{"allow":["GET"]}}],"collection":[{"href":"https:\/\/www.lirapopular.cl\/lirapopularxix\/wp-json\/wp\/v2\/pages"}],"about":[{"href":"https:\/\/www.lirapopular.cl\/lirapopularxix\/wp-json\/wp\/v2\/types\/page"}],"author":[{"embeddable":true,"href":"https:\/\/www.lirapopular.cl\/lirapopularxix\/wp-json\/wp\/v2\/users\/1"}],"replies":[{"embeddable":true,"href":"https:\/\/www.lirapopular.cl\/lirapopularxix\/wp-json\/wp\/v2\/comments?post=16339"}],"version-history":[{"count":0,"href":"https:\/\/www.lirapopular.cl\/lirapopularxix\/wp-json\/wp\/v2\/pages\/16339\/revisions"}],"wp:attachment":[{"href":"https:\/\/www.lirapopular.cl\/lirapopularxix\/wp-json\/wp\/v2\/media?parent=16339"}],"curies":[{"name":"wp","href":"https:\/\/api.w.org\/{rel}","templated":true}]}}