{"id":16303,"date":"2021-02-19T12:12:49","date_gmt":"2021-02-19T16:12:49","guid":{"rendered":"https:\/\/www.lirapopular.cl\/lirapopularxix\/?page_id=16303"},"modified":"2021-02-19T12:12:49","modified_gmt":"2021-02-19T16:12:49","slug":"la-nina-que-se-ahorco","status":"publish","type":"page","link":"https:\/\/www.lirapopular.cl\/lirapopularxix\/la-nina-que-se-ahorco\/","title":{"rendered":"LA NI\u00d1A QUE SE AHORC\u00d3<br>NUEVO I GRAN CONTRAPUNTO"},"content":{"rendered":"\n<div class=\"wp-block-image\"><figure class=\"alignright size-medium\"><a href=\"https:\/\/www.lirapopular.cl\/lirapopularxix\/wp-content\/uploads\/2021\/02\/Lira_152M.jpg\"><img loading=\"lazy\" decoding=\"async\" width=\"217\" height=\"300\" src=\"https:\/\/www.lirapopular.cl\/lirapopularxix\/wp-content\/uploads\/2021\/02\/Lira_152M-217x300.jpg\" alt=\"\" class=\"wp-image-16306\" srcset=\"https:\/\/www.lirapopular.cl\/lirapopularxix\/wp-content\/uploads\/2021\/02\/Lira_152M-217x300.jpg 217w, https:\/\/www.lirapopular.cl\/lirapopularxix\/wp-content\/uploads\/2021\/02\/Lira_152M.jpg 724w\" sizes=\"auto, (max-width: 217px) 100vw, 217px\" \/><\/a><figcaption>Colecci\u00f3n Lira Popular de la<br>Universidad de Chile<\/figcaption><\/figure><\/div>\n\n\n\n<p>Autor: Adolfo Reyes.<br>Impresor: 18,778.\u2014IMP. CERV.<br>Tama\u00f1o: 53,3 x 37,2 cm<br>Clasificaci\u00f3n: 152 T135n Caja N\u00b07<\/p>\n\n\n\n<ul class=\"wp-block-list\"><li><a href=\"https:\/\/www.lirapopular.cl\/lirapopularxix\/2021\/02\/19\/nuevo-i-gran-contrapuntode-un-chileno-con-un-cuyano\/\">Nuevo y gran contrapunto de un chileno con un cuyano<\/a><\/li><li><a href=\"https:\/\/www.lirapopular.cl\/lirapopularxix\/2021\/02\/19\/contestacion-del-cuyano\/\">Contestaci\u00f3n del cuyano<\/a><\/li><li><a href=\"https:\/\/www.lirapopular.cl\/lirapopularxix\/2021\/02\/19\/la-nina-que-se-ahorcoen-la-arjentinaporque-no-la-dejaron-casarse\/\">La ni\u00f1a que se ahorc\u00f3 en la Argentina porque no la dejaron casarse<\/a><\/li><li><a href=\"https:\/\/www.lirapopular.cl\/lirapopularxix\/2021\/02\/19\/cancion-liberal-reyista\/\">Canci\u00f3n liberal reyista<\/a><\/li><li><a href=\"https:\/\/www.lirapopular.cl\/lirapopularxix\/2021\/02\/19\/la-negrita-robada\/\">La negrita robada<\/a><\/li><li><a href=\"https:\/\/www.lirapopular.cl\/lirapopularxix\/2021\/02\/19\/la-borrachera\/\">La borrachera.<\/a><\/li><\/ul>\n\n\n\n<p>Nota: En el Archivo Central de la Universidad de Chile est\u00e1 mal clasificado, aparece como 151 T135n Caja N\u00b07<br>Documento optimizado digitalmente.<\/p>\n","protected":false},"excerpt":{"rendered":"<p>Autor: Adolfo Reyes.Impresor: 18,778.\u2014IMP. CERV.Tama\u00f1o: 53,3 x 37,2 cmClasificaci\u00f3n: 152 T135n Caja N\u00b07 Nuevo y gran contrapunto de un chileno con un cuyano Contestaci\u00f3n del cuyano La ni\u00f1a que se ahorc\u00f3 en la Argentina porque no la dejaron casarse Canci\u00f3n liberal reyista La negrita robada La borrachera. Nota: En el Archivo Central de la Universidad [&hellip;]<\/p>\n","protected":false},"author":1,"featured_media":0,"parent":0,"menu_order":0,"comment_status":"closed","ping_status":"closed","template":"","meta":{"footnotes":""},"class_list":["post-16303","page","type-page","status-publish","hentry"],"jetpack_sharing_enabled":true,"_links":{"self":[{"href":"https:\/\/www.lirapopular.cl\/lirapopularxix\/wp-json\/wp\/v2\/pages\/16303","targetHints":{"allow":["GET"]}}],"collection":[{"href":"https:\/\/www.lirapopular.cl\/lirapopularxix\/wp-json\/wp\/v2\/pages"}],"about":[{"href":"https:\/\/www.lirapopular.cl\/lirapopularxix\/wp-json\/wp\/v2\/types\/page"}],"author":[{"embeddable":true,"href":"https:\/\/www.lirapopular.cl\/lirapopularxix\/wp-json\/wp\/v2\/users\/1"}],"replies":[{"embeddable":true,"href":"https:\/\/www.lirapopular.cl\/lirapopularxix\/wp-json\/wp\/v2\/comments?post=16303"}],"version-history":[{"count":0,"href":"https:\/\/www.lirapopular.cl\/lirapopularxix\/wp-json\/wp\/v2\/pages\/16303\/revisions"}],"wp:attachment":[{"href":"https:\/\/www.lirapopular.cl\/lirapopularxix\/wp-json\/wp\/v2\/media?parent=16303"}],"curies":[{"name":"wp","href":"https:\/\/api.w.org\/{rel}","templated":true}]}}