{"id":16270,"date":"2021-02-18T17:31:29","date_gmt":"2021-02-18T21:31:29","guid":{"rendered":"https:\/\/www.lirapopular.cl\/lirapopularxix\/?page_id=16270"},"modified":"2021-02-18T17:31:29","modified_gmt":"2021-02-18T21:31:29","slug":"espantosa-trajedia-el-zapatero","status":"publish","type":"page","link":"https:\/\/www.lirapopular.cl\/lirapopularxix\/espantosa-trajedia-el-zapatero\/","title":{"rendered":"ESPANTOSA TRAJEDIA <br>El zapatero que se ahorc\u00f3 porque la mujer se le fu\u00e9 con otro <br>Paseo de Matta Perez en Iquique"},"content":{"rendered":"\n<div class=\"wp-block-image\"><figure class=\"alignright size-medium\"><a href=\"https:\/\/www.lirapopular.cl\/lirapopularxix\/wp-content\/uploads\/2021\/02\/Lira_150M.jpg\"><img loading=\"lazy\" decoding=\"async\" width=\"213\" height=\"300\" src=\"https:\/\/www.lirapopular.cl\/lirapopularxix\/wp-content\/uploads\/2021\/02\/Lira_150M-213x300.jpg\" alt=\"\" class=\"wp-image-16273\" srcset=\"https:\/\/www.lirapopular.cl\/lirapopularxix\/wp-content\/uploads\/2021\/02\/Lira_150M-213x300.jpg 213w, https:\/\/www.lirapopular.cl\/lirapopularxix\/wp-content\/uploads\/2021\/02\/Lira_150M-725x1024.jpg 725w, https:\/\/www.lirapopular.cl\/lirapopularxix\/wp-content\/uploads\/2021\/02\/Lira_150M-768x1084.jpg 768w, https:\/\/www.lirapopular.cl\/lirapopularxix\/wp-content\/uploads\/2021\/02\/Lira_150M-1088x1536.jpg 1088w, https:\/\/www.lirapopular.cl\/lirapopularxix\/wp-content\/uploads\/2021\/02\/Lira_150M-1451x2048.jpg 1451w, https:\/\/www.lirapopular.cl\/lirapopularxix\/wp-content\/uploads\/2021\/02\/Lira_150M.jpg 1771w\" sizes=\"auto, (max-width: 213px) 100vw, 213px\" \/><\/a><figcaption>Colecci\u00f3n Lira Popular de la<br>Universidad de Chile<\/figcaption><\/figure><\/div>\n\n\n\n<p>Autor: Adolfo Reyes, competidor de Meneses<br>Impresor: Sin informaci\u00f3n<br>Tama\u00f1o: 53,2 x 36,2 cm<br>Clasificaci\u00f3n: 150 R457e Caja N\u00b0 7<\/p>\n\n\n\n<ul class=\"wp-block-list\"><li><a href=\"https:\/\/www.lirapopular.cl\/lirapopularxix\/2021\/02\/19\/espantosa-trajedia-el-zapatero\/\">Espantosa tragedia. El zapatero que se ahorc\u00f3 porque la mujer se le fue con otro <\/a><\/li><li><a href=\"https:\/\/www.lirapopular.cl\/lirapopularxix\/2021\/02\/19\/brindis-del-borrachodentro-de-un-tonel\/\">Brindis del borracho dentro de un tonel<\/a><\/li><li><a href=\"https:\/\/www.lirapopular.cl\/lirapopularxix\/2021\/02\/19\/luis-matta-perez-paseandose\/\">Luis Matta P\u00e9rez pase\u00e1ndose con una ni\u00f1a en Iquique. Su probable captura<\/a><\/li><li><a href=\"https:\/\/www.lirapopular.cl\/lirapopularxix\/2021\/02\/19\/versosdedicados-a-las-ninasde-la-calera-y-los-nogales\/\">Versos dedicados a las ni\u00f1as de La Calera y Los Nogales<\/a><\/li><li><a href=\"https:\/\/www.lirapopular.cl\/lirapopularxix\/2021\/02\/19\/nuevas-amenazasde-los-cuyanos\/\">Nuevas amenazas de los cuyanos<\/a><\/li><li><a href=\"https:\/\/www.lirapopular.cl\/lirapopularxix\/2021\/02\/19\/versosde-puro-amor\/\">Versos de puro amor<\/a><\/li><li><a href=\"https:\/\/www.lirapopular.cl\/lirapopularxix\/2021\/02\/19\/tonadas-para-las-ninas\/\">Tonadas para las ni\u00f1as<\/a><\/li><li><a href=\"https:\/\/www.lirapopular.cl\/lirapopularxix\/2021\/02\/19\/otra-tonada\/\">Otra tonada<\/a><\/li><\/ul>\n\n\n\n<p>Nota: Este ejemplar tiene escrito a mano con l\u00e1piz rojo \u201c150\u201d.<br>Documento optimizado digitalmente.<\/p>\n","protected":false},"excerpt":{"rendered":"<p>Autor: Adolfo Reyes, competidor de MenesesImpresor: Sin informaci\u00f3nTama\u00f1o: 53,2 x 36,2 cmClasificaci\u00f3n: 150 R457e Caja N\u00b0 7 Espantosa tragedia. El zapatero que se ahorc\u00f3 porque la mujer se le fue con otro Brindis del borracho dentro de un tonel Luis Matta P\u00e9rez pase\u00e1ndose con una ni\u00f1a en Iquique. Su probable captura Versos dedicados a las [&hellip;]<\/p>\n","protected":false},"author":1,"featured_media":0,"parent":0,"menu_order":0,"comment_status":"closed","ping_status":"closed","template":"","meta":{"footnotes":""},"class_list":["post-16270","page","type-page","status-publish","hentry"],"jetpack_sharing_enabled":true,"_links":{"self":[{"href":"https:\/\/www.lirapopular.cl\/lirapopularxix\/wp-json\/wp\/v2\/pages\/16270","targetHints":{"allow":["GET"]}}],"collection":[{"href":"https:\/\/www.lirapopular.cl\/lirapopularxix\/wp-json\/wp\/v2\/pages"}],"about":[{"href":"https:\/\/www.lirapopular.cl\/lirapopularxix\/wp-json\/wp\/v2\/types\/page"}],"author":[{"embeddable":true,"href":"https:\/\/www.lirapopular.cl\/lirapopularxix\/wp-json\/wp\/v2\/users\/1"}],"replies":[{"embeddable":true,"href":"https:\/\/www.lirapopular.cl\/lirapopularxix\/wp-json\/wp\/v2\/comments?post=16270"}],"version-history":[{"count":0,"href":"https:\/\/www.lirapopular.cl\/lirapopularxix\/wp-json\/wp\/v2\/pages\/16270\/revisions"}],"wp:attachment":[{"href":"https:\/\/www.lirapopular.cl\/lirapopularxix\/wp-json\/wp\/v2\/media?parent=16270"}],"curies":[{"name":"wp","href":"https:\/\/api.w.org\/{rel}","templated":true}]}}