{"id":16232,"date":"2021-02-17T17:36:44","date_gmt":"2021-02-17T21:36:44","guid":{"rendered":"https:\/\/www.lirapopular.cl\/lirapopularxix\/?page_id=16232"},"modified":"2021-02-17T17:36:44","modified_gmt":"2021-02-17T21:36:44","slug":"el-gran-crimen-de-la-calle-fontecilla","status":"publish","type":"page","link":"https:\/\/www.lirapopular.cl\/lirapopularxix\/el-gran-crimen-de-la-calle-fontecilla\/","title":{"rendered":"El Gran Cr\u00edmen <br>DE LA Calle FONTECILLA <br>Las grandes carreras de Vi\u00f1a del Mar"},"content":{"rendered":"\n<div class=\"wp-block-image\"><figure class=\"alignright size-medium\"><a href=\"https:\/\/www.lirapopular.cl\/lirapopularxix\/wp-content\/uploads\/2021\/02\/Lira_149M.jpg\"><img loading=\"lazy\" decoding=\"async\" width=\"182\" height=\"300\" src=\"https:\/\/www.lirapopular.cl\/lirapopularxix\/wp-content\/uploads\/2021\/02\/Lira_149M-182x300.jpg\" alt=\"\" class=\"wp-image-16233\" srcset=\"https:\/\/www.lirapopular.cl\/lirapopularxix\/wp-content\/uploads\/2021\/02\/Lira_149M-182x300.jpg 182w, https:\/\/www.lirapopular.cl\/lirapopularxix\/wp-content\/uploads\/2021\/02\/Lira_149M.jpg 607w\" sizes=\"auto, (max-width: 182px) 100vw, 182px\" \/><\/a><figcaption>Colecci\u00f3n Lira Popular de la<br>Universidad de Chile<\/figcaption><\/figure><\/div>\n\n\n\n<p>Autores: Javier Jerez y Adolfo Reyes que trabajan en compa\u00f1\u00eda.<br>Impresor: Imp. Maturana 9-A<br>Tama\u00f1o: 76,5 x 47 cm<br>Clasificaci\u00f3n: 149 T135g Caja N\u00b07<\/p>\n\n\n\n<ul class=\"wp-block-list\"><li><a href=\"https:\/\/www.lirapopular.cl\/lirapopularxix\/2021\/02\/18\/el-envenenamientode-la-calle-fontecilla\/\">El envenenamiento de la calle Fontecilla. Muerte tr\u00e1gica de Sara Bell <\/a><\/li><li><a href=\"https:\/\/www.lirapopular.cl\/lirapopularxix\/2021\/02\/18\/la-mujer-que-se-ahorcopor-celos-con-el-marido\/\">La mujer que se ahorc\u00f3 por celos con el marido<\/a><\/li><li><a href=\"https:\/\/www.lirapopular.cl\/lirapopularxix\/2021\/02\/18\/las-carrerasde-vina-del-mar\/\">Las carreras de Vi\u00f1a del mar<\/a><\/li><li><a href=\"https:\/\/www.lirapopular.cl\/lirapopularxix\/2021\/02\/18\/las-remoliendasde-vina-del-mar\/\">Las remoliendas de Vi\u00f1a del Mar<\/a><\/li><li><a href=\"https:\/\/www.lirapopular.cl\/lirapopularxix\/2021\/02\/18\/versos-de-puroamor\/\">Versos de puro amor<\/a><\/li><li><a href=\"https:\/\/www.lirapopular.cl\/lirapopularxix\/2021\/02\/18\/ecos-de-amores\/\">[E]cos de amores<\/a><\/li><li><a href=\"https:\/\/www.lirapopular.cl\/lirapopularxix\/2021\/02\/18\/al-que-le-vengael-sayo\/\">Al que le venga el sayo<\/a><\/li><li><a href=\"https:\/\/www.lirapopular.cl\/lirapopularxix\/2021\/02\/18\/el-mes-de-las-animas-2\/\">El mes de las animas. Lamentos de las almas. Purgatorio<\/a><\/li><li><a href=\"https:\/\/www.lirapopular.cl\/lirapopularxix\/2021\/02\/18\/gran-contrapunto-2\/\">Gran contrapunto entre dos poetas de guitarr\u00f3n.<\/a><\/li><\/ul>\n\n\n\n<p>Nota: Este ejemplar tiene escrito a mano con l\u00e1piz grafito \u201c143\/149\u201d.<br>Documento optimizado digitalmente.<\/p>\n","protected":false},"excerpt":{"rendered":"<p>Autores: Javier Jerez y Adolfo Reyes que trabajan en compa\u00f1\u00eda.Impresor: Imp. Maturana 9-ATama\u00f1o: 76,5 x 47 cmClasificaci\u00f3n: 149 T135g Caja N\u00b07 El envenenamiento de la calle Fontecilla. Muerte tr\u00e1gica de Sara Bell La mujer que se ahorc\u00f3 por celos con el marido Las carreras de Vi\u00f1a del mar Las remoliendas de Vi\u00f1a del Mar Versos [&hellip;]<\/p>\n","protected":false},"author":1,"featured_media":0,"parent":0,"menu_order":0,"comment_status":"closed","ping_status":"closed","template":"","meta":{"footnotes":""},"class_list":["post-16232","page","type-page","status-publish","hentry"],"jetpack_sharing_enabled":true,"_links":{"self":[{"href":"https:\/\/www.lirapopular.cl\/lirapopularxix\/wp-json\/wp\/v2\/pages\/16232","targetHints":{"allow":["GET"]}}],"collection":[{"href":"https:\/\/www.lirapopular.cl\/lirapopularxix\/wp-json\/wp\/v2\/pages"}],"about":[{"href":"https:\/\/www.lirapopular.cl\/lirapopularxix\/wp-json\/wp\/v2\/types\/page"}],"author":[{"embeddable":true,"href":"https:\/\/www.lirapopular.cl\/lirapopularxix\/wp-json\/wp\/v2\/users\/1"}],"replies":[{"embeddable":true,"href":"https:\/\/www.lirapopular.cl\/lirapopularxix\/wp-json\/wp\/v2\/comments?post=16232"}],"version-history":[{"count":0,"href":"https:\/\/www.lirapopular.cl\/lirapopularxix\/wp-json\/wp\/v2\/pages\/16232\/revisions"}],"wp:attachment":[{"href":"https:\/\/www.lirapopular.cl\/lirapopularxix\/wp-json\/wp\/v2\/media?parent=16232"}],"curies":[{"name":"wp","href":"https:\/\/api.w.org\/{rel}","templated":true}]}}