{"id":16209,"date":"2021-02-17T10:28:58","date_gmt":"2021-02-17T14:28:58","guid":{"rendered":"https:\/\/www.lirapopular.cl\/lirapopularxix\/?page_id=16209"},"modified":"2021-02-17T10:28:58","modified_gmt":"2021-02-17T14:28:58","slug":"los-tres-ninitos-asesinados-por-hambre","status":"publish","type":"page","link":"https:\/\/www.lirapopular.cl\/lirapopularxix\/los-tres-ninitos-asesinados-por-hambre\/","title":{"rendered":"LOS TRES NI\u00d1ITOS <BR>ASESINADOS <BR>POR HAMBRE"},"content":{"rendered":"\n<div class=\"wp-block-image\"><figure class=\"alignright size-medium\"><a href=\"https:\/\/www.lirapopular.cl\/lirapopularxix\/wp-content\/uploads\/2021\/02\/Lira_148M.jpg\"><img loading=\"lazy\" decoding=\"async\" width=\"300\" height=\"220\" src=\"https:\/\/www.lirapopular.cl\/lirapopularxix\/wp-content\/uploads\/2021\/02\/Lira_148M-300x220.jpg\" alt=\"\" class=\"wp-image-16210\" srcset=\"https:\/\/www.lirapopular.cl\/lirapopularxix\/wp-content\/uploads\/2021\/02\/Lira_148M-300x220.jpg 300w, https:\/\/www.lirapopular.cl\/lirapopularxix\/wp-content\/uploads\/2021\/02\/Lira_148M-1024x750.jpg 1024w, https:\/\/www.lirapopular.cl\/lirapopularxix\/wp-content\/uploads\/2021\/02\/Lira_148M-768x562.jpg 768w, https:\/\/www.lirapopular.cl\/lirapopularxix\/wp-content\/uploads\/2021\/02\/Lira_148M-1536x1125.jpg 1536w, https:\/\/www.lirapopular.cl\/lirapopularxix\/wp-content\/uploads\/2021\/02\/Lira_148M-2048x1500.jpg 2048w\" sizes=\"auto, (max-width: 300px) 100vw, 300px\" \/><\/a><figcaption>Colecci\u00f3n Lira Popular de la<br>Universidad de Chile<\/figcaption><\/figure><\/div>\n\n\n\n<p>Autor: Adolfo Reyes.<br>Impresor: Sin informaci\u00f3n<br>Tama\u00f1o: 53 x 37,4 cm<br>Clasificaci\u00f3n: 148 T135t Caja N\u00b07, BN C\u00f3digo:\u00a0LO0012180<\/p>\n\n\n\n<ul class=\"wp-block-list\"><li><a href=\"https:\/\/www.lirapopular.cl\/lirapopularxix\/2021\/02\/17\/el-crimen-de-la-calle-maipu\/\">El crimen de la calle Maip\u00fa. Tres ni\u00f1itos asesinados por hambre<\/a><\/li><li><a href=\"https:\/\/www.lirapopular.cl\/lirapopularxix\/2021\/02\/17\/gran-alarmaen-chileanuncio-de-un-terremoto\/\">Gran alarma en Chile, anuncio de terremoto<\/a><\/li><li><a href=\"https:\/\/www.lirapopular.cl\/lirapopularxix\/2021\/02\/17\/la-hija-desobediente\/\">La hija desobediente que se la trag\u00f3 la tierra por maldici\u00f3n de la madre<\/a><\/li><li><a href=\"https:\/\/www.lirapopular.cl\/lirapopularxix\/2021\/02\/17\/asaltoal-poeta-reyes\/\">Asalto al poeta Reyes<\/a><\/li><li><a href=\"https:\/\/www.lirapopular.cl\/lirapopularxix\/2021\/02\/17\/cuecas-6\/\">Cuecas<\/a><\/li><li><a href=\"https:\/\/www.lirapopular.cl\/lirapopularxix\/2021\/02\/17\/tonada-3\/\">Tonada<\/a><\/li><\/ul>\n\n\n\n<div class=\"wp-block-image\"><figure class=\"alignright size-medium\"><a href=\"https:\/\/www.lirapopular.cl\/lirapopularxix\/wp-content\/uploads\/2021\/03\/LO0012180.jpg\"><img decoding=\"async\" src=\"https:\/\/www.lirapopular.cl\/lirapopularxix\/wp-content\/uploads\/2021\/03\/LO0012180-300x211.jpg\" alt=\"\" class=\"wp-image-17736\"\/><\/a><figcaption>Archivo de Literatura Oral<br>Fondo Rodolfo Lenz<\/figcaption><\/figure><\/div>\n\n\n\n<p>Nota: El 1er ejemplar tiene manuscrito en primer verso &#8220;Unico de Rolak en esta hoja\u201d.<br>El 2\u00ba ejemplar tiene escrito a mano con l\u00e1piz rojo \u201c-12\u201d y con un timbre &#8220;0283&#8221;.<br>Documentos optimizados digitalmente.<\/p>\n","protected":false},"excerpt":{"rendered":"<p>Autor: Adolfo Reyes.Impresor: Sin informaci\u00f3nTama\u00f1o: 53 x 37,4 cmClasificaci\u00f3n: 148 T135t Caja N\u00b07, BN C\u00f3digo:\u00a0LO0012180 El crimen de la calle Maip\u00fa. Tres ni\u00f1itos asesinados por hambre Gran alarma en Chile, anuncio de terremoto La hija desobediente que se la trag\u00f3 la tierra por maldici\u00f3n de la madre Asalto al poeta Reyes Cuecas Tonada Nota: El [&hellip;]<\/p>\n","protected":false},"author":1,"featured_media":0,"parent":0,"menu_order":0,"comment_status":"closed","ping_status":"closed","template":"","meta":{"footnotes":""},"class_list":["post-16209","page","type-page","status-publish","hentry"],"jetpack_sharing_enabled":true,"_links":{"self":[{"href":"https:\/\/www.lirapopular.cl\/lirapopularxix\/wp-json\/wp\/v2\/pages\/16209","targetHints":{"allow":["GET"]}}],"collection":[{"href":"https:\/\/www.lirapopular.cl\/lirapopularxix\/wp-json\/wp\/v2\/pages"}],"about":[{"href":"https:\/\/www.lirapopular.cl\/lirapopularxix\/wp-json\/wp\/v2\/types\/page"}],"author":[{"embeddable":true,"href":"https:\/\/www.lirapopular.cl\/lirapopularxix\/wp-json\/wp\/v2\/users\/1"}],"replies":[{"embeddable":true,"href":"https:\/\/www.lirapopular.cl\/lirapopularxix\/wp-json\/wp\/v2\/comments?post=16209"}],"version-history":[{"count":0,"href":"https:\/\/www.lirapopular.cl\/lirapopularxix\/wp-json\/wp\/v2\/pages\/16209\/revisions"}],"wp:attachment":[{"href":"https:\/\/www.lirapopular.cl\/lirapopularxix\/wp-json\/wp\/v2\/media?parent=16209"}],"curies":[{"name":"wp","href":"https:\/\/api.w.org\/{rel}","templated":true}]}}