{"id":16192,"date":"2021-02-16T19:07:11","date_gmt":"2021-02-16T23:07:11","guid":{"rendered":"https:\/\/www.lirapopular.cl\/lirapopularxix\/?page_id=16192"},"modified":"2021-02-16T19:07:11","modified_gmt":"2021-02-16T23:07:11","slug":"las-tres-ninas-robadas","status":"publish","type":"page","link":"https:\/\/www.lirapopular.cl\/lirapopularxix\/las-tres-ninas-robadas\/","title":{"rendered":"LAS TRES NI\u00d1AS <br>ROBADAS I AHORCADAS <br>POR SIETE BANDIDOS"},"content":{"rendered":"\n<div class=\"wp-block-image\"><figure class=\"alignright size-medium\"><a href=\"https:\/\/www.lirapopular.cl\/lirapopularxix\/wp-content\/uploads\/2021\/02\/Lira_147M.jpg\"><img loading=\"lazy\" decoding=\"async\" width=\"300\" height=\"219\" src=\"https:\/\/www.lirapopular.cl\/lirapopularxix\/wp-content\/uploads\/2021\/02\/Lira_147M-300x219.jpg\" alt=\"\" class=\"wp-image-16193\" srcset=\"https:\/\/www.lirapopular.cl\/lirapopularxix\/wp-content\/uploads\/2021\/02\/Lira_147M-300x219.jpg 300w, https:\/\/www.lirapopular.cl\/lirapopularxix\/wp-content\/uploads\/2021\/02\/Lira_147M-768x561.jpg 768w, https:\/\/www.lirapopular.cl\/lirapopularxix\/wp-content\/uploads\/2021\/02\/Lira_147M.jpg 1000w\" sizes=\"auto, (max-width: 300px) 100vw, 300px\" \/><\/a><figcaption>Colecci\u00f3n Lira Popular de la<br>Universidad de Chile<\/figcaption><\/figure><\/div>\n\n\n\n<p>Autor: Adolfo Reyes.<br>Impresor: Sin informaci\u00f3n<br>Tama\u00f1o: 53,1 x 37,3 cm<br>Clasificaci\u00f3n: 147 T135t Caja N\u00b07, BN C\u00f3digo:&nbsp;LO0012202<\/p>\n\n\n\n<ul class=\"wp-block-list\"><li><a href=\"https:\/\/www.lirapopular.cl\/lirapopularxix\/2021\/02\/17\/las-tres-ninasrobadas-i-ahorcadaspor-siete-bandidos\/\">Las tres ni\u00f1as robadas y ahorcadas por siete bandidos<\/a><\/li><li><a href=\"https:\/\/www.lirapopular.cl\/lirapopularxix\/2021\/02\/17\/el-horroroso-salteoen-lo-miranda\/\">El horroroso salteo en Lo Miranda<\/a><\/li><li><a href=\"https:\/\/www.lirapopular.cl\/lirapopularxix\/2021\/02\/17\/versos-de-amora-rosa\/\">Versos de amor a \u00abRosa\u00bb<\/a><\/li><li><a href=\"https:\/\/www.lirapopular.cl\/lirapopularxix\/2021\/02\/17\/verso-de-amor-7\/\">Versos de amor.<\/a><\/li><\/ul>\n\n\n\n<p>Nota: El 2\u00ba ejemplar tiene escrito a mano con l\u00e1piz azul \u201c-34-\u201d, con l\u00e1piz rojo \u201c-18-\u201d, con l\u00e1piz grafito &#8220;20&#8221; y con un timbre borroso \u201c0 86\u201d.<br>Documentos optimizados digitalmente.<\/p>\n\n\n\n<div class=\"wp-block-image\"><figure class=\"alignright size-medium\"><a href=\"https:\/\/www.lirapopular.cl\/lirapopularxix\/wp-content\/uploads\/2021\/03\/LO0012202.jpg\"><img loading=\"lazy\" decoding=\"async\" width=\"300\" height=\"202\" src=\"https:\/\/www.lirapopular.cl\/lirapopularxix\/wp-content\/uploads\/2021\/03\/LO0012202-300x202.jpg\" alt=\"\" class=\"wp-image-17697\" srcset=\"https:\/\/www.lirapopular.cl\/lirapopularxix\/wp-content\/uploads\/2021\/03\/LO0012202-300x202.jpg 300w, https:\/\/www.lirapopular.cl\/lirapopularxix\/wp-content\/uploads\/2021\/03\/LO0012202-768x518.jpg 768w, https:\/\/www.lirapopular.cl\/lirapopularxix\/wp-content\/uploads\/2021\/03\/LO0012202.jpg 1000w\" sizes=\"auto, (max-width: 300px) 100vw, 300px\" \/><\/a><figcaption>Archivo de Literatura Oral<br>Fondo Rodolfo Lenz<\/figcaption><\/figure><\/div>\n","protected":false},"excerpt":{"rendered":"<p>Autor: Adolfo Reyes.Impresor: Sin informaci\u00f3nTama\u00f1o: 53,1 x 37,3 cmClasificaci\u00f3n: 147 T135t Caja N\u00b07, BN C\u00f3digo:&nbsp;LO0012202 Las tres ni\u00f1as robadas y ahorcadas por siete bandidos El horroroso salteo en Lo Miranda Versos de amor a \u00abRosa\u00bb Versos de amor. Nota: El 2\u00ba ejemplar tiene escrito a mano con l\u00e1piz azul \u201c-34-\u201d, con l\u00e1piz rojo \u201c-18-\u201d, con [&hellip;]<\/p>\n","protected":false},"author":1,"featured_media":0,"parent":0,"menu_order":0,"comment_status":"closed","ping_status":"closed","template":"","meta":{"footnotes":""},"class_list":["post-16192","page","type-page","status-publish","hentry"],"jetpack_sharing_enabled":true,"_links":{"self":[{"href":"https:\/\/www.lirapopular.cl\/lirapopularxix\/wp-json\/wp\/v2\/pages\/16192","targetHints":{"allow":["GET"]}}],"collection":[{"href":"https:\/\/www.lirapopular.cl\/lirapopularxix\/wp-json\/wp\/v2\/pages"}],"about":[{"href":"https:\/\/www.lirapopular.cl\/lirapopularxix\/wp-json\/wp\/v2\/types\/page"}],"author":[{"embeddable":true,"href":"https:\/\/www.lirapopular.cl\/lirapopularxix\/wp-json\/wp\/v2\/users\/1"}],"replies":[{"embeddable":true,"href":"https:\/\/www.lirapopular.cl\/lirapopularxix\/wp-json\/wp\/v2\/comments?post=16192"}],"version-history":[{"count":0,"href":"https:\/\/www.lirapopular.cl\/lirapopularxix\/wp-json\/wp\/v2\/pages\/16192\/revisions"}],"wp:attachment":[{"href":"https:\/\/www.lirapopular.cl\/lirapopularxix\/wp-json\/wp\/v2\/media?parent=16192"}],"curies":[{"name":"wp","href":"https:\/\/api.w.org\/{rel}","templated":true}]}}