{"id":16153,"date":"2021-02-16T17:32:16","date_gmt":"2021-02-16T21:32:16","guid":{"rendered":"https:\/\/www.lirapopular.cl\/lirapopularxix\/?page_id=16153"},"modified":"2021-02-16T17:32:16","modified_gmt":"2021-02-16T21:32:16","slug":"horrorosa-trajedia-un-italiano","status":"publish","type":"page","link":"https:\/\/www.lirapopular.cl\/lirapopularxix\/horrorosa-trajedia-un-italiano\/","title":{"rendered":"HORROROSA TRAJEDIA <br>Un Italiano ultima al SUEGRO a balazos en VICTORIA"},"content":{"rendered":"\n<div class=\"wp-block-image\"><figure class=\"alignright size-medium\"><a href=\"https:\/\/www.lirapopular.cl\/lirapopularxix\/wp-content\/uploads\/2021\/02\/Lira_145M.jpg\"><img loading=\"lazy\" decoding=\"async\" width=\"219\" height=\"300\" src=\"https:\/\/www.lirapopular.cl\/lirapopularxix\/wp-content\/uploads\/2021\/02\/Lira_145M-219x300.jpg\" alt=\"\" class=\"wp-image-16154\" srcset=\"https:\/\/www.lirapopular.cl\/lirapopularxix\/wp-content\/uploads\/2021\/02\/Lira_145M-219x300.jpg 219w, https:\/\/www.lirapopular.cl\/lirapopularxix\/wp-content\/uploads\/2021\/02\/Lira_145M.jpg 729w\" sizes=\"auto, (max-width: 219px) 100vw, 219px\" \/><\/a><figcaption>Colecci\u00f3n Lira Popular de la<br>Universidad de Chile<\/figcaption><\/figure><\/div>\n\n\n\n<p>Autor: Adolfo Reyes.<br>Impresor: Imp. y Librer\u00eda Ercilla, Bandera, 21-k<br>Tama\u00f1o: 53,1 x 37,2 cm<br>Clasificaci\u00f3n: 145 T135h Caja N\u00b07<\/p>\n\n\n\n<ul class=\"wp-block-list\"><li><a href=\"https:\/\/www.lirapopular.cl\/lirapopularxix\/2021\/02\/16\/horrorosa-trajedia-un-italiano\/\">Horrorosa tragedia un italiano ultima al suegro a balazos en Victoria<\/a><\/li><li><a href=\"https:\/\/www.lirapopular.cl\/lirapopularxix\/2021\/02\/16\/el-zapatero-que-matoa-la-mujer-a-martillazos\/\">El zapatero que mat\u00f3 a la mujer a martillazos<\/a><\/li><li><a href=\"https:\/\/www.lirapopular.cl\/lirapopularxix\/2021\/02\/16\/el-coipo-i-la-rana\/\">El coipo y la rana<\/a><\/li><li><a href=\"https:\/\/www.lirapopular.cl\/lirapopularxix\/2021\/02\/16\/tiro-dirijido-a-tres-colegaspopulares\/\">Tiro dirigido a tres colegas populares<\/a><\/li><li><a href=\"https:\/\/www.lirapopular.cl\/lirapopularxix\/2021\/02\/16\/la-baja-del-cambioi-la-carestia-en-chile\/\">La baja del cambio y la carest\u00eda en Chile<\/a><\/li><li><a href=\"https:\/\/www.lirapopular.cl\/lirapopularxix\/2021\/02\/16\/cantares-12\/\">Cantares<\/a><\/li><\/ul>\n\n\n\n<p>Nota: Este ejemplar tiene escrito a mano con l\u00e1piz grafito \u201c139\/145\u201d.<br>Documento optimizado digitalmente.<\/p>\n","protected":false},"excerpt":{"rendered":"<p>Autor: Adolfo Reyes.Impresor: Imp. y Librer\u00eda Ercilla, Bandera, 21-kTama\u00f1o: 53,1 x 37,2 cmClasificaci\u00f3n: 145 T135h Caja N\u00b07 Horrorosa tragedia un italiano ultima al suegro a balazos en Victoria El zapatero que mat\u00f3 a la mujer a martillazos El coipo y la rana Tiro dirigido a tres colegas populares La baja del cambio y la carest\u00eda [&hellip;]<\/p>\n","protected":false},"author":1,"featured_media":0,"parent":0,"menu_order":0,"comment_status":"closed","ping_status":"closed","template":"","meta":{"footnotes":""},"class_list":["post-16153","page","type-page","status-publish","hentry"],"jetpack_sharing_enabled":true,"_links":{"self":[{"href":"https:\/\/www.lirapopular.cl\/lirapopularxix\/wp-json\/wp\/v2\/pages\/16153","targetHints":{"allow":["GET"]}}],"collection":[{"href":"https:\/\/www.lirapopular.cl\/lirapopularxix\/wp-json\/wp\/v2\/pages"}],"about":[{"href":"https:\/\/www.lirapopular.cl\/lirapopularxix\/wp-json\/wp\/v2\/types\/page"}],"author":[{"embeddable":true,"href":"https:\/\/www.lirapopular.cl\/lirapopularxix\/wp-json\/wp\/v2\/users\/1"}],"replies":[{"embeddable":true,"href":"https:\/\/www.lirapopular.cl\/lirapopularxix\/wp-json\/wp\/v2\/comments?post=16153"}],"version-history":[{"count":0,"href":"https:\/\/www.lirapopular.cl\/lirapopularxix\/wp-json\/wp\/v2\/pages\/16153\/revisions"}],"wp:attachment":[{"href":"https:\/\/www.lirapopular.cl\/lirapopularxix\/wp-json\/wp\/v2\/media?parent=16153"}],"curies":[{"name":"wp","href":"https:\/\/api.w.org\/{rel}","templated":true}]}}