{"id":16132,"date":"2021-02-15T18:08:50","date_gmt":"2021-02-15T22:08:50","guid":{"rendered":"https:\/\/www.lirapopular.cl\/lirapopularxix\/?page_id=16132"},"modified":"2021-02-15T18:08:50","modified_gmt":"2021-02-15T22:08:50","slug":"los-bandidos-que-quemaron","status":"publish","type":"page","link":"https:\/\/www.lirapopular.cl\/lirapopularxix\/los-bandidos-que-quemaron\/","title":{"rendered":"Los bandidos <br>que quemaron los pechos <br>a una mujer"},"content":{"rendered":"\n<div class=\"wp-block-image\"><figure class=\"alignright size-medium\"><a href=\"https:\/\/www.lirapopular.cl\/lirapopularxix\/wp-content\/uploads\/2021\/02\/Lira_144M.jpg\"><img loading=\"lazy\" decoding=\"async\" width=\"300\" height=\"217\" src=\"https:\/\/www.lirapopular.cl\/lirapopularxix\/wp-content\/uploads\/2021\/02\/Lira_144M-300x217.jpg\" alt=\"\" class=\"wp-image-16133\" srcset=\"https:\/\/www.lirapopular.cl\/lirapopularxix\/wp-content\/uploads\/2021\/02\/Lira_144M-300x217.jpg 300w, https:\/\/www.lirapopular.cl\/lirapopularxix\/wp-content\/uploads\/2021\/02\/Lira_144M-768x555.jpg 768w, https:\/\/www.lirapopular.cl\/lirapopularxix\/wp-content\/uploads\/2021\/02\/Lira_144M.jpg 1000w\" sizes=\"auto, (max-width: 300px) 100vw, 300px\" \/><\/a><figcaption>Colecci\u00f3n Lira Popular de la<br>Universidad de Chile<\/figcaption><\/figure><\/div>\n\n\n\n<p>Autor: Adolfo Reyes.<br>Impresor: Sin informaci\u00f3n<br>Tama\u00f1o: 53 x 37,3 cm<br>Clasificaci\u00f3n: 144 T153b Caja N\u00b07, BN C\u00f3digo:&nbsp;LO0012200<\/p>\n\n\n\n<ul class=\"wp-block-list\"><li><a href=\"https:\/\/www.lirapopular.cl\/lirapopularxix\/2021\/02\/16\/los-bandidosque-quemaron-los-pechosa-una-mujer\/\">Los bandidos que quemaron los pechos a una mujer<\/a><\/li><li><a href=\"https:\/\/www.lirapopular.cl\/lirapopularxix\/2021\/02\/16\/el-padreque-violo-a-su-hija\/\">El padre que viol\u00f3 a su hija<\/a><\/li><li><a href=\"https:\/\/www.lirapopular.cl\/lirapopularxix\/2021\/02\/16\/codigo-de-amor\/\">C\u00f3digo de amor<\/a><\/li><li><a href=\"https:\/\/www.lirapopular.cl\/lirapopularxix\/2021\/02\/16\/queja-del-ruisenor\/\">Queja del ruise\u00f1or<\/a><\/li><li><a href=\"https:\/\/www.lirapopular.cl\/lirapopularxix\/2021\/02\/16\/cantaresdesengano\/\">Cantares. Desenga\u00f1o<\/a><\/li><li><a href=\"https:\/\/www.lirapopular.cl\/lirapopularxix\/2021\/02\/16\/el-jardinero-de-amor-3\/\">El jardinero de amor.<\/a><\/li><\/ul>\n\n\n\n<div class=\"wp-block-image\"><figure class=\"alignright size-medium\"><a href=\"https:\/\/www.lirapopular.cl\/lirapopularxix\/wp-content\/uploads\/2021\/03\/LO0012200.jpg\"><img loading=\"lazy\" decoding=\"async\" width=\"300\" height=\"207\" src=\"https:\/\/www.lirapopular.cl\/lirapopularxix\/wp-content\/uploads\/2021\/03\/LO0012200-300x207.jpg\" alt=\"\" class=\"wp-image-17708\" srcset=\"https:\/\/www.lirapopular.cl\/lirapopularxix\/wp-content\/uploads\/2021\/03\/LO0012200-300x207.jpg 300w, https:\/\/www.lirapopular.cl\/lirapopularxix\/wp-content\/uploads\/2021\/03\/LO0012200-768x530.jpg 768w, https:\/\/www.lirapopular.cl\/lirapopularxix\/wp-content\/uploads\/2021\/03\/LO0012200.jpg 1000w\" sizes=\"auto, (max-width: 300px) 100vw, 300px\" \/><\/a><figcaption>Archivo de Literatura Oral<br>Fondo Rodolfo Lenz<\/figcaption><\/figure><\/div>\n\n\n\n<p>Nota: El 1er ejemplar tiene textos manuscritos en dos versos: &#8220;del poeta peruano&#8221; y &#8220;del peruano&#8221;.<br>El 2\u00ba ejemplar tiene escrito a mano con l\u00e1piz azul \u201c8.II.95\u201d, &#8220;-32&#8221;, &#8220;-9-&#8220;, con l\u00e1piz grafito &#8220;12&#8221; y con un timbre &#8220;0278&#8221;.<br>Documento fechado: \u201c8.II.95\u201d<br>Documentos optimizados digitalmente.<\/p>\n","protected":false},"excerpt":{"rendered":"<p>Autor: Adolfo Reyes.Impresor: Sin informaci\u00f3nTama\u00f1o: 53 x 37,3 cmClasificaci\u00f3n: 144 T153b Caja N\u00b07, BN C\u00f3digo:&nbsp;LO0012200 Los bandidos que quemaron los pechos a una mujer El padre que viol\u00f3 a su hija C\u00f3digo de amor Queja del ruise\u00f1or Cantares. Desenga\u00f1o El jardinero de amor. Nota: El 1er ejemplar tiene textos manuscritos en dos versos: &#8220;del poeta [&hellip;]<\/p>\n","protected":false},"author":1,"featured_media":0,"parent":0,"menu_order":0,"comment_status":"closed","ping_status":"closed","template":"","meta":{"footnotes":""},"class_list":["post-16132","page","type-page","status-publish","hentry"],"jetpack_sharing_enabled":true,"_links":{"self":[{"href":"https:\/\/www.lirapopular.cl\/lirapopularxix\/wp-json\/wp\/v2\/pages\/16132","targetHints":{"allow":["GET"]}}],"collection":[{"href":"https:\/\/www.lirapopular.cl\/lirapopularxix\/wp-json\/wp\/v2\/pages"}],"about":[{"href":"https:\/\/www.lirapopular.cl\/lirapopularxix\/wp-json\/wp\/v2\/types\/page"}],"author":[{"embeddable":true,"href":"https:\/\/www.lirapopular.cl\/lirapopularxix\/wp-json\/wp\/v2\/users\/1"}],"replies":[{"embeddable":true,"href":"https:\/\/www.lirapopular.cl\/lirapopularxix\/wp-json\/wp\/v2\/comments?post=16132"}],"version-history":[{"count":0,"href":"https:\/\/www.lirapopular.cl\/lirapopularxix\/wp-json\/wp\/v2\/pages\/16132\/revisions"}],"wp:attachment":[{"href":"https:\/\/www.lirapopular.cl\/lirapopularxix\/wp-json\/wp\/v2\/media?parent=16132"}],"curies":[{"name":"wp","href":"https:\/\/api.w.org\/{rel}","templated":true}]}}