{"id":16114,"date":"2021-02-15T17:22:30","date_gmt":"2021-02-15T21:22:30","guid":{"rendered":"https:\/\/www.lirapopular.cl\/lirapopularxix\/?page_id=16114"},"modified":"2021-02-15T17:22:30","modified_gmt":"2021-02-15T21:22:30","slug":"la-pascuay-el-ano-nuevo","status":"publish","type":"page","link":"https:\/\/www.lirapopular.cl\/lirapopularxix\/la-pascuay-el-ano-nuevo\/","title":{"rendered":"LA PASCUA<BR>Y EL A\u00d1O NUEVO"},"content":{"rendered":"\n<div class=\"wp-block-image\"><figure class=\"alignright size-medium\"><a href=\"https:\/\/www.lirapopular.cl\/lirapopularxix\/wp-content\/uploads\/2021\/02\/Lira_143M.jpg\"><img loading=\"lazy\" decoding=\"async\" width=\"300\" height=\"218\" src=\"https:\/\/www.lirapopular.cl\/lirapopularxix\/wp-content\/uploads\/2021\/02\/Lira_143M-300x218.jpg\" alt=\"\" class=\"wp-image-16115\" srcset=\"https:\/\/www.lirapopular.cl\/lirapopularxix\/wp-content\/uploads\/2021\/02\/Lira_143M-300x218.jpg 300w, https:\/\/www.lirapopular.cl\/lirapopularxix\/wp-content\/uploads\/2021\/02\/Lira_143M-768x559.jpg 768w, https:\/\/www.lirapopular.cl\/lirapopularxix\/wp-content\/uploads\/2021\/02\/Lira_143M.jpg 1000w\" sizes=\"auto, (max-width: 300px) 100vw, 300px\" \/><\/a><figcaption>Colecci\u00f3n Lira Popular de la<br>Universidad de Chile<\/figcaption><\/figure><\/div>\n\n\n\n<p>Autor: Adolfo Reyes.<br>Impresor: Sin informaci\u00f3n<br>Tama\u00f1o: 53 x 37,2 cm<br>Clasificaci\u00f3n: 143 T153p Caja N\u00b07, BN C\u00f3digo:&nbsp;LO0012191<\/p>\n\n\n\n<ul class=\"wp-block-list\"><li><a href=\"https:\/\/www.lirapopular.cl\/lirapopularxix\/2021\/02\/15\/la-pascua\/\">La Pascua<\/a><\/li><li><a href=\"https:\/\/www.lirapopular.cl\/lirapopularxix\/2021\/02\/15\/las-conductoras-santiaguinas\/\">Las conductoras santiaguinas<\/a><\/li><li><a href=\"https:\/\/www.lirapopular.cl\/lirapopularxix\/2021\/02\/15\/cuecas-5\/\">Cuecas<\/a><\/li><li><a href=\"https:\/\/www.lirapopular.cl\/lirapopularxix\/2021\/02\/15\/los-cuatrodestinos-mios\/\">Los cuatro destinos m\u00edos<\/a><\/li><li><a href=\"https:\/\/www.lirapopular.cl\/lirapopularxix\/2021\/02\/15\/los-que-pagarontributo\/\">Los que pagaron tributo<\/a><\/li><li><a href=\"https:\/\/www.lirapopular.cl\/lirapopularxix\/2021\/02\/15\/la-mentira-comun\/\">La mentira com\u00fan<\/a><\/li><\/ul>\n\n\n\n<div class=\"wp-block-image\"><figure class=\"alignright size-medium\"><a href=\"https:\/\/www.lirapopular.cl\/lirapopularxix\/wp-content\/uploads\/2021\/03\/LO0012191.jpg\"><img loading=\"lazy\" decoding=\"async\" width=\"300\" height=\"213\" src=\"https:\/\/www.lirapopular.cl\/lirapopularxix\/wp-content\/uploads\/2021\/03\/LO0012191-300x213.jpg\" alt=\"\" class=\"wp-image-17647\" srcset=\"https:\/\/www.lirapopular.cl\/lirapopularxix\/wp-content\/uploads\/2021\/03\/LO0012191-300x213.jpg 300w, https:\/\/www.lirapopular.cl\/lirapopularxix\/wp-content\/uploads\/2021\/03\/LO0012191-768x545.jpg 768w, https:\/\/www.lirapopular.cl\/lirapopularxix\/wp-content\/uploads\/2021\/03\/LO0012191.jpg 1000w\" sizes=\"auto, (max-width: 300px) 100vw, 300px\" \/><\/a><figcaption>Archivo de Literatura Oral<br>Fondo Rodolfo Lenz<\/figcaption><\/figure><\/div>\n\n\n\n<p>Nota: El 2\u00ba ejemplar tiene escrito a mano con plum\u00f3n \u201c23\u201d y con un timbre &#8220;0379&#8221;.<br>El lado izquierdo de este documento fue reutilizado y publicado por Nicasio Serrano (Boldo a Boldo) <a href=\"https:\/\/www.lirapopular.cl\/lirapopularxix\/la-pascuay-el-ano-nuevo-2\/\">ver<\/a>.<br>Documentos optimizados digitalmente.<\/p>\n","protected":false},"excerpt":{"rendered":"<p>Autor: Adolfo Reyes.Impresor: Sin informaci\u00f3nTama\u00f1o: 53 x 37,2 cmClasificaci\u00f3n: 143 T153p Caja N\u00b07, BN C\u00f3digo:&nbsp;LO0012191 La Pascua Las conductoras santiaguinas Cuecas Los cuatro destinos m\u00edos Los que pagaron tributo La mentira com\u00fan Nota: El 2\u00ba ejemplar tiene escrito a mano con plum\u00f3n \u201c23\u201d y con un timbre &#8220;0379&#8221;.El lado izquierdo de este documento fue reutilizado [&hellip;]<\/p>\n","protected":false},"author":1,"featured_media":0,"parent":0,"menu_order":0,"comment_status":"closed","ping_status":"closed","template":"","meta":{"footnotes":""},"class_list":["post-16114","page","type-page","status-publish","hentry"],"jetpack_sharing_enabled":true,"_links":{"self":[{"href":"https:\/\/www.lirapopular.cl\/lirapopularxix\/wp-json\/wp\/v2\/pages\/16114","targetHints":{"allow":["GET"]}}],"collection":[{"href":"https:\/\/www.lirapopular.cl\/lirapopularxix\/wp-json\/wp\/v2\/pages"}],"about":[{"href":"https:\/\/www.lirapopular.cl\/lirapopularxix\/wp-json\/wp\/v2\/types\/page"}],"author":[{"embeddable":true,"href":"https:\/\/www.lirapopular.cl\/lirapopularxix\/wp-json\/wp\/v2\/users\/1"}],"replies":[{"embeddable":true,"href":"https:\/\/www.lirapopular.cl\/lirapopularxix\/wp-json\/wp\/v2\/comments?post=16114"}],"version-history":[{"count":0,"href":"https:\/\/www.lirapopular.cl\/lirapopularxix\/wp-json\/wp\/v2\/pages\/16114\/revisions"}],"wp:attachment":[{"href":"https:\/\/www.lirapopular.cl\/lirapopularxix\/wp-json\/wp\/v2\/media?parent=16114"}],"curies":[{"name":"wp","href":"https:\/\/api.w.org\/{rel}","templated":true}]}}