{"id":16070,"date":"2021-02-13T12:18:34","date_gmt":"2021-02-13T16:18:34","guid":{"rendered":"https:\/\/www.lirapopular.cl\/lirapopularxix\/?page_id=16070"},"modified":"2021-02-13T12:18:34","modified_gmt":"2021-02-13T16:18:34","slug":"el-reo-jose-d-briceno","status":"publish","type":"page","link":"https:\/\/www.lirapopular.cl\/lirapopularxix\/el-reo-jose-d-briceno\/","title":{"rendered":"EL REO JOS\u00c9 D. BRICE\u00d1O <br>PUESTO EN CAPILLA <br>y sus \u00faltimas palabras"},"content":{"rendered":"\n<div class=\"wp-block-image\"><figure class=\"alignright size-medium\"><a href=\"https:\/\/www.lirapopular.cl\/lirapopularxix\/wp-content\/uploads\/2021\/02\/Lira_140M.jpg\"><img loading=\"lazy\" decoding=\"async\" width=\"221\" height=\"300\" src=\"https:\/\/www.lirapopular.cl\/lirapopularxix\/wp-content\/uploads\/2021\/02\/Lira_140M-221x300.jpg\" alt=\"\" class=\"wp-image-16071\" srcset=\"https:\/\/www.lirapopular.cl\/lirapopularxix\/wp-content\/uploads\/2021\/02\/Lira_140M-221x300.jpg 221w, https:\/\/www.lirapopular.cl\/lirapopularxix\/wp-content\/uploads\/2021\/02\/Lira_140M.jpg 737w\" sizes=\"auto, (max-width: 221px) 100vw, 221px\" \/><\/a><figcaption>Colecci\u00f3n Lira Popular de la<br>Universidad de Chile<\/figcaption><\/figure><\/div>\n\n\n\n<p>Autor: Adolfo Reyes.<br>Impresor: Imp. i Libreria Ercilla, Bandera, 21.<br>Tama\u00f1o: 53,2x 37,8 cm<br>Clasificaci\u00f3n: 140 T153r Caja N\u00b07<\/p>\n\n\n\n<ul class=\"wp-block-list\"><li><a href=\"https:\/\/www.lirapopular.cl\/lirapopularxix\/2021\/02\/13\/el-reo-briceno-puesto-encapilla\/\">El reo Jos\u00e9 D. Brice\u00f1o puesto en capilla<\/a><\/li><li><a href=\"https:\/\/www.lirapopular.cl\/lirapopularxix\/2021\/02\/13\/solicitudes-de-indultoal-reo-briceno\/\">Solicitudes de indulto<\/a><\/li><li><a href=\"https:\/\/www.lirapopular.cl\/lirapopularxix\/2021\/02\/13\/la-fuga-de-blanlot-holley\/\">La fuga de Blanlot Holley<\/a><\/li><li><a href=\"https:\/\/www.lirapopular.cl\/lirapopularxix\/2021\/02\/13\/contestacion-a-meneces\/\">Contestaci\u00f3n a Meneses<\/a><\/li><li><a href=\"https:\/\/www.lirapopular.cl\/lirapopularxix\/2021\/02\/13\/contrarresto-9\/\">Contrarresto<\/a><\/li><li><a href=\"https:\/\/www.lirapopular.cl\/lirapopularxix\/2021\/02\/13\/brindis-de-los-hojeros\/\">Brindis de los hojeros.<\/a><\/li><\/ul>\n\n\n\n<p>Nota: Este ejemplar tiene escrito a mano con l\u00e1piz grafito \u201c134\/140\u201d.<br>Se trasluce texto manuscrito en el reverso.<br>Documento optimizado digitalmente.<\/p>\n","protected":false},"excerpt":{"rendered":"<p>Autor: Adolfo Reyes.Impresor: Imp. i Libreria Ercilla, Bandera, 21.Tama\u00f1o: 53,2x 37,8 cmClasificaci\u00f3n: 140 T153r Caja N\u00b07 El reo Jos\u00e9 D. Brice\u00f1o puesto en capilla Solicitudes de indulto La fuga de Blanlot Holley Contestaci\u00f3n a Meneses Contrarresto Brindis de los hojeros. Nota: Este ejemplar tiene escrito a mano con l\u00e1piz grafito \u201c134\/140\u201d.Se trasluce texto manuscrito en [&hellip;]<\/p>\n","protected":false},"author":1,"featured_media":0,"parent":0,"menu_order":0,"comment_status":"closed","ping_status":"closed","template":"","meta":{"footnotes":""},"class_list":["post-16070","page","type-page","status-publish","hentry"],"jetpack_sharing_enabled":true,"_links":{"self":[{"href":"https:\/\/www.lirapopular.cl\/lirapopularxix\/wp-json\/wp\/v2\/pages\/16070","targetHints":{"allow":["GET"]}}],"collection":[{"href":"https:\/\/www.lirapopular.cl\/lirapopularxix\/wp-json\/wp\/v2\/pages"}],"about":[{"href":"https:\/\/www.lirapopular.cl\/lirapopularxix\/wp-json\/wp\/v2\/types\/page"}],"author":[{"embeddable":true,"href":"https:\/\/www.lirapopular.cl\/lirapopularxix\/wp-json\/wp\/v2\/users\/1"}],"replies":[{"embeddable":true,"href":"https:\/\/www.lirapopular.cl\/lirapopularxix\/wp-json\/wp\/v2\/comments?post=16070"}],"version-history":[{"count":0,"href":"https:\/\/www.lirapopular.cl\/lirapopularxix\/wp-json\/wp\/v2\/pages\/16070\/revisions"}],"wp:attachment":[{"href":"https:\/\/www.lirapopular.cl\/lirapopularxix\/wp-json\/wp\/v2\/media?parent=16070"}],"curies":[{"name":"wp","href":"https:\/\/api.w.org\/{rel}","templated":true}]}}