{"id":16052,"date":"2021-02-12T20:56:21","date_gmt":"2021-02-13T00:56:21","guid":{"rendered":"https:\/\/www.lirapopular.cl\/lirapopularxix\/?page_id=16052"},"modified":"2021-02-12T20:56:21","modified_gmt":"2021-02-13T00:56:21","slug":"la-gran-reunion-de-los-mecanicos","status":"publish","type":"page","link":"https:\/\/www.lirapopular.cl\/lirapopularxix\/la-gran-reunion-de-los-mecanicos\/","title":{"rendered":"LA GRAN REUNION<br>DE LOS MECANICOS"},"content":{"rendered":"\n<div class=\"wp-block-image\"><figure class=\"alignright size-medium\"><a href=\"https:\/\/www.lirapopular.cl\/lirapopularxix\/wp-content\/uploads\/2021\/02\/Lira_139M.jpg\"><img loading=\"lazy\" decoding=\"async\" width=\"219\" height=\"300\" src=\"https:\/\/www.lirapopular.cl\/lirapopularxix\/wp-content\/uploads\/2021\/02\/Lira_139M-219x300.jpg\" alt=\"\" class=\"wp-image-16054\" srcset=\"https:\/\/www.lirapopular.cl\/lirapopularxix\/wp-content\/uploads\/2021\/02\/Lira_139M-219x300.jpg 219w, https:\/\/www.lirapopular.cl\/lirapopularxix\/wp-content\/uploads\/2021\/02\/Lira_139M.jpg 731w\" sizes=\"auto, (max-width: 219px) 100vw, 219px\" \/><\/a><figcaption>Colecci\u00f3n Lira Popular de la<br>Universidad de Chile<\/figcaption><\/figure><\/div>\n\n\n\n<p>Autor: Adolfo Reyes.<br>Impresor: Sin informaci\u00f3n<br>Tama\u00f1o: 53,2 x 37,5 cm<br>Clasificaci\u00f3n: 139 T153g Caja N\u00b07<\/p>\n\n\n\n<ul class=\"wp-block-list\"><li><a href=\"https:\/\/www.lirapopular.cl\/lirapopularxix\/2021\/02\/12\/la-gran-reunionde-los-obreros-de-la-maestranzade-los-ferrocarriles-del-estado\/\">La gran reuni\u00f3n de los obreros de la maestranza de los Ferrocarriles del Estado<\/a><\/li><li><a href=\"https:\/\/www.lirapopular.cl\/lirapopularxix\/2021\/02\/12\/terrible-asesinatola-mujer-muerta-a-balazospor-el-marido-en-los-andes\/\">Terrible asesinato, la mujer muerta a balazos por el marido en Los Andes<\/a><\/li><li><a href=\"https:\/\/www.lirapopular.cl\/lirapopularxix\/2021\/02\/12\/drama-sangrientoen-la-calle-nataniel\/\">Drama sangriento en la calle Nataniel<\/a><\/li><li><a href=\"https:\/\/www.lirapopular.cl\/lirapopularxix\/2021\/02\/12\/la-situacion-del-pobre-2\/\">La situaci\u00f3n del pobre<\/a><\/li><li><a href=\"https:\/\/www.lirapopular.cl\/lirapopularxix\/2021\/02\/12\/el-precioso-codigode-los-casados\/\">El precioso c\u00f3digo de los casados<\/a><\/li><\/ul>\n\n\n\n<p>Nota: Este ejemplar tiene escrito a mano con l\u00e1piz grafito \u201c133\/139\u201d.<br>Documento optimizado digitalmente.<\/p>\n","protected":false},"excerpt":{"rendered":"<p>Autor: Adolfo Reyes.Impresor: Sin informaci\u00f3nTama\u00f1o: 53,2 x 37,5 cmClasificaci\u00f3n: 139 T153g Caja N\u00b07 La gran reuni\u00f3n de los obreros de la maestranza de los Ferrocarriles del Estado Terrible asesinato, la mujer muerta a balazos por el marido en Los Andes Drama sangriento en la calle Nataniel La situaci\u00f3n del pobre El precioso c\u00f3digo de los [&hellip;]<\/p>\n","protected":false},"author":1,"featured_media":0,"parent":0,"menu_order":0,"comment_status":"closed","ping_status":"closed","template":"","meta":{"footnotes":""},"class_list":["post-16052","page","type-page","status-publish","hentry"],"jetpack_sharing_enabled":true,"_links":{"self":[{"href":"https:\/\/www.lirapopular.cl\/lirapopularxix\/wp-json\/wp\/v2\/pages\/16052","targetHints":{"allow":["GET"]}}],"collection":[{"href":"https:\/\/www.lirapopular.cl\/lirapopularxix\/wp-json\/wp\/v2\/pages"}],"about":[{"href":"https:\/\/www.lirapopular.cl\/lirapopularxix\/wp-json\/wp\/v2\/types\/page"}],"author":[{"embeddable":true,"href":"https:\/\/www.lirapopular.cl\/lirapopularxix\/wp-json\/wp\/v2\/users\/1"}],"replies":[{"embeddable":true,"href":"https:\/\/www.lirapopular.cl\/lirapopularxix\/wp-json\/wp\/v2\/comments?post=16052"}],"version-history":[{"count":0,"href":"https:\/\/www.lirapopular.cl\/lirapopularxix\/wp-json\/wp\/v2\/pages\/16052\/revisions"}],"wp:attachment":[{"href":"https:\/\/www.lirapopular.cl\/lirapopularxix\/wp-json\/wp\/v2\/media?parent=16052"}],"curies":[{"name":"wp","href":"https:\/\/api.w.org\/{rel}","templated":true}]}}