{"id":16029,"date":"2021-02-12T18:58:03","date_gmt":"2021-02-12T22:58:03","guid":{"rendered":"https:\/\/www.lirapopular.cl\/lirapopularxix\/?page_id=16029"},"modified":"2021-02-12T18:58:03","modified_gmt":"2021-02-12T22:58:03","slug":"el-proximo-fusilamiento-del-reo-bricegno","status":"publish","type":"page","link":"https:\/\/www.lirapopular.cl\/lirapopularxix\/el-proximo-fusilamiento-del-reo-bricegno\/","title":{"rendered":"EL PROXIMO FUSILAMIENTO <br>DEL REO <br>JOS\u00c9 DOMINGO BRICEG\u00d1O"},"content":{"rendered":"\n<div class=\"wp-block-image\"><figure class=\"alignright size-medium\"><a href=\"https:\/\/www.lirapopular.cl\/lirapopularxix\/wp-content\/uploads\/2021\/02\/Lira_138M.jpg\"><img loading=\"lazy\" decoding=\"async\" width=\"220\" height=\"300\" src=\"https:\/\/www.lirapopular.cl\/lirapopularxix\/wp-content\/uploads\/2021\/02\/Lira_138M-220x300.jpg\" alt=\"\" class=\"wp-image-16031\" srcset=\"https:\/\/www.lirapopular.cl\/lirapopularxix\/wp-content\/uploads\/2021\/02\/Lira_138M-220x300.jpg 220w, https:\/\/www.lirapopular.cl\/lirapopularxix\/wp-content\/uploads\/2021\/02\/Lira_138M.jpg 733w\" sizes=\"auto, (max-width: 220px) 100vw, 220px\" \/><\/a><figcaption>Colecci\u00f3n Lira Popular de la<br>Universidad de Chile<\/figcaption><\/figure><\/div>\n\n\n\n<p>Autor: Adolfo Reyes.<br>Impresor: Imprenta Ercilla, Bandera 21-K<br>Tama\u00f1o: 53,1 x 37,4 cm<br>Clasificaci\u00f3n: 138 T153p Caja N\u00b07<\/p>\n\n\n\n<ul class=\"wp-block-list\"><li><a href=\"https:\/\/www.lirapopular.cl\/lirapopularxix\/2021\/02\/12\/el-reo-jose-domingo-bricenocondenado-a-muerte\/\">El reo Jos\u00e9 Domingo Brice\u00f1o condenado a muerte<\/a><\/li><li><a href=\"https:\/\/www.lirapopular.cl\/lirapopularxix\/2021\/02\/12\/ceso-la-crisis-ministerial\/\">Ces\u00f3 la crisis ministerial<\/a><\/li><li><a href=\"https:\/\/www.lirapopular.cl\/lirapopularxix\/2021\/02\/12\/percances-del-yanke\/\">Percances del yankee<\/a><\/li><li><a href=\"https:\/\/www.lirapopular.cl\/lirapopularxix\/2021\/02\/12\/inconstancia\/\">Inconstancia<\/a><\/li><li><a href=\"https:\/\/www.lirapopular.cl\/lirapopularxix\/2021\/02\/12\/soneto\/\">Soneto<\/a><\/li><li><a href=\"https:\/\/www.lirapopular.cl\/lirapopularxix\/2021\/02\/12\/luz-i-sombra\/\">Luz y sombra<\/a><\/li><li><a href=\"https:\/\/www.lirapopular.cl\/lirapopularxix\/2021\/02\/12\/decima\/\">D\u00e9cima<\/a><\/li><li><a href=\"https:\/\/www.lirapopular.cl\/lirapopularxix\/2021\/02\/12\/cantares-11\/\">Cantares.<\/a><\/li><\/ul>\n\n\n\n<p>Nota: Este ejemplar tiene escrito a mano con l\u00e1piz grafito \u201c132\/138\u201d.<br>Por el listado de ministros, la lira corresponde a 1893.<br>Dise\u00f1o similar a lira BN C\u00f3digo: LO0012206, <a href=\"https:\/\/www.lirapopular.cl\/lirapopularxix\/el-proximo-fusilamiento-y\/\" target=\"_blank\" rel=\"noreferrer noopener\">ver<\/a>.<br>Documento optimizado digitalmente.<\/p>\n","protected":false},"excerpt":{"rendered":"<p>Autor: Adolfo Reyes.Impresor: Imprenta Ercilla, Bandera 21-KTama\u00f1o: 53,1 x 37,4 cmClasificaci\u00f3n: 138 T153p Caja N\u00b07 El reo Jos\u00e9 Domingo Brice\u00f1o condenado a muerte Ces\u00f3 la crisis ministerial Percances del yankee Inconstancia Soneto Luz y sombra D\u00e9cima Cantares. Nota: Este ejemplar tiene escrito a mano con l\u00e1piz grafito \u201c132\/138\u201d.Por el listado de ministros, la lira corresponde [&hellip;]<\/p>\n","protected":false},"author":1,"featured_media":0,"parent":0,"menu_order":0,"comment_status":"closed","ping_status":"closed","template":"","meta":{"footnotes":""},"class_list":["post-16029","page","type-page","status-publish","hentry"],"jetpack_sharing_enabled":true,"_links":{"self":[{"href":"https:\/\/www.lirapopular.cl\/lirapopularxix\/wp-json\/wp\/v2\/pages\/16029","targetHints":{"allow":["GET"]}}],"collection":[{"href":"https:\/\/www.lirapopular.cl\/lirapopularxix\/wp-json\/wp\/v2\/pages"}],"about":[{"href":"https:\/\/www.lirapopular.cl\/lirapopularxix\/wp-json\/wp\/v2\/types\/page"}],"author":[{"embeddable":true,"href":"https:\/\/www.lirapopular.cl\/lirapopularxix\/wp-json\/wp\/v2\/users\/1"}],"replies":[{"embeddable":true,"href":"https:\/\/www.lirapopular.cl\/lirapopularxix\/wp-json\/wp\/v2\/comments?post=16029"}],"version-history":[{"count":0,"href":"https:\/\/www.lirapopular.cl\/lirapopularxix\/wp-json\/wp\/v2\/pages\/16029\/revisions"}],"wp:attachment":[{"href":"https:\/\/www.lirapopular.cl\/lirapopularxix\/wp-json\/wp\/v2\/media?parent=16029"}],"curies":[{"name":"wp","href":"https:\/\/api.w.org\/{rel}","templated":true}]}}