{"id":15993,"date":"2021-02-12T10:17:24","date_gmt":"2021-02-12T14:17:24","guid":{"rendered":"https:\/\/www.lirapopular.cl\/lirapopularxix\/?page_id=15993"},"modified":"2021-02-12T10:17:24","modified_gmt":"2021-02-12T14:17:24","slug":"el-gran-crimen-del-reo-pozo","status":"publish","type":"page","link":"https:\/\/www.lirapopular.cl\/lirapopularxix\/el-gran-crimen-del-reo-pozo\/","title":{"rendered":"El gran cr\u00edmen del reo Pozo"},"content":{"rendered":"\n<div class=\"wp-block-image\"><figure class=\"alignright size-medium\"><a href=\"https:\/\/www.lirapopular.cl\/lirapopularxix\/wp-content\/uploads\/2021\/02\/lira_136.jpg\"><img loading=\"lazy\" decoding=\"async\" width=\"219\" height=\"300\" src=\"https:\/\/www.lirapopular.cl\/lirapopularxix\/wp-content\/uploads\/2021\/02\/lira_136-219x300.jpg\" alt=\"\" class=\"wp-image-15994\" srcset=\"https:\/\/www.lirapopular.cl\/lirapopularxix\/wp-content\/uploads\/2021\/02\/lira_136-219x300.jpg 219w, https:\/\/www.lirapopular.cl\/lirapopularxix\/wp-content\/uploads\/2021\/02\/lira_136.jpg 731w\" sizes=\"auto, (max-width: 219px) 100vw, 219px\" \/><\/a><figcaption>Colecci\u00f3n Lira Popular de la<br>Universidad de Chile<\/figcaption><\/figure><\/div>\n\n\n\n<p>Autor: Adolfo Reyes.<br>Impresor: Sin informaci\u00f3n<br>Tama\u00f1o: 37,3 x 27,4 cm<br>Clasificaci\u00f3n: 136 T153g Caja N\u00b02, BN C\u00f3digo:&nbsp;LO0012173<\/p>\n\n\n\n<ul class=\"wp-block-list\"><li><a href=\"https:\/\/www.lirapopular.cl\/lirapopularxix\/2021\/02\/12\/el-gran-crimen-delreo-pozo\/\">El gran crimen del reo Pozo<\/a><\/li><li><a href=\"https:\/\/www.lirapopular.cl\/lirapopularxix\/2021\/02\/12\/la-gran-reyerta-dela-calle-de-huemul\/\">La gran reyerta de la calle Huemul<\/a><\/li><li><a href=\"https:\/\/www.lirapopular.cl\/lirapopularxix\/2021\/02\/12\/la-ninaque-se-enveneno-por-celos\/\">La ni\u00f1a que se envenen\u00f3 por celos<\/a><\/li><li><a href=\"https:\/\/www.lirapopular.cl\/lirapopularxix\/2021\/02\/12\/brindis-por-elbatallon-constitucion-num-1\/\">Brindis por el Batall\u00f3n Constituci\u00f3n n\u00fam. 1<\/a><\/li><li><a href=\"https:\/\/www.lirapopular.cl\/lirapopularxix\/2021\/02\/12\/dialogo-entre-sanpedro-i-balmaceda\/\">Di\u00e1logo entre San Pedro y Balmaceda en las puertas del cielo.<\/a><\/li><\/ul>\n\n\n\n<p>Nota: abril 1892. Dataci\u00f3n de las liras populares de la Colecci\u00f3n Lenz. Carolina Tapia.<br>El 1er ejemplar no tiene marcas.<br>El 2\u00ba ejemplar tiene escrito a mano con l\u00e1piz grafito \u201c2\u201d, con un timbre &#8220;0267&#8221;.<br>Documentos optimizados digitalmente.<\/p>\n\n\n\n<div class=\"wp-block-image\"><figure class=\"alignright size-medium\"><a href=\"https:\/\/www.lirapopular.cl\/lirapopularxix\/wp-content\/uploads\/2021\/03\/LO0012173.jpg\"><img loading=\"lazy\" decoding=\"async\" width=\"223\" height=\"300\" src=\"https:\/\/www.lirapopular.cl\/lirapopularxix\/wp-content\/uploads\/2021\/03\/LO0012173-223x300.jpg\" alt=\"\" class=\"wp-image-17324\" srcset=\"https:\/\/www.lirapopular.cl\/lirapopularxix\/wp-content\/uploads\/2021\/03\/LO0012173-223x300.jpg 223w, https:\/\/www.lirapopular.cl\/lirapopularxix\/wp-content\/uploads\/2021\/03\/LO0012173.jpg 744w\" sizes=\"auto, (max-width: 223px) 100vw, 223px\" \/><\/a><figcaption>Archivo de Literatura Oral<br>Fondo Rodolfo Lenz<\/figcaption><\/figure><\/div>\n","protected":false},"excerpt":{"rendered":"<p>Autor: Adolfo Reyes.Impresor: Sin informaci\u00f3nTama\u00f1o: 37,3 x 27,4 cmClasificaci\u00f3n: 136 T153g Caja N\u00b02, BN C\u00f3digo:&nbsp;LO0012173 El gran crimen del reo Pozo La gran reyerta de la calle Huemul La ni\u00f1a que se envenen\u00f3 por celos Brindis por el Batall\u00f3n Constituci\u00f3n n\u00fam. 1 Di\u00e1logo entre San Pedro y Balmaceda en las puertas del cielo. Nota: abril [&hellip;]<\/p>\n","protected":false},"author":1,"featured_media":0,"parent":0,"menu_order":0,"comment_status":"closed","ping_status":"closed","template":"","meta":{"footnotes":""},"class_list":["post-15993","page","type-page","status-publish","hentry"],"jetpack_sharing_enabled":true,"_links":{"self":[{"href":"https:\/\/www.lirapopular.cl\/lirapopularxix\/wp-json\/wp\/v2\/pages\/15993","targetHints":{"allow":["GET"]}}],"collection":[{"href":"https:\/\/www.lirapopular.cl\/lirapopularxix\/wp-json\/wp\/v2\/pages"}],"about":[{"href":"https:\/\/www.lirapopular.cl\/lirapopularxix\/wp-json\/wp\/v2\/types\/page"}],"author":[{"embeddable":true,"href":"https:\/\/www.lirapopular.cl\/lirapopularxix\/wp-json\/wp\/v2\/users\/1"}],"replies":[{"embeddable":true,"href":"https:\/\/www.lirapopular.cl\/lirapopularxix\/wp-json\/wp\/v2\/comments?post=15993"}],"version-history":[{"count":0,"href":"https:\/\/www.lirapopular.cl\/lirapopularxix\/wp-json\/wp\/v2\/pages\/15993\/revisions"}],"wp:attachment":[{"href":"https:\/\/www.lirapopular.cl\/lirapopularxix\/wp-json\/wp\/v2\/media?parent=15993"}],"curies":[{"name":"wp","href":"https:\/\/api.w.org\/{rel}","templated":true}]}}