{"id":1596,"date":"2019-07-15T16:00:36","date_gmt":"2019-07-15T20:00:36","guid":{"rendered":"https:\/\/www.lirapopular.cl\/lirapopularxix\/?page_id=1596"},"modified":"2019-07-15T16:00:36","modified_gmt":"2019-07-15T20:00:36","slug":"viva-chile-viva-errazuriz","status":"publish","type":"page","link":"https:\/\/www.lirapopular.cl\/lirapopularxix\/viva-chile-viva-errazuriz\/","title":{"rendered":"\u00a1Viva Chile! \u00a1Viva Err\u00e1zuriz!<br>El contrapunto de la presidencia por Juan Poroto i el futre de la Lenteja"},"content":{"rendered":"\n<div class=\"wp-block-image\"><figure class=\"alignright\"><a href=\"https:\/\/www.lirapopular.cl\/lirapopularxix\/wp-content\/uploads\/2019\/07\/687.jpg\"><img decoding=\"async\" src=\"https:\/\/www.lirapopular.cl\/lirapopularxix\/wp-content\/uploads\/2019\/07\/687-216x300.jpg\" alt=\"\" class=\"wp-image-1598\"\/><\/a><figcaption>Colecci\u00f3n Lira Popular de la Universidad de Chile<\/figcaption><\/figure><\/div>\n\n\n\n<p>Autor: Pedro Moya<br>Impresor: Imprenta, Moneda, 25<br>Tama\u00f1o: 52,8 x 37,3 cm<br>Clasificaci\u00f3n: 687 M983 Caja N\u00b012a, BN C\u00f3digo:&nbsp;LO0012679<\/p>\n\n\n\n<ul class=\"wp-block-list\"><li><a href=\"https:\/\/www.lirapopular.cl\/lirapopularxix\/2019\/07\/15\/la-carta-politicade-pedro-moya\/\">La carta pol\u00edtica<\/a><\/li><li><a href=\"https:\/\/www.lirapopular.cl\/lirapopularxix\/2019\/07\/15\/el-contrapuntode-la-presidedcia-por-juan-poroto-y-el-futre-de-la-lenteja\/\">El contrapunto de la presidencia por Juan Poroto y el futre de la Lenteja<\/a><\/li><\/ul>\n\n\n\n<p>Nota: El 1er ejemplar tiene escrito a mano con l\u00e1piz rojo \u201c687\u201d<br>El 2\u00ba ejemplar tiene escrito a mano con plum\u00f3n \u201c353\u201d. Por el reverso con bol\u00edgrafo \u201c276\u201d. Documento con varios nombres manuscritos,<\/p>\n\n\n\n<p>Federico Err\u00e1zuriz Echaurren (1850 &#8211; 1901) abogado y pol\u00edtico chileno, presidente de la Rep\u00fablica entre 1896 y 1901 (muri\u00f3 en el cargo). Fue hijo de Federico Err\u00e1zuriz Za\u00f1artu, presidente 1871 &#8211; 1876.<\/p>\n\n\n\n<p><mark style=\"background-color:rgba(0, 0, 0, 0)\" class=\"has-inline-color has-white-color\">.<\/mark><\/p>\n\n\n\n<p><mark style=\"background-color:rgba(0, 0, 0, 0)\" class=\"has-inline-color has-white-color\">.<\/mark><\/p>\n\n\n\n<div class=\"wp-block-image\"><figure class=\"alignright size-medium\"><a href=\"https:\/\/www.lirapopular.cl\/lirapopularxix\/wp-content\/uploads\/2021\/10\/LO0012679.jpg\"><img loading=\"lazy\" decoding=\"async\" width=\"208\" height=\"300\" src=\"https:\/\/www.lirapopular.cl\/lirapopularxix\/wp-content\/uploads\/2021\/10\/LO0012679-208x300.jpg\" alt=\"\" class=\"wp-image-25399\" srcset=\"https:\/\/www.lirapopular.cl\/lirapopularxix\/wp-content\/uploads\/2021\/10\/LO0012679-208x300.jpg 208w, https:\/\/www.lirapopular.cl\/lirapopularxix\/wp-content\/uploads\/2021\/10\/LO0012679.jpg 694w\" sizes=\"auto, (max-width: 208px) 100vw, 208px\" \/><\/a><figcaption>Archivo de Literatura Oral<br>Colecci\u00f3n Alamiro de \u00c1vila<\/figcaption><\/figure><\/div>\n","protected":false},"excerpt":{"rendered":"<p>Autor: Pedro MoyaImpresor: Imprenta, Moneda, 25Tama\u00f1o: 52,8 x 37,3 cmClasificaci\u00f3n: 687 M983 Caja N\u00b012a, BN C\u00f3digo:&nbsp;LO0012679 La carta pol\u00edtica El contrapunto de la presidencia por Juan Poroto y el futre de la Lenteja Nota: El 1er ejemplar tiene escrito a mano con l\u00e1piz rojo \u201c687\u201dEl 2\u00ba ejemplar tiene escrito a mano con plum\u00f3n \u201c353\u201d. Por [&hellip;]<\/p>\n","protected":false},"author":1,"featured_media":0,"parent":0,"menu_order":0,"comment_status":"closed","ping_status":"closed","template":"","meta":{"footnotes":""},"class_list":["post-1596","page","type-page","status-publish","hentry"],"jetpack_sharing_enabled":true,"_links":{"self":[{"href":"https:\/\/www.lirapopular.cl\/lirapopularxix\/wp-json\/wp\/v2\/pages\/1596","targetHints":{"allow":["GET"]}}],"collection":[{"href":"https:\/\/www.lirapopular.cl\/lirapopularxix\/wp-json\/wp\/v2\/pages"}],"about":[{"href":"https:\/\/www.lirapopular.cl\/lirapopularxix\/wp-json\/wp\/v2\/types\/page"}],"author":[{"embeddable":true,"href":"https:\/\/www.lirapopular.cl\/lirapopularxix\/wp-json\/wp\/v2\/users\/1"}],"replies":[{"embeddable":true,"href":"https:\/\/www.lirapopular.cl\/lirapopularxix\/wp-json\/wp\/v2\/comments?post=1596"}],"version-history":[{"count":0,"href":"https:\/\/www.lirapopular.cl\/lirapopularxix\/wp-json\/wp\/v2\/pages\/1596\/revisions"}],"wp:attachment":[{"href":"https:\/\/www.lirapopular.cl\/lirapopularxix\/wp-json\/wp\/v2\/media?parent=1596"}],"curies":[{"name":"wp","href":"https:\/\/api.w.org\/{rel}","templated":true}]}}