{"id":15892,"date":"2021-02-09T19:04:13","date_gmt":"2021-02-09T23:04:13","guid":{"rendered":"https:\/\/www.lirapopular.cl\/lirapopularxix\/?page_id=15892"},"modified":"2021-02-09T19:04:13","modified_gmt":"2021-02-09T23:04:13","slug":"el-italiano-que-se-mato-a-balazos","status":"publish","type":"page","link":"https:\/\/www.lirapopular.cl\/lirapopularxix\/el-italiano-que-se-mato-a-balazos\/","title":{"rendered":"EL ITALIANO QUE SE MAT\u00d3 A BALAZOS <BR>Y HORROROSO ASESINATO"},"content":{"rendered":"\n<div class=\"wp-block-image\"><figure class=\"alignright size-medium\"><a href=\"https:\/\/www.lirapopular.cl\/lirapopularxix\/wp-content\/uploads\/2021\/02\/Lira_130.jpg\"><img loading=\"lazy\" decoding=\"async\" width=\"219\" height=\"300\" src=\"https:\/\/www.lirapopular.cl\/lirapopularxix\/wp-content\/uploads\/2021\/02\/Lira_130-219x300.jpg\" alt=\"\" class=\"wp-image-15893\" srcset=\"https:\/\/www.lirapopular.cl\/lirapopularxix\/wp-content\/uploads\/2021\/02\/Lira_130-219x300.jpg 219w, https:\/\/www.lirapopular.cl\/lirapopularxix\/wp-content\/uploads\/2021\/02\/Lira_130.jpg 729w\" sizes=\"auto, (max-width: 219px) 100vw, 219px\" \/><\/a><figcaption>Colecci\u00f3n Lira Popular de la<br>Universidad de Chile<\/figcaption><\/figure><\/div>\n\n\n\n<p>Autor: Adolfo Reyes.<br>Impresor: Sin informaci\u00f3n<br>Tama\u00f1o: 37,3 x 27,3 cm<br>Clasificaci\u00f3n: 130 T153i Caja N\u00b01<\/p>\n\n\n\n<ul class=\"wp-block-list\"><li><a href=\"https:\/\/www.lirapopular.cl\/lirapopularxix\/2021\/02\/09\/el-italianoque-se-mato-de-tres-balazos\/\">El italiano que se mat\u00f3 de tres balazos<\/a><\/li><li><a href=\"https:\/\/www.lirapopular.cl\/lirapopularxix\/2021\/02\/09\/los-sucesos-del-matadero\/\">Los sucesos del matadero<\/a><\/li><li><a href=\"https:\/\/www.lirapopular.cl\/lirapopularxix\/2021\/02\/09\/el-policial-asesinadoen-la-plaza-de-armas\/\">El polic\u00eda asesinado en la Plaza de Armas<\/a><\/li><li><a href=\"https:\/\/www.lirapopular.cl\/lirapopularxix\/2021\/02\/09\/contestacional-futre-de-las-tres-zetas\/\">Contestaci\u00f3n al Futre de las tres zetas<\/a><\/li><li><a href=\"https:\/\/www.lirapopular.cl\/lirapopularxix\/2021\/02\/09\/mas-chancacaal-mismo-futre\/\">M\u00e1s chancaca al mismo futre.<\/a><\/li><\/ul>\n\n\n\n<p>Nota: Este ejemplar tiene escrito a mano con l\u00e1piz rojo \u201c124\/130\u201d.<br>El documento est\u00e1 cortado en la parte inferior pero por los versos contra Larra\u00f1aga y el estilo se supone que son de A. Reyes.<br>Documento optimizado digitalmente.<\/p>\n","protected":false},"excerpt":{"rendered":"<p>Autor: Adolfo Reyes.Impresor: Sin informaci\u00f3nTama\u00f1o: 37,3 x 27,3 cmClasificaci\u00f3n: 130 T153i Caja N\u00b01 El italiano que se mat\u00f3 de tres balazos Los sucesos del matadero El polic\u00eda asesinado en la Plaza de Armas Contestaci\u00f3n al Futre de las tres zetas M\u00e1s chancaca al mismo futre. Nota: Este ejemplar tiene escrito a mano con l\u00e1piz rojo [&hellip;]<\/p>\n","protected":false},"author":1,"featured_media":0,"parent":0,"menu_order":0,"comment_status":"closed","ping_status":"closed","template":"","meta":{"footnotes":""},"class_list":["post-15892","page","type-page","status-publish","hentry"],"jetpack_sharing_enabled":true,"_links":{"self":[{"href":"https:\/\/www.lirapopular.cl\/lirapopularxix\/wp-json\/wp\/v2\/pages\/15892","targetHints":{"allow":["GET"]}}],"collection":[{"href":"https:\/\/www.lirapopular.cl\/lirapopularxix\/wp-json\/wp\/v2\/pages"}],"about":[{"href":"https:\/\/www.lirapopular.cl\/lirapopularxix\/wp-json\/wp\/v2\/types\/page"}],"author":[{"embeddable":true,"href":"https:\/\/www.lirapopular.cl\/lirapopularxix\/wp-json\/wp\/v2\/users\/1"}],"replies":[{"embeddable":true,"href":"https:\/\/www.lirapopular.cl\/lirapopularxix\/wp-json\/wp\/v2\/comments?post=15892"}],"version-history":[{"count":0,"href":"https:\/\/www.lirapopular.cl\/lirapopularxix\/wp-json\/wp\/v2\/pages\/15892\/revisions"}],"wp:attachment":[{"href":"https:\/\/www.lirapopular.cl\/lirapopularxix\/wp-json\/wp\/v2\/media?parent=15892"}],"curies":[{"name":"wp","href":"https:\/\/api.w.org\/{rel}","templated":true}]}}