{"id":15877,"date":"2021-02-09T11:08:27","date_gmt":"2021-02-09T15:08:27","guid":{"rendered":"https:\/\/www.lirapopular.cl\/lirapopularxix\/?page_id=15877"},"modified":"2021-02-09T11:08:27","modified_gmt":"2021-02-09T15:08:27","slug":"trajico-fin-del-dictador","status":"publish","type":"page","link":"https:\/\/www.lirapopular.cl\/lirapopularxix\/trajico-fin-del-dictador\/","title":{"rendered":"TRAJICO FIN DEL DICTADOR"},"content":{"rendered":"\n<div class=\"wp-block-image\"><figure class=\"alignright size-medium\"><a href=\"https:\/\/www.lirapopular.cl\/lirapopularxix\/wp-content\/uploads\/2021\/02\/Lira_129.jpg\"><img loading=\"lazy\" decoding=\"async\" width=\"211\" height=\"300\" src=\"https:\/\/www.lirapopular.cl\/lirapopularxix\/wp-content\/uploads\/2021\/02\/Lira_129-211x300.jpg\" alt=\"\" class=\"wp-image-15879\" srcset=\"https:\/\/www.lirapopular.cl\/lirapopularxix\/wp-content\/uploads\/2021\/02\/Lira_129-211x300.jpg 211w, https:\/\/www.lirapopular.cl\/lirapopularxix\/wp-content\/uploads\/2021\/02\/Lira_129.jpg 704w\" sizes=\"auto, (max-width: 211px) 100vw, 211px\" \/><\/a><figcaption>Colecci\u00f3n Lira Popular de la<br>Universidad de Chile<\/figcaption><\/figure><\/div>\n\n\n\n<p>Autor: Adolfo Reyes.<br>Impresor: Sin informaci\u00f3n<br>Tama\u00f1o: 35 x 24,8 cm<br>Clasificaci\u00f3n: 129 T153t Caja N\u00b01<\/p>\n\n\n\n<ul class=\"wp-block-list\"><li><a href=\"https:\/\/www.lirapopular.cl\/lirapopularxix\/2021\/02\/09\/la-muerte-de-balmaceda\/\">La muerte de Balmaceda<\/a><\/li><li><a href=\"https:\/\/www.lirapopular.cl\/lirapopularxix\/2021\/02\/09\/cartade-la-madre-de-balmaceda\/\">Carta de la madre de Balmaceda<\/a><\/li><li><a href=\"https:\/\/www.lirapopular.cl\/lirapopularxix\/2021\/02\/09\/remedio-eficazpara-castigar-a-la-mujer-celosa\/\">Remedio eficaz para castigar a la mujer celosa<\/a><\/li><li><a href=\"https:\/\/www.lirapopular.cl\/lirapopularxix\/2021\/02\/09\/la-mujer-cuentista\/\">La mujer cuentista.<\/a><\/li><\/ul>\n\n\n\n<p>Nota: Este ejemplar tiene escrito a mano con l\u00e1piz grafito \u201c123\/129\u201d.<br>Documento optimizado digitalmente.<\/p>\n","protected":false},"excerpt":{"rendered":"<p>Autor: Adolfo Reyes.Impresor: Sin informaci\u00f3nTama\u00f1o: 35 x 24,8 cmClasificaci\u00f3n: 129 T153t Caja N\u00b01 La muerte de Balmaceda Carta de la madre de Balmaceda Remedio eficaz para castigar a la mujer celosa La mujer cuentista. Nota: Este ejemplar tiene escrito a mano con l\u00e1piz grafito \u201c123\/129\u201d.Documento optimizado digitalmente.<\/p>\n","protected":false},"author":1,"featured_media":0,"parent":0,"menu_order":0,"comment_status":"closed","ping_status":"closed","template":"","meta":{"footnotes":""},"class_list":["post-15877","page","type-page","status-publish","hentry"],"jetpack_sharing_enabled":true,"_links":{"self":[{"href":"https:\/\/www.lirapopular.cl\/lirapopularxix\/wp-json\/wp\/v2\/pages\/15877","targetHints":{"allow":["GET"]}}],"collection":[{"href":"https:\/\/www.lirapopular.cl\/lirapopularxix\/wp-json\/wp\/v2\/pages"}],"about":[{"href":"https:\/\/www.lirapopular.cl\/lirapopularxix\/wp-json\/wp\/v2\/types\/page"}],"author":[{"embeddable":true,"href":"https:\/\/www.lirapopular.cl\/lirapopularxix\/wp-json\/wp\/v2\/users\/1"}],"replies":[{"embeddable":true,"href":"https:\/\/www.lirapopular.cl\/lirapopularxix\/wp-json\/wp\/v2\/comments?post=15877"}],"version-history":[{"count":0,"href":"https:\/\/www.lirapopular.cl\/lirapopularxix\/wp-json\/wp\/v2\/pages\/15877\/revisions"}],"wp:attachment":[{"href":"https:\/\/www.lirapopular.cl\/lirapopularxix\/wp-json\/wp\/v2\/media?parent=15877"}],"curies":[{"name":"wp","href":"https:\/\/api.w.org\/{rel}","templated":true}]}}