{"id":15858,"date":"2021-02-09T09:42:05","date_gmt":"2021-02-09T13:42:05","guid":{"rendered":"https:\/\/www.lirapopular.cl\/lirapopularxix\/?page_id=15858"},"modified":"2021-02-09T09:42:05","modified_gmt":"2021-02-09T13:42:05","slug":"alevoso-asesinato","status":"publish","type":"page","link":"https:\/\/www.lirapopular.cl\/lirapopularxix\/alevoso-asesinato\/","title":{"rendered":"ALEVOSO ASESINATO<br>El hijo que mat\u00f3 al padre por<br>casarse con su querida"},"content":{"rendered":"\n<div class=\"wp-block-image\"><figure class=\"alignright size-medium\"><a href=\"https:\/\/www.lirapopular.cl\/lirapopularxix\/wp-content\/uploads\/2021\/02\/Lira_128.jpg\"><img loading=\"lazy\" decoding=\"async\" width=\"221\" height=\"300\" src=\"https:\/\/www.lirapopular.cl\/lirapopularxix\/wp-content\/uploads\/2021\/02\/Lira_128-221x300.jpg\" alt=\"\" class=\"wp-image-15859\" srcset=\"https:\/\/www.lirapopular.cl\/lirapopularxix\/wp-content\/uploads\/2021\/02\/Lira_128-221x300.jpg 221w, https:\/\/www.lirapopular.cl\/lirapopularxix\/wp-content\/uploads\/2021\/02\/Lira_128.jpg 735w\" sizes=\"auto, (max-width: 221px) 100vw, 221px\" \/><\/a><figcaption>Colecci\u00f3n Lira Popular de la<br>Universidad de Chile<\/figcaption><\/figure><\/div>\n\n\n\n<p>Autor: Adolfo Reyes.<br>Impresor: Imp. de \u00abLa Justicia\u00bb, Nataniel 98-A<br>Tama\u00f1o: 36,8 x 27,3 cm<br>Clasificaci\u00f3n: 128 T153a Caja N\u00b01, BN C\u00f3digo: LO0012171<\/p>\n\n\n\n<ul class=\"wp-block-list\"><li><a href=\"https:\/\/www.lirapopular.cl\/lirapopularxix\/2021\/02\/09\/alevoso-asesinatoel-hijo\/\">Alevoso asesinato. El hijo que mat\u00f3 al padre por casarse con su querida<\/a><\/li><li><a href=\"https:\/\/www.lirapopular.cl\/lirapopularxix\/2021\/02\/09\/la-ultimasentencia-a-los-reos-dictatoriales\/\">La \u00faltima sentencia a los reos dictatoriales<\/a><\/li><li><a href=\"https:\/\/www.lirapopular.cl\/lirapopularxix\/2021\/02\/09\/remedio-eficaz\/\">Remedio eficaz para castigar a los maridos celosos<\/a><\/li><li><a href=\"https:\/\/www.lirapopular.cl\/lirapopularxix\/2021\/02\/09\/la-huelgade-los-cuadrinos-en-valparaiso\/\">La huelga de los cuadrinos en Valpara\u00edso<\/a><\/li><li><a href=\"https:\/\/www.lirapopular.cl\/lirapopularxix\/2021\/02\/09\/la-ninaque-se-mato-con-una-botella\/\">La ni\u00f1a que se mat\u00f3 con una botella.<\/a><\/li><\/ul>\n\n\n\n<p>Nota: El 1er ejemplar tiene escrito a mano con l\u00e1piz grafito \u201c122\/128\u201d.<br>El documento tiene textos manuscritos por el reverso y un timbre.<br>El 2\u00ba ejemplar tiene escrito a mano con l\u00e1piz rojo \u201c-3-\u201d, con un timbre &#8220;0369&#8221;, con l\u00e1piz grafito &#8220;4&#8221; y &#8220;1891&#8221;.<br>Documentos optimizados digitalmente.<\/p>\n\n\n\n<div class=\"wp-block-image\"><figure class=\"alignright size-medium\"><a href=\"https:\/\/www.lirapopular.cl\/lirapopularxix\/wp-content\/uploads\/2021\/03\/LO0012171.jpg\"><img loading=\"lazy\" decoding=\"async\" width=\"214\" height=\"300\" src=\"https:\/\/www.lirapopular.cl\/lirapopularxix\/wp-content\/uploads\/2021\/03\/LO0012171-214x300.jpg\" alt=\"\" class=\"wp-image-17205\" srcset=\"https:\/\/www.lirapopular.cl\/lirapopularxix\/wp-content\/uploads\/2021\/03\/LO0012171-214x300.jpg 214w, https:\/\/www.lirapopular.cl\/lirapopularxix\/wp-content\/uploads\/2021\/03\/LO0012171.jpg 714w\" sizes=\"auto, (max-width: 214px) 100vw, 214px\" \/><\/a><figcaption>Archivo de Literatura Oral<br>Fondo Rodolfo Lenz<\/figcaption><\/figure><\/div>\n","protected":false},"excerpt":{"rendered":"<p>Autor: Adolfo Reyes.Impresor: Imp. de \u00abLa Justicia\u00bb, Nataniel 98-ATama\u00f1o: 36,8 x 27,3 cmClasificaci\u00f3n: 128 T153a Caja N\u00b01, BN C\u00f3digo: LO0012171 Alevoso asesinato. El hijo que mat\u00f3 al padre por casarse con su querida La \u00faltima sentencia a los reos dictatoriales Remedio eficaz para castigar a los maridos celosos La huelga de los cuadrinos en Valpara\u00edso [&hellip;]<\/p>\n","protected":false},"author":1,"featured_media":0,"parent":0,"menu_order":0,"comment_status":"closed","ping_status":"closed","template":"","meta":{"footnotes":""},"class_list":["post-15858","page","type-page","status-publish","hentry"],"jetpack_sharing_enabled":true,"_links":{"self":[{"href":"https:\/\/www.lirapopular.cl\/lirapopularxix\/wp-json\/wp\/v2\/pages\/15858","targetHints":{"allow":["GET"]}}],"collection":[{"href":"https:\/\/www.lirapopular.cl\/lirapopularxix\/wp-json\/wp\/v2\/pages"}],"about":[{"href":"https:\/\/www.lirapopular.cl\/lirapopularxix\/wp-json\/wp\/v2\/types\/page"}],"author":[{"embeddable":true,"href":"https:\/\/www.lirapopular.cl\/lirapopularxix\/wp-json\/wp\/v2\/users\/1"}],"replies":[{"embeddable":true,"href":"https:\/\/www.lirapopular.cl\/lirapopularxix\/wp-json\/wp\/v2\/comments?post=15858"}],"version-history":[{"count":0,"href":"https:\/\/www.lirapopular.cl\/lirapopularxix\/wp-json\/wp\/v2\/pages\/15858\/revisions"}],"wp:attachment":[{"href":"https:\/\/www.lirapopular.cl\/lirapopularxix\/wp-json\/wp\/v2\/media?parent=15858"}],"curies":[{"name":"wp","href":"https:\/\/api.w.org\/{rel}","templated":true}]}}