{"id":15844,"date":"2021-02-08T15:38:33","date_gmt":"2021-02-08T19:38:33","guid":{"rendered":"https:\/\/www.lirapopular.cl\/lirapopularxix\/?page_id=15844"},"modified":"2021-02-08T15:38:33","modified_gmt":"2021-02-08T19:38:33","slug":"las-dos-ninas-pegadas","status":"publish","type":"page","link":"https:\/\/www.lirapopular.cl\/lirapopularxix\/las-dos-ninas-pegadas\/","title":{"rendered":"Las dos ni\u00f1as pegadas"},"content":{"rendered":"\n<div class=\"wp-block-image\"><figure class=\"alignright size-medium\"><a href=\"https:\/\/www.lirapopular.cl\/lirapopularxix\/wp-content\/uploads\/2021\/02\/Lira_127.jpg\"><img loading=\"lazy\" decoding=\"async\" width=\"216\" height=\"300\" src=\"https:\/\/www.lirapopular.cl\/lirapopularxix\/wp-content\/uploads\/2021\/02\/Lira_127-216x300.jpg\" alt=\"\" class=\"wp-image-15845\" srcset=\"https:\/\/www.lirapopular.cl\/lirapopularxix\/wp-content\/uploads\/2021\/02\/Lira_127-216x300.jpg 216w, https:\/\/www.lirapopular.cl\/lirapopularxix\/wp-content\/uploads\/2021\/02\/Lira_127.jpg 720w\" sizes=\"auto, (max-width: 216px) 100vw, 216px\" \/><\/a><figcaption>Colecci\u00f3n Lira Popular de la<br>Universidad de Chile<\/figcaption><\/figure><\/div>\n\n\n\n<p>Autor: Adolfo Reyes.<br>Impresor: Imp. de \u00abLa Justicia\u00bb, Nataniel 98-A<br>Tama\u00f1o: 37,5 x 27 cm<br>Clasificaci\u00f3n: 127 T153n Caja N\u00b01<\/p>\n\n\n\n<ul class=\"wp-block-list\"><li><a href=\"https:\/\/www.lirapopular.cl\/lirapopularxix\/2021\/02\/08\/las-dos-ninas-pegadas\/\">Las dos ni\u00f1as pegadas<\/a><\/li><li><a href=\"https:\/\/www.lirapopular.cl\/lirapopularxix\/2021\/02\/08\/el-ingles-muerto-a-garrotazos\/\">El ingl\u00e9s muerto a garrotazos<\/a><\/li><li><a href=\"https:\/\/www.lirapopular.cl\/lirapopularxix\/2021\/02\/08\/la-mujer-queguardaba-robos-en-el-polizon\/\">La mujer que guardaba robos en el poliz\u00f3n<\/a><\/li><li><a href=\"https:\/\/www.lirapopular.cl\/lirapopularxix\/2021\/02\/08\/la-viejitaque-se-quemo-tomando-mate\/\">La viejita que se quem\u00f3 tomando mate.<\/a><\/li><\/ul>\n\n\n\n<p>Nota: Este ejemplar tiene escrito a mano con l\u00e1piz grafito \u201c121\/127\u201d.<br>Documento optimizado digitalmente.<\/p>\n","protected":false},"excerpt":{"rendered":"<p>Autor: Adolfo Reyes.Impresor: Imp. de \u00abLa Justicia\u00bb, Nataniel 98-ATama\u00f1o: 37,5 x 27 cmClasificaci\u00f3n: 127 T153n Caja N\u00b01 Las dos ni\u00f1as pegadas El ingl\u00e9s muerto a garrotazos La mujer que guardaba robos en el poliz\u00f3n La viejita que se quem\u00f3 tomando mate. Nota: Este ejemplar tiene escrito a mano con l\u00e1piz grafito \u201c121\/127\u201d.Documento optimizado digitalmente.<\/p>\n","protected":false},"author":1,"featured_media":0,"parent":0,"menu_order":0,"comment_status":"closed","ping_status":"closed","template":"","meta":{"footnotes":""},"class_list":["post-15844","page","type-page","status-publish","hentry"],"jetpack_sharing_enabled":true,"_links":{"self":[{"href":"https:\/\/www.lirapopular.cl\/lirapopularxix\/wp-json\/wp\/v2\/pages\/15844","targetHints":{"allow":["GET"]}}],"collection":[{"href":"https:\/\/www.lirapopular.cl\/lirapopularxix\/wp-json\/wp\/v2\/pages"}],"about":[{"href":"https:\/\/www.lirapopular.cl\/lirapopularxix\/wp-json\/wp\/v2\/types\/page"}],"author":[{"embeddable":true,"href":"https:\/\/www.lirapopular.cl\/lirapopularxix\/wp-json\/wp\/v2\/users\/1"}],"replies":[{"embeddable":true,"href":"https:\/\/www.lirapopular.cl\/lirapopularxix\/wp-json\/wp\/v2\/comments?post=15844"}],"version-history":[{"count":0,"href":"https:\/\/www.lirapopular.cl\/lirapopularxix\/wp-json\/wp\/v2\/pages\/15844\/revisions"}],"wp:attachment":[{"href":"https:\/\/www.lirapopular.cl\/lirapopularxix\/wp-json\/wp\/v2\/media?parent=15844"}],"curies":[{"name":"wp","href":"https:\/\/api.w.org\/{rel}","templated":true}]}}