{"id":1579,"date":"2019-07-14T11:40:06","date_gmt":"2019-07-14T15:40:06","guid":{"rendered":"https:\/\/www.lirapopular.cl\/lirapopularxix\/?page_id=1579"},"modified":"2019-07-14T11:40:06","modified_gmt":"2019-07-14T15:40:06","slug":"pedro-cadenas","status":"publish","type":"page","link":"https:\/\/www.lirapopular.cl\/lirapopularxix\/pedro-cadenas\/","title":{"rendered":"Pedro Cadenas"},"content":{"rendered":"\n<div class=\"wp-block-image\"><figure class=\"alignright\"><a href=\"https:\/\/www.lirapopular.cl\/lirapopularxix\/wp-content\/uploads\/2019\/07\/703.jpg\"><img loading=\"lazy\" decoding=\"async\" width=\"300\" height=\"218\" src=\"https:\/\/www.lirapopular.cl\/lirapopularxix\/wp-content\/uploads\/2019\/07\/703-300x218.jpg\" alt=\"\" class=\"wp-image-1581\" srcset=\"https:\/\/www.lirapopular.cl\/lirapopularxix\/wp-content\/uploads\/2019\/07\/703-300x218.jpg 300w, https:\/\/www.lirapopular.cl\/lirapopularxix\/wp-content\/uploads\/2019\/07\/703-768x558.jpg 768w, https:\/\/www.lirapopular.cl\/lirapopularxix\/wp-content\/uploads\/2019\/07\/703.jpg 1000w\" sizes=\"auto, (max-width: 300px) 100vw, 300px\" \/><\/a><figcaption>Colecci\u00f3n Lira Popular de la Universidad de Chile<\/figcaption><\/figure><\/div>\n\n\n\n<p>Autor: An\u00f3nimo<br>Impresor: Imprenta de P. Ramirez.\u2013 Ech\u00e1urren, 6<br>Tama\u00f1o: 25,2 x 34,5 cm<br>Clasificaci\u00f3n: 703 P372 Caja N\u00b04a<\/p>\n\n\n\n<div class=\"wp-block-image\"><figure class=\"alignright\"><a href=\"https:\/\/www.lirapopular.cl\/lirapopularxix\/wp-content\/uploads\/2019\/07\/703rev.jpg\"><img loading=\"lazy\" decoding=\"async\" width=\"300\" height=\"219\" src=\"https:\/\/www.lirapopular.cl\/lirapopularxix\/wp-content\/uploads\/2019\/07\/703rev-300x219.jpg\" alt=\"\" class=\"wp-image-1591\" srcset=\"https:\/\/www.lirapopular.cl\/lirapopularxix\/wp-content\/uploads\/2019\/07\/703rev-300x219.jpg 300w, https:\/\/www.lirapopular.cl\/lirapopularxix\/wp-content\/uploads\/2019\/07\/703rev-768x560.jpg 768w, https:\/\/www.lirapopular.cl\/lirapopularxix\/wp-content\/uploads\/2019\/07\/703rev.jpg 1000w\" sizes=\"auto, (max-width: 300px) 100vw, 300px\" \/><\/a><figcaption>Colecci\u00f3n Lira Popular de la Universidad de Chile<\/figcaption><\/figure><\/div>\n\n\n\n<p><strong>Pie de imprenta:<br><\/strong>Las Poes\u00edas Populares del Pequen i de Bernardino Guajardo se encuentran a venta en la imprenta de P. Ramirez, calle de Ech\u00e1urren, n\u00ba 6, Santiago, i en casa de D. Ignacio Brunet, Chillan. Tambi\u00e9n se encuentra en esta \u00faltima casa un gran n\u00famero de romances espa\u00f1oles, versos de zamacueca, etc.<br>Impr. de P. Ramirez.\u2013Ech\u00e1urren, 6<\/p>\n\n\n\n<ul class=\"wp-block-list\"><li><a href=\"https:\/\/www.lirapopular.cl\/lirapopularxix\/2019\/07\/14\/relacion-verdadera\/\">Relaci\u00f3n verdadera<\/a><\/li><\/ul>\n\n\n\n<p>Nota: Este ejemplar tiene escrito a mano con l\u00e1piz rojo \u201c703\u201d<\/p>\n","protected":false},"excerpt":{"rendered":"<p>Autor: An\u00f3nimoImpresor: Imprenta de P. Ramirez.\u2013 Ech\u00e1urren, 6Tama\u00f1o: 25,2 x 34,5 cmClasificaci\u00f3n: 703 P372 Caja N\u00b04a Pie de imprenta:Las Poes\u00edas Populares del Pequen i de Bernardino Guajardo se encuentran a venta en la imprenta de P. Ramirez, calle de Ech\u00e1urren, n\u00ba 6, Santiago, i en casa de D. Ignacio Brunet, Chillan. Tambi\u00e9n se encuentra en [&hellip;]<\/p>\n","protected":false},"author":1,"featured_media":0,"parent":0,"menu_order":0,"comment_status":"closed","ping_status":"closed","template":"","meta":{"footnotes":""},"class_list":["post-1579","page","type-page","status-publish","hentry"],"jetpack_sharing_enabled":true,"_links":{"self":[{"href":"https:\/\/www.lirapopular.cl\/lirapopularxix\/wp-json\/wp\/v2\/pages\/1579","targetHints":{"allow":["GET"]}}],"collection":[{"href":"https:\/\/www.lirapopular.cl\/lirapopularxix\/wp-json\/wp\/v2\/pages"}],"about":[{"href":"https:\/\/www.lirapopular.cl\/lirapopularxix\/wp-json\/wp\/v2\/types\/page"}],"author":[{"embeddable":true,"href":"https:\/\/www.lirapopular.cl\/lirapopularxix\/wp-json\/wp\/v2\/users\/1"}],"replies":[{"embeddable":true,"href":"https:\/\/www.lirapopular.cl\/lirapopularxix\/wp-json\/wp\/v2\/comments?post=1579"}],"version-history":[{"count":0,"href":"https:\/\/www.lirapopular.cl\/lirapopularxix\/wp-json\/wp\/v2\/pages\/1579\/revisions"}],"wp:attachment":[{"href":"https:\/\/www.lirapopular.cl\/lirapopularxix\/wp-json\/wp\/v2\/media?parent=1579"}],"curies":[{"name":"wp","href":"https:\/\/api.w.org\/{rel}","templated":true}]}}