{"id":15721,"date":"2021-02-05T15:51:06","date_gmt":"2021-02-05T19:51:06","guid":{"rendered":"https:\/\/www.lirapopular.cl\/lirapopularxix\/?page_id=15721"},"modified":"2021-02-05T15:51:06","modified_gmt":"2021-02-05T19:51:06","slug":"el-hijo-ahorcado-por-el-padre","status":"publish","type":"page","link":"https:\/\/www.lirapopular.cl\/lirapopularxix\/el-hijo-ahorcado-por-el-padre\/","title":{"rendered":"El hijo ahorcado por el padre"},"content":{"rendered":"\n<div class=\"wp-block-image\"><figure class=\"alignright size-medium\"><a href=\"https:\/\/www.lirapopular.cl\/lirapopularxix\/wp-content\/uploads\/2021\/02\/Lira_118.jpg\"><img loading=\"lazy\" decoding=\"async\" width=\"300\" height=\"224\" src=\"https:\/\/www.lirapopular.cl\/lirapopularxix\/wp-content\/uploads\/2021\/02\/Lira_118-300x224.jpg\" alt=\"\" class=\"wp-image-15722\" srcset=\"https:\/\/www.lirapopular.cl\/lirapopularxix\/wp-content\/uploads\/2021\/02\/Lira_118-300x224.jpg 300w, https:\/\/www.lirapopular.cl\/lirapopularxix\/wp-content\/uploads\/2021\/02\/Lira_118-768x574.jpg 768w, https:\/\/www.lirapopular.cl\/lirapopularxix\/wp-content\/uploads\/2021\/02\/Lira_118.jpg 1000w\" sizes=\"auto, (max-width: 300px) 100vw, 300px\" \/><\/a><figcaption>Colecci\u00f3n Lira Popular de la<br>Universidad de Chile<\/figcaption><\/figure><\/div>\n\n\n\n<p>Autor: Adolfo Reyes.<br>Impresor: Sin informaci\u00f3n<br>Tama\u00f1o: 36,8 x 27,4 cm<br>Clasificaci\u00f3n: 118 T153h Caja N\u00b01<\/p>\n\n\n\n<ul class=\"wp-block-list\"><li><a href=\"https:\/\/www.lirapopular.cl\/lirapopularxix\/2021\/02\/05\/el-hijo-ahorcado-por-el-padre\/\">El hijo ahorcado por el padre<\/a><\/li><li><a href=\"https:\/\/www.lirapopular.cl\/lirapopularxix\/2021\/02\/05\/muertos-i-heridosen-el-camino-de-cintura\/\">Muertos y heridos en el camino de Cintura<\/a><\/li><li><a href=\"https:\/\/www.lirapopular.cl\/lirapopularxix\/2021\/02\/05\/la-fiesta-de-pascua\/\">La fiesta de Pascua<\/a><\/li><li><a href=\"https:\/\/www.lirapopular.cl\/lirapopularxix\/2021\/02\/05\/a-lo-divino-5\/\">A lo divino<\/a><\/li><\/ul>\n\n\n\n<p>Nota: Este ejemplar tiene escrito a mano con l\u00e1piz grafito \u201c113\/118\u201d.<br>Documento optimizado digitalmente.<\/p>\n","protected":false},"excerpt":{"rendered":"<p>Autor: Adolfo Reyes.Impresor: Sin informaci\u00f3nTama\u00f1o: 36,8 x 27,4 cmClasificaci\u00f3n: 118 T153h Caja N\u00b01 El hijo ahorcado por el padre Muertos y heridos en el camino de Cintura La fiesta de Pascua A lo divino Nota: Este ejemplar tiene escrito a mano con l\u00e1piz grafito \u201c113\/118\u201d.Documento optimizado digitalmente.<\/p>\n","protected":false},"author":1,"featured_media":0,"parent":0,"menu_order":0,"comment_status":"closed","ping_status":"closed","template":"","meta":{"footnotes":""},"class_list":["post-15721","page","type-page","status-publish","hentry"],"jetpack_sharing_enabled":true,"_links":{"self":[{"href":"https:\/\/www.lirapopular.cl\/lirapopularxix\/wp-json\/wp\/v2\/pages\/15721","targetHints":{"allow":["GET"]}}],"collection":[{"href":"https:\/\/www.lirapopular.cl\/lirapopularxix\/wp-json\/wp\/v2\/pages"}],"about":[{"href":"https:\/\/www.lirapopular.cl\/lirapopularxix\/wp-json\/wp\/v2\/types\/page"}],"author":[{"embeddable":true,"href":"https:\/\/www.lirapopular.cl\/lirapopularxix\/wp-json\/wp\/v2\/users\/1"}],"replies":[{"embeddable":true,"href":"https:\/\/www.lirapopular.cl\/lirapopularxix\/wp-json\/wp\/v2\/comments?post=15721"}],"version-history":[{"count":0,"href":"https:\/\/www.lirapopular.cl\/lirapopularxix\/wp-json\/wp\/v2\/pages\/15721\/revisions"}],"wp:attachment":[{"href":"https:\/\/www.lirapopular.cl\/lirapopularxix\/wp-json\/wp\/v2\/media?parent=15721"}],"curies":[{"name":"wp","href":"https:\/\/api.w.org\/{rel}","templated":true}]}}