{"id":15682,"date":"2021-02-05T11:30:44","date_gmt":"2021-02-05T15:30:44","guid":{"rendered":"https:\/\/www.lirapopular.cl\/lirapopularxix\/?page_id=15682"},"modified":"2021-02-05T11:30:44","modified_gmt":"2021-02-05T15:30:44","slug":"horroroso-crimen","status":"publish","type":"page","link":"https:\/\/www.lirapopular.cl\/lirapopularxix\/horroroso-crimen\/","title":{"rendered":"Horroroso crimen"},"content":{"rendered":"\n<div class=\"wp-block-image\"><figure class=\"alignright size-medium\"><a href=\"https:\/\/www.lirapopular.cl\/lirapopularxix\/wp-content\/uploads\/2021\/02\/Lira_116.jpg\"><img loading=\"lazy\" decoding=\"async\" width=\"300\" height=\"219\" src=\"https:\/\/www.lirapopular.cl\/lirapopularxix\/wp-content\/uploads\/2021\/02\/Lira_116-300x219.jpg\" alt=\"\" class=\"wp-image-15683\" srcset=\"https:\/\/www.lirapopular.cl\/lirapopularxix\/wp-content\/uploads\/2021\/02\/Lira_116-300x219.jpg 300w, https:\/\/www.lirapopular.cl\/lirapopularxix\/wp-content\/uploads\/2021\/02\/Lira_116-768x561.jpg 768w, https:\/\/www.lirapopular.cl\/lirapopularxix\/wp-content\/uploads\/2021\/02\/Lira_116.jpg 1000w\" sizes=\"auto, (max-width: 300px) 100vw, 300px\" \/><\/a><figcaption>Colecci\u00f3n Lira Popular de la<br>Universidad de Chile<\/figcaption><\/figure><\/div>\n\n\n\n<p>Autor: Adolfo Reyes.<br>Impresor: Imprenta Lathrop, Estado, 46 C.<br>Tama\u00f1o: 35,6 x 26 cm<br>Clasificaci\u00f3n: 116 T153h Caja N\u00b01<\/p>\n\n\n\n<ul class=\"wp-block-list\"><li><a href=\"https:\/\/www.lirapopular.cl\/lirapopularxix\/2021\/02\/05\/horroroso-crimen\/\">Horroroso crimen<\/a><\/li><li><a href=\"https:\/\/www.lirapopular.cl\/lirapopularxix\/2021\/02\/05\/el-hijo-que-le-pegoa-la-madre\/\">El hijo que le peg\u00f3 a la madre<\/a><\/li><li><a href=\"https:\/\/www.lirapopular.cl\/lirapopularxix\/2021\/02\/05\/parabienes-a-las-conductorasi-cocheros\/\">Parabienes a las conductoras y cocheros<\/a><\/li><li><a href=\"https:\/\/www.lirapopular.cl\/lirapopularxix\/2021\/02\/05\/despedida-de-anjel-6\/\">Despedida de \u00e1ngel.<\/a><\/li><\/ul>\n\n\n\n<p>Nota: Este ejemplar tiene escrito a mano con l\u00e1piz grafito \u201c111\/116\u201d.<br>Documento optimizado digitalmente.<\/p>\n","protected":false},"excerpt":{"rendered":"<p>Autor: Adolfo Reyes.Impresor: Imprenta Lathrop, Estado, 46 C.Tama\u00f1o: 35,6 x 26 cmClasificaci\u00f3n: 116 T153h Caja N\u00b01 Horroroso crimen El hijo que le peg\u00f3 a la madre Parabienes a las conductoras y cocheros Despedida de \u00e1ngel. Nota: Este ejemplar tiene escrito a mano con l\u00e1piz grafito \u201c111\/116\u201d.Documento optimizado digitalmente.<\/p>\n","protected":false},"author":1,"featured_media":0,"parent":0,"menu_order":0,"comment_status":"closed","ping_status":"closed","template":"","meta":{"footnotes":""},"class_list":["post-15682","page","type-page","status-publish","hentry"],"jetpack_sharing_enabled":true,"_links":{"self":[{"href":"https:\/\/www.lirapopular.cl\/lirapopularxix\/wp-json\/wp\/v2\/pages\/15682","targetHints":{"allow":["GET"]}}],"collection":[{"href":"https:\/\/www.lirapopular.cl\/lirapopularxix\/wp-json\/wp\/v2\/pages"}],"about":[{"href":"https:\/\/www.lirapopular.cl\/lirapopularxix\/wp-json\/wp\/v2\/types\/page"}],"author":[{"embeddable":true,"href":"https:\/\/www.lirapopular.cl\/lirapopularxix\/wp-json\/wp\/v2\/users\/1"}],"replies":[{"embeddable":true,"href":"https:\/\/www.lirapopular.cl\/lirapopularxix\/wp-json\/wp\/v2\/comments?post=15682"}],"version-history":[{"count":0,"href":"https:\/\/www.lirapopular.cl\/lirapopularxix\/wp-json\/wp\/v2\/pages\/15682\/revisions"}],"wp:attachment":[{"href":"https:\/\/www.lirapopular.cl\/lirapopularxix\/wp-json\/wp\/v2\/media?parent=15682"}],"curies":[{"name":"wp","href":"https:\/\/api.w.org\/{rel}","templated":true}]}}