{"id":15582,"date":"2021-02-03T12:09:03","date_gmt":"2021-02-03T16:09:03","guid":{"rendered":"https:\/\/www.lirapopular.cl\/lirapopularxix\/?page_id=15582"},"modified":"2021-02-03T12:09:03","modified_gmt":"2021-02-03T16:09:03","slug":"el-diablo-trabajandoen-el-mapocho","status":"publish","type":"page","link":"https:\/\/www.lirapopular.cl\/lirapopularxix\/el-diablo-trabajandoen-el-mapocho\/","title":{"rendered":"EL DIABLO TRABAJANDO<br>EN EL MAPOCHO"},"content":{"rendered":"\n<div class=\"wp-block-image\"><figure class=\"alignright size-medium\"><a href=\"https:\/\/www.lirapopular.cl\/lirapopularxix\/wp-content\/uploads\/2021\/02\/Lira_111b.jpg\"><img loading=\"lazy\" decoding=\"async\" width=\"223\" height=\"300\" src=\"https:\/\/www.lirapopular.cl\/lirapopularxix\/wp-content\/uploads\/2021\/02\/Lira_111b-223x300.jpg\" alt=\"\" class=\"wp-image-15583\" srcset=\"https:\/\/www.lirapopular.cl\/lirapopularxix\/wp-content\/uploads\/2021\/02\/Lira_111b-223x300.jpg 223w, https:\/\/www.lirapopular.cl\/lirapopularxix\/wp-content\/uploads\/2021\/02\/Lira_111b.jpg 743w\" sizes=\"auto, (max-width: 223px) 100vw, 223px\" \/><\/a><figcaption>Colecci\u00f3n Lira Popular de la<br>Universidad de Chile<\/figcaption><\/figure><\/div>\n\n\n\n<p>Autor: Navarrete.<br>Impresor: Sin informaci\u00f3n<br>Tama\u00f1o: 35,2 x 26,2 cm<br>Clasificaci\u00f3n: 111b T153d Caja N\u00b01<\/p>\n\n\n\n<ul class=\"wp-block-list\"><li><a href=\"https:\/\/www.lirapopular.cl\/lirapopularxix\/2021\/02\/03\/el-diablo-trabajandoen-el-mapocho\/\">El diablo trabajando en el Mapocho<\/a><\/li><\/ul>\n\n\n\n<p>Nota: Este ejemplar tiene escrito a mano con l\u00e1piz rojo \u201c106\/111 b\u201d.<br>El Archivo Central la catalog\u00f3 como de Adolfo Reyes, pero al pie firma &#8220;Navarrete&#8221;.<br>Documento optimizado digitalmente.<\/p>\n","protected":false},"excerpt":{"rendered":"<p>Autor: Navarrete.Impresor: Sin informaci\u00f3nTama\u00f1o: 35,2 x 26,2 cmClasificaci\u00f3n: 111b T153d Caja N\u00b01 El diablo trabajando en el Mapocho Nota: Este ejemplar tiene escrito a mano con l\u00e1piz rojo \u201c106\/111 b\u201d.El Archivo Central la catalog\u00f3 como de Adolfo Reyes, pero al pie firma &#8220;Navarrete&#8221;.Documento optimizado digitalmente.<\/p>\n","protected":false},"author":1,"featured_media":0,"parent":0,"menu_order":0,"comment_status":"closed","ping_status":"closed","template":"","meta":{"footnotes":""},"class_list":["post-15582","page","type-page","status-publish","hentry"],"jetpack_sharing_enabled":true,"_links":{"self":[{"href":"https:\/\/www.lirapopular.cl\/lirapopularxix\/wp-json\/wp\/v2\/pages\/15582","targetHints":{"allow":["GET"]}}],"collection":[{"href":"https:\/\/www.lirapopular.cl\/lirapopularxix\/wp-json\/wp\/v2\/pages"}],"about":[{"href":"https:\/\/www.lirapopular.cl\/lirapopularxix\/wp-json\/wp\/v2\/types\/page"}],"author":[{"embeddable":true,"href":"https:\/\/www.lirapopular.cl\/lirapopularxix\/wp-json\/wp\/v2\/users\/1"}],"replies":[{"embeddable":true,"href":"https:\/\/www.lirapopular.cl\/lirapopularxix\/wp-json\/wp\/v2\/comments?post=15582"}],"version-history":[{"count":0,"href":"https:\/\/www.lirapopular.cl\/lirapopularxix\/wp-json\/wp\/v2\/pages\/15582\/revisions"}],"wp:attachment":[{"href":"https:\/\/www.lirapopular.cl\/lirapopularxix\/wp-json\/wp\/v2\/media?parent=15582"}],"curies":[{"name":"wp","href":"https:\/\/api.w.org\/{rel}","templated":true}]}}