{"id":15531,"date":"2021-02-02T15:38:13","date_gmt":"2021-02-02T19:38:13","guid":{"rendered":"https:\/\/www.lirapopular.cl\/lirapopularxix\/?page_id=15531"},"modified":"2021-02-02T15:38:13","modified_gmt":"2021-02-02T19:38:13","slug":"suicidio-de-una-nina-en-valparaiso","status":"publish","type":"page","link":"https:\/\/www.lirapopular.cl\/lirapopularxix\/suicidio-de-una-nina-en-valparaiso\/","title":{"rendered":"SUICIDIO DE UNA NI\u00d1A <br>EN VALPARAISO"},"content":{"rendered":"\n<div class=\"wp-block-image\"><figure class=\"alignright size-medium\"><a href=\"https:\/\/www.lirapopular.cl\/lirapopularxix\/wp-content\/uploads\/2021\/02\/Lira_109.jpg\"><img loading=\"lazy\" decoding=\"async\" width=\"300\" height=\"227\" src=\"https:\/\/www.lirapopular.cl\/lirapopularxix\/wp-content\/uploads\/2021\/02\/Lira_109-300x227.jpg\" alt=\"\" class=\"wp-image-15532\" srcset=\"https:\/\/www.lirapopular.cl\/lirapopularxix\/wp-content\/uploads\/2021\/02\/Lira_109-300x227.jpg 300w, https:\/\/www.lirapopular.cl\/lirapopularxix\/wp-content\/uploads\/2021\/02\/Lira_109-768x581.jpg 768w, https:\/\/www.lirapopular.cl\/lirapopularxix\/wp-content\/uploads\/2021\/02\/Lira_109.jpg 1000w\" sizes=\"auto, (max-width: 300px) 100vw, 300px\" \/><\/a><figcaption>Colecci\u00f3n Lira Popular de la<br>Universidad de Chile<\/figcaption><\/figure><\/div>\n\n\n\n<p>Autor: Adolfo Reyes.<br>Impresor: Sin informaci\u00f3n<br>Tama\u00f1o: 37,3 x 28,4 cm<br>Clasificaci\u00f3n: 109 T153s Caja N\u00b01<\/p>\n\n\n\n<ul class=\"wp-block-list\" id=\"block-29c1eee7-f59c-4ce8-9415-9abedb08931f\"><li><a href=\"https:\/\/www.lirapopular.cl\/lirapopularxix\/2021\/02\/02\/suicidio-de-una-ninaen-valparaiso\/\">Suicidio de una ni\u00f1a en Valpara\u00edso<\/a><\/li><li><a href=\"https:\/\/www.lirapopular.cl\/lirapopularxix\/2021\/02\/02\/brindisde-una-conductora\/\">Brindis de una conductora<\/a><\/li><li><a href=\"https:\/\/www.lirapopular.cl\/lirapopularxix\/2021\/02\/02\/despedida-de-un-amantea-su-querida\/\">Despedida de un amante<\/a><\/li><li><a href=\"https:\/\/www.lirapopular.cl\/lirapopularxix\/2021\/02\/02\/la-mujer-que-mato-almarido\/\">La mujer que mat\u00f3 al marido.<\/a><\/li><\/ul>\n\n\n\n<p>Nota: Este ejemplar tiene escrito a mano con l\u00e1piz grafito \u201c104\/109\u201d.<br>Documento optimizado digitalmente.<\/p>\n","protected":false},"excerpt":{"rendered":"<p>Autor: Adolfo Reyes.Impresor: Sin informaci\u00f3nTama\u00f1o: 37,3 x 28,4 cmClasificaci\u00f3n: 109 T153s Caja N\u00b01 Suicidio de una ni\u00f1a en Valpara\u00edso Brindis de una conductora Despedida de un amante La mujer que mat\u00f3 al marido. Nota: Este ejemplar tiene escrito a mano con l\u00e1piz grafito \u201c104\/109\u201d.Documento optimizado digitalmente.<\/p>\n","protected":false},"author":1,"featured_media":0,"parent":0,"menu_order":0,"comment_status":"closed","ping_status":"closed","template":"","meta":{"footnotes":""},"class_list":["post-15531","page","type-page","status-publish","hentry"],"jetpack_sharing_enabled":true,"_links":{"self":[{"href":"https:\/\/www.lirapopular.cl\/lirapopularxix\/wp-json\/wp\/v2\/pages\/15531","targetHints":{"allow":["GET"]}}],"collection":[{"href":"https:\/\/www.lirapopular.cl\/lirapopularxix\/wp-json\/wp\/v2\/pages"}],"about":[{"href":"https:\/\/www.lirapopular.cl\/lirapopularxix\/wp-json\/wp\/v2\/types\/page"}],"author":[{"embeddable":true,"href":"https:\/\/www.lirapopular.cl\/lirapopularxix\/wp-json\/wp\/v2\/users\/1"}],"replies":[{"embeddable":true,"href":"https:\/\/www.lirapopular.cl\/lirapopularxix\/wp-json\/wp\/v2\/comments?post=15531"}],"version-history":[{"count":0,"href":"https:\/\/www.lirapopular.cl\/lirapopularxix\/wp-json\/wp\/v2\/pages\/15531\/revisions"}],"wp:attachment":[{"href":"https:\/\/www.lirapopular.cl\/lirapopularxix\/wp-json\/wp\/v2\/media?parent=15531"}],"curies":[{"name":"wp","href":"https:\/\/api.w.org\/{rel}","templated":true}]}}