{"id":1541,"date":"2019-07-12T19:14:58","date_gmt":"2019-07-12T23:14:58","guid":{"rendered":"https:\/\/www.lirapopular.cl\/lirapopularxix\/?page_id=1541"},"modified":"2019-07-12T19:14:58","modified_gmt":"2019-07-12T23:14:58","slug":"aleboso-asesinato","status":"publish","type":"page","link":"https:\/\/www.lirapopular.cl\/lirapopularxix\/aleboso-asesinato\/","title":{"rendered":"ALEBOSO ASESINATO<br>En el cerro del Arrayan de emigrante es-<br>pa\u00f1ol Juan Diaz por otro emigrante."},"content":{"rendered":"\n<div class=\"wp-block-image\"><figure class=\"alignright\"><a href=\"https:\/\/www.lirapopular.cl\/lirapopularxix\/wp-content\/uploads\/2019\/07\/701.jpg\"><img loading=\"lazy\" decoding=\"async\" width=\"300\" height=\"212\" src=\"https:\/\/www.lirapopular.cl\/lirapopularxix\/wp-content\/uploads\/2019\/07\/701-300x212.jpg\" alt=\"\" class=\"wp-image-1542\" srcset=\"https:\/\/www.lirapopular.cl\/lirapopularxix\/wp-content\/uploads\/2019\/07\/701-300x212.jpg 300w, https:\/\/www.lirapopular.cl\/lirapopularxix\/wp-content\/uploads\/2019\/07\/701-768x544.jpg 768w, https:\/\/www.lirapopular.cl\/lirapopularxix\/wp-content\/uploads\/2019\/07\/701.jpg 1000w\" sizes=\"auto, (max-width: 300px) 100vw, 300px\" \/><\/a><figcaption>Colecci\u00f3n Lira Popular de la Universidad de Chile<\/figcaption><\/figure><\/div>\n\n\n\n<p>Autor: An\u00f3nimo<br>Impresor: Sin informaci\u00f3n<br>Tama\u00f1o: 24,5 x 34,7 cm<br>Clasificaci\u00f3n: 701 A524 Caja N\u00b04a<\/p>\n\n\n\n<ul class=\"wp-block-list\"><li><a href=\"https:\/\/www.lirapopular.cl\/lirapopularxix\/2019\/07\/12\/amor-por-fuerza\/\">Amor por fuerza<\/a><\/li><li><a href=\"https:\/\/www.lirapopular.cl\/lirapopularxix\/2019\/07\/12\/aleboso-asesinato-en-el-cerro-del-arrayan-del-emigrante-es-panol-juan-diaz-por-otro-emigrante\/\">Alevoso asesinato<\/a><\/li><li><a href=\"https:\/\/www.lirapopular.cl\/lirapopularxix\/2019\/07\/12\/contrapunto-de-un-futre-con-huaso\/\">Contrapunto de un futre con un huaso<\/a><\/li><li><a href=\"https:\/\/www.lirapopular.cl\/lirapopularxix\/2019\/07\/12\/contestasion-del-huaso\/\">Contestaci\u00f3n del huaso<\/a><\/li><\/ul>\n\n\n\n<p>Nota: Este ejemplar tiene escrito a mano con l\u00e1piz rojo \u201c701\u201d<\/p>\n","protected":false},"excerpt":{"rendered":"<p>Autor: An\u00f3nimoImpresor: Sin informaci\u00f3nTama\u00f1o: 24,5 x 34,7 cmClasificaci\u00f3n: 701 A524 Caja N\u00b04a Amor por fuerza Alevoso asesinato Contrapunto de un futre con un huaso Contestaci\u00f3n del huaso Nota: Este ejemplar tiene escrito a mano con l\u00e1piz rojo \u201c701\u201d<\/p>\n","protected":false},"author":1,"featured_media":0,"parent":0,"menu_order":0,"comment_status":"closed","ping_status":"closed","template":"","meta":{"footnotes":""},"class_list":["post-1541","page","type-page","status-publish","hentry"],"jetpack_sharing_enabled":true,"_links":{"self":[{"href":"https:\/\/www.lirapopular.cl\/lirapopularxix\/wp-json\/wp\/v2\/pages\/1541","targetHints":{"allow":["GET"]}}],"collection":[{"href":"https:\/\/www.lirapopular.cl\/lirapopularxix\/wp-json\/wp\/v2\/pages"}],"about":[{"href":"https:\/\/www.lirapopular.cl\/lirapopularxix\/wp-json\/wp\/v2\/types\/page"}],"author":[{"embeddable":true,"href":"https:\/\/www.lirapopular.cl\/lirapopularxix\/wp-json\/wp\/v2\/users\/1"}],"replies":[{"embeddable":true,"href":"https:\/\/www.lirapopular.cl\/lirapopularxix\/wp-json\/wp\/v2\/comments?post=1541"}],"version-history":[{"count":0,"href":"https:\/\/www.lirapopular.cl\/lirapopularxix\/wp-json\/wp\/v2\/pages\/1541\/revisions"}],"wp:attachment":[{"href":"https:\/\/www.lirapopular.cl\/lirapopularxix\/wp-json\/wp\/v2\/media?parent=1541"}],"curies":[{"name":"wp","href":"https:\/\/api.w.org\/{rel}","templated":true}]}}