{"id":1510,"date":"2019-07-12T15:55:02","date_gmt":"2019-07-12T19:55:02","guid":{"rendered":"https:\/\/www.lirapopular.cl\/lirapopularxix\/?page_id=1510"},"modified":"2019-07-12T15:55:02","modified_gmt":"2019-07-12T19:55:02","slug":"el-monstruo-de-marsella","status":"publish","type":"page","link":"https:\/\/www.lirapopular.cl\/lirapopularxix\/el-monstruo-de-marsella\/","title":{"rendered":"El monstruo de Marsella"},"content":{"rendered":"\n<p>VERDADERA RELACION I CURIOSO ROMANCE, EN QUE SE DECLARA EL RIGUROSO CASTIGO QUE EJECUT\u00d3 DIOS NUESTRO SE\u00d1OR CON UN CABALLERO DE MARSELLA POR HABER MUERTO A SU PADRE Y A UN HERMANO SUYO Y OTRAS ATROCIDADES, SE TRANSFORMO EN LA FORMA QUE VE EL CURIOSO LECTOR.<\/p>\n\n\n\n<div class=\"wp-block-image\"><figure class=\"alignright\"><a href=\"https:\/\/www.lirapopular.cl\/lirapopularxix\/wp-content\/uploads\/2019\/07\/699.jpg\"><img decoding=\"async\" src=\"https:\/\/www.lirapopular.cl\/lirapopularxix\/wp-content\/uploads\/2019\/07\/699-300x199.jpg\" alt=\"\" class=\"wp-image-1511\"\/><\/a><\/figure><\/div>\n\n\n\n<p>Autor: An\u00f3nimo<br>Impresor: Imp. Nacional, Maip\u00fa 44.<br>Tama\u00f1o: Folleto impreso por tiro y retiro. 22,3 x 34  cm<br>Clasificaci\u00f3n: 699 M286 Caja N\u00b04a<\/p>\n\n\n\n<ul class=\"wp-block-list\"><li><a href=\"https:\/\/www.lirapopular.cl\/lirapopularxix\/2019\/07\/12\/el-monstruo-de-marsella\/\">El monstruo de Marsella<\/a><\/li><\/ul>\n\n\n\n<div class=\"wp-block-image\"><figure class=\"alignright\"><a href=\"https:\/\/www.lirapopular.cl\/lirapopularxix\/wp-content\/uploads\/2019\/07\/699v.jpg\"><img loading=\"lazy\" decoding=\"async\" width=\"300\" height=\"201\" src=\"https:\/\/www.lirapopular.cl\/lirapopularxix\/wp-content\/uploads\/2019\/07\/699v-300x201.jpg\" alt=\"\" class=\"wp-image-1512\" srcset=\"https:\/\/www.lirapopular.cl\/lirapopularxix\/wp-content\/uploads\/2019\/07\/699v-300x201.jpg 300w, https:\/\/www.lirapopular.cl\/lirapopularxix\/wp-content\/uploads\/2019\/07\/699v-768x515.jpg 768w, https:\/\/www.lirapopular.cl\/lirapopularxix\/wp-content\/uploads\/2019\/07\/699v.jpg 1000w\" sizes=\"auto, (max-width: 300px) 100vw, 300px\" \/><\/a><figcaption>Colecci\u00f3n Lira Popular de la Universidad de Chile<\/figcaption><\/figure><\/div>\n\n\n\n<p>Nota: Este ejemplar en el tiro tiene escrito a mano con l\u00e1piz rojo \u201c699\u201d y con l\u00e1piz de grafito &#8220;32&#8221;.<\/p>\n","protected":false},"excerpt":{"rendered":"<p>VERDADERA RELACION I CURIOSO ROMANCE, EN QUE SE DECLARA EL RIGUROSO CASTIGO QUE EJECUT\u00d3 DIOS NUESTRO SE\u00d1OR CON UN CABALLERO DE MARSELLA POR HABER MUERTO A SU PADRE Y A UN HERMANO SUYO Y OTRAS ATROCIDADES, SE TRANSFORMO EN LA FORMA QUE VE EL CURIOSO LECTOR. Autor: An\u00f3nimoImpresor: Imp. Nacional, Maip\u00fa 44.Tama\u00f1o: Folleto impreso por [&hellip;]<\/p>\n","protected":false},"author":1,"featured_media":0,"parent":0,"menu_order":0,"comment_status":"closed","ping_status":"closed","template":"","meta":{"footnotes":""},"class_list":["post-1510","page","type-page","status-publish","hentry"],"jetpack_sharing_enabled":true,"_links":{"self":[{"href":"https:\/\/www.lirapopular.cl\/lirapopularxix\/wp-json\/wp\/v2\/pages\/1510","targetHints":{"allow":["GET"]}}],"collection":[{"href":"https:\/\/www.lirapopular.cl\/lirapopularxix\/wp-json\/wp\/v2\/pages"}],"about":[{"href":"https:\/\/www.lirapopular.cl\/lirapopularxix\/wp-json\/wp\/v2\/types\/page"}],"author":[{"embeddable":true,"href":"https:\/\/www.lirapopular.cl\/lirapopularxix\/wp-json\/wp\/v2\/users\/1"}],"replies":[{"embeddable":true,"href":"https:\/\/www.lirapopular.cl\/lirapopularxix\/wp-json\/wp\/v2\/comments?post=1510"}],"version-history":[{"count":0,"href":"https:\/\/www.lirapopular.cl\/lirapopularxix\/wp-json\/wp\/v2\/pages\/1510\/revisions"}],"wp:attachment":[{"href":"https:\/\/www.lirapopular.cl\/lirapopularxix\/wp-json\/wp\/v2\/media?parent=1510"}],"curies":[{"name":"wp","href":"https:\/\/api.w.org\/{rel}","templated":true}]}}