{"id":1493,"date":"2019-07-11T13:13:15","date_gmt":"2019-07-11T17:13:15","guid":{"rendered":"https:\/\/www.lirapopular.cl\/lirapopularxix\/?page_id=1493"},"modified":"2019-07-11T13:13:15","modified_gmt":"2019-07-11T17:13:15","slug":"los-chilenos-cautivos-vendidos-por-daza","status":"publish","type":"page","link":"https:\/\/www.lirapopular.cl\/lirapopularxix\/los-chilenos-cautivos-vendidos-por-daza\/","title":{"rendered":"Los chilenos cautivos vendidos por Daza"},"content":{"rendered":"\n<div class=\"wp-block-image\"><figure class=\"alignright\"><a href=\"https:\/\/www.lirapopular.cl\/lirapopularxix\/wp-content\/uploads\/2019\/07\/698.jpg\"><img loading=\"lazy\" decoding=\"async\" width=\"212\" height=\"300\" src=\"https:\/\/www.lirapopular.cl\/lirapopularxix\/wp-content\/uploads\/2019\/07\/698-212x300.jpg\" alt=\"\" class=\"wp-image-1494\" srcset=\"https:\/\/www.lirapopular.cl\/lirapopularxix\/wp-content\/uploads\/2019\/07\/698-212x300.jpg 212w, https:\/\/www.lirapopular.cl\/lirapopularxix\/wp-content\/uploads\/2019\/07\/698.jpg 706w\" sizes=\"auto, (max-width: 212px) 100vw, 212px\" \/><\/a><figcaption>Colecci\u00f3n Lira Popular de la <br>Universidad de Chile<\/figcaption><\/figure><\/div>\n\n\n\n<p>Autor: An\u00f3nimo<br>Impresor: Sin informaci\u00f3n<br>Tama\u00f1o: 22 x 31,6 cm<br>Clasificaci\u00f3n: 698 C535 Caja N\u00b04a<\/p>\n\n\n\n<ul class=\"wp-block-list\"><li><a href=\"https:\/\/www.lirapopular.cl\/lirapopularxix\/2019\/07\/11\/los-chilenos-cautivos-vendidos-por-daza\/\">Los chilenos cautivos vendidos por Daza<\/a><\/li><li><a href=\"https:\/\/www.lirapopular.cl\/lirapopularxix\/2019\/07\/11\/mas-detalles-de-los-cautivos\/\">M\u00e1s detalles de los cautivos<\/a><\/li><li><a href=\"https:\/\/www.lirapopular.cl\/lirapopularxix\/2019\/07\/11\/la-influenza-2\/\">La influenza<\/a><\/li><li><a href=\"https:\/\/www.lirapopular.cl\/lirapopularxix\/2019\/07\/11\/un-prometimiento\/\">El prometimiento<\/a><\/li><\/ul>\n\n\n\n<p>Nota: Este ejemplar tiene escrito a mano con l\u00e1piz rojo \u201c698\u201d. En la parte superior hay un texto a l\u00e1piz muy d\u00e9bil.<br>Esta lira es una reimpresi\u00f3n con muy pocos cambios de <a href=\"https:\/\/www.lirapopular.cl\/lirapopularxix\/los-chilenos-cautivos-vendidos-por-daza-2\/\">esta<\/a> firmada por Nicasio Garc\u00eda.<\/p>\n","protected":false},"excerpt":{"rendered":"<p>Autor: An\u00f3nimoImpresor: Sin informaci\u00f3nTama\u00f1o: 22 x 31,6 cmClasificaci\u00f3n: 698 C535 Caja N\u00b04a Los chilenos cautivos vendidos por Daza M\u00e1s detalles de los cautivos La influenza El prometimiento Nota: Este ejemplar tiene escrito a mano con l\u00e1piz rojo \u201c698\u201d. En la parte superior hay un texto a l\u00e1piz muy d\u00e9bil.Esta lira es una reimpresi\u00f3n con muy [&hellip;]<\/p>\n","protected":false},"author":1,"featured_media":0,"parent":0,"menu_order":0,"comment_status":"closed","ping_status":"closed","template":"","meta":{"footnotes":""},"class_list":["post-1493","page","type-page","status-publish","hentry"],"jetpack_sharing_enabled":true,"_links":{"self":[{"href":"https:\/\/www.lirapopular.cl\/lirapopularxix\/wp-json\/wp\/v2\/pages\/1493","targetHints":{"allow":["GET"]}}],"collection":[{"href":"https:\/\/www.lirapopular.cl\/lirapopularxix\/wp-json\/wp\/v2\/pages"}],"about":[{"href":"https:\/\/www.lirapopular.cl\/lirapopularxix\/wp-json\/wp\/v2\/types\/page"}],"author":[{"embeddable":true,"href":"https:\/\/www.lirapopular.cl\/lirapopularxix\/wp-json\/wp\/v2\/users\/1"}],"replies":[{"embeddable":true,"href":"https:\/\/www.lirapopular.cl\/lirapopularxix\/wp-json\/wp\/v2\/comments?post=1493"}],"version-history":[{"count":0,"href":"https:\/\/www.lirapopular.cl\/lirapopularxix\/wp-json\/wp\/v2\/pages\/1493\/revisions"}],"wp:attachment":[{"href":"https:\/\/www.lirapopular.cl\/lirapopularxix\/wp-json\/wp\/v2\/media?parent=1493"}],"curies":[{"name":"wp","href":"https:\/\/api.w.org\/{rel}","templated":true}]}}