{"id":14804,"date":"2021-02-02T11:11:45","date_gmt":"2021-02-02T15:11:45","guid":{"rendered":"https:\/\/www.lirapopular.cl\/lirapopularxix\/?page_id=14804"},"modified":"2021-02-02T11:11:45","modified_gmt":"2021-02-02T15:11:45","slug":"los-dos-inmigrantehorrible-asesinato","status":"publish","type":"page","link":"https:\/\/www.lirapopular.cl\/lirapopularxix\/los-dos-inmigrantehorrible-asesinato\/","title":{"rendered":"LOS DOS INMIGRANTE<BR>HORRIBLE ASESINATO"},"content":{"rendered":"\n<div class=\"wp-block-image\"><figure class=\"alignright size-medium\"><a href=\"https:\/\/www.lirapopular.cl\/lirapopularxix\/wp-content\/uploads\/2021\/02\/Lira_108a.jpg\"><img loading=\"lazy\" decoding=\"async\" width=\"300\" height=\"221\" src=\"https:\/\/www.lirapopular.cl\/lirapopularxix\/wp-content\/uploads\/2021\/02\/Lira_108a-300x221.jpg\" alt=\"\" class=\"wp-image-14805\" srcset=\"https:\/\/www.lirapopular.cl\/lirapopularxix\/wp-content\/uploads\/2021\/02\/Lira_108a-300x221.jpg 300w, https:\/\/www.lirapopular.cl\/lirapopularxix\/wp-content\/uploads\/2021\/02\/Lira_108a-768x566.jpg 768w, https:\/\/www.lirapopular.cl\/lirapopularxix\/wp-content\/uploads\/2021\/02\/Lira_108a.jpg 1000w\" sizes=\"auto, (max-width: 300px) 100vw, 300px\" \/><\/a><figcaption>Colecci\u00f3n Lira Popular de la<br>Universidad de Chile<\/figcaption><\/figure><\/div>\n\n\n\n<p>Autor: Adolfo Reyes.<br>Impresor: Sin informaci\u00f3n<br>Tama\u00f1o: 37 x 27,2 cm<br>Clasificaci\u00f3n: 108a T153d Caja N\u00b01<\/p>\n\n\n\n<ul class=\"wp-block-list\"><li><a href=\"https:\/\/www.lirapopular.cl\/lirapopularxix\/2021\/02\/02\/los-dos-inmigrantehorrible-asesinato\/\">Los dos inmigrantes. Horrible asesinato<\/a><\/li><li><a href=\"https:\/\/www.lirapopular.cl\/lirapopularxix\/2021\/02\/02\/desesperasionde-un-amante\/\">Desesperaci\u00f3n de un amante<\/a><\/li><li><a href=\"https:\/\/www.lirapopular.cl\/lirapopularxix\/2021\/02\/02\/la-nina-robada-2\/\">La ni\u00f1a robada<\/a><\/li><li><a href=\"https:\/\/www.lirapopular.cl\/lirapopularxix\/2021\/02\/02\/sentimientos-de-amor\/\">Sentimientos de amor.<\/a><\/li><\/ul>\n\n\n\n<p>Nota: Este ejemplar tiene escrito a mano con l\u00e1piz grafito \u201c103\/108a\u201d.<br>El documento tiene reimpreso un grabado. Se reutiliz\u00f3 el lado derecho de <a href=\"https:\/\/www.lirapopular.cl\/lirapopularxix\/alevoso-crimen-en-quilicura\/\">esta lira<\/a>.<br>Esta lira fue republicada en parte por R\u00f3lak, <a href=\"https:\/\/www.lirapopular.cl\/lirapopularxix\/los-dos-inmigrante-horrible-asesinato\/\">ver<\/a>.<br>Documento optimizado digitalmente.<\/p>\n","protected":false},"excerpt":{"rendered":"<p>Autor: Adolfo Reyes.Impresor: Sin informaci\u00f3nTama\u00f1o: 37 x 27,2 cmClasificaci\u00f3n: 108a T153d Caja N\u00b01 Los dos inmigrantes. Horrible asesinato Desesperaci\u00f3n de un amante La ni\u00f1a robada Sentimientos de amor. Nota: Este ejemplar tiene escrito a mano con l\u00e1piz grafito \u201c103\/108a\u201d.El documento tiene reimpreso un grabado. Se reutiliz\u00f3 el lado derecho de esta lira.Esta lira fue republicada [&hellip;]<\/p>\n","protected":false},"author":1,"featured_media":0,"parent":0,"menu_order":0,"comment_status":"closed","ping_status":"closed","template":"","meta":{"footnotes":""},"class_list":["post-14804","page","type-page","status-publish","hentry"],"jetpack_sharing_enabled":true,"_links":{"self":[{"href":"https:\/\/www.lirapopular.cl\/lirapopularxix\/wp-json\/wp\/v2\/pages\/14804","targetHints":{"allow":["GET"]}}],"collection":[{"href":"https:\/\/www.lirapopular.cl\/lirapopularxix\/wp-json\/wp\/v2\/pages"}],"about":[{"href":"https:\/\/www.lirapopular.cl\/lirapopularxix\/wp-json\/wp\/v2\/types\/page"}],"author":[{"embeddable":true,"href":"https:\/\/www.lirapopular.cl\/lirapopularxix\/wp-json\/wp\/v2\/users\/1"}],"replies":[{"embeddable":true,"href":"https:\/\/www.lirapopular.cl\/lirapopularxix\/wp-json\/wp\/v2\/comments?post=14804"}],"version-history":[{"count":0,"href":"https:\/\/www.lirapopular.cl\/lirapopularxix\/wp-json\/wp\/v2\/pages\/14804\/revisions"}],"wp:attachment":[{"href":"https:\/\/www.lirapopular.cl\/lirapopularxix\/wp-json\/wp\/v2\/media?parent=14804"}],"curies":[{"name":"wp","href":"https:\/\/api.w.org\/{rel}","templated":true}]}}