{"id":14784,"date":"2021-02-02T09:33:23","date_gmt":"2021-02-02T13:33:23","guid":{"rendered":"https:\/\/www.lirapopular.cl\/lirapopularxix\/?page_id=14784"},"modified":"2021-02-02T09:33:23","modified_gmt":"2021-02-02T13:33:23","slug":"el-crimen-de-la-calle-de-san-pablo","status":"publish","type":"page","link":"https:\/\/www.lirapopular.cl\/lirapopularxix\/el-crimen-de-la-calle-de-san-pablo\/","title":{"rendered":"El crimen de la Calle de San Pablo"},"content":{"rendered":"\n<div class=\"wp-block-image\"><figure class=\"alignright size-medium\"><a href=\"https:\/\/www.lirapopular.cl\/lirapopularxix\/wp-content\/uploads\/2021\/02\/107a.jpg\"><img decoding=\"async\" src=\"https:\/\/www.lirapopular.cl\/lirapopularxix\/wp-content\/uploads\/2021\/02\/107a-219x300.jpg\" alt=\"\" class=\"wp-image-14785\"\/><\/a><figcaption>Colecci\u00f3n Lira Popular de la<br>Universidad de Chile<\/figcaption><\/figure><\/div>\n\n\n\n<p>Autor: A. Reyes.<br>Impresor: Sin informaci\u00f3n<br>Tama\u00f1o: 37,5 x 27,6 cm<br>Clasificaci\u00f3n: 107a T153c Caja N\u00b01, 131 T153c Caja N\u00b01<\/p>\n\n\n\n<ul class=\"wp-block-list\"><li><a href=\"https:\/\/www.lirapopular.cl\/lirapopularxix\/2021\/02\/02\/el-crimen-de-la-calle-san-pablo\/\">El crimen de la calle San Pablo<\/a><\/li><li><a href=\"https:\/\/www.lirapopular.cl\/lirapopularxix\/2021\/02\/02\/horribles-asesinatos\/\">Horribles asesinatos<\/a><\/li><li><a href=\"https:\/\/www.lirapopular.cl\/lirapopularxix\/2021\/02\/02\/ahogados\/\">Ahogados<\/a><\/li><li><a href=\"https:\/\/www.lirapopular.cl\/lirapopularxix\/2021\/02\/02\/vasques-en-la-prision\/\">V\u00e1squez en la prisi\u00f3n<\/a><\/li><li><a href=\"https:\/\/www.lirapopular.cl\/lirapopularxix\/2021\/02\/02\/un-ninohorriblemente-quemado\/\">Un ni\u00f1o horriblemente quemado.<\/a><\/li><\/ul>\n\n\n\n<p>Nota: El 1er ejemplar tiene escrito a mano con l\u00e1piz grafito \u201c102\/107 a\u201d.<br>El 2\u00ba ejemplar tiene escrito a mano con l\u00e1piz grafito \u201c125\/131\u201d.<br>Documentos optimizados digitalmente.<\/p>\n\n\n\n<div class=\"wp-block-image\"><figure class=\"alignright size-medium\"><a href=\"https:\/\/www.lirapopular.cl\/lirapopularxix\/wp-content\/uploads\/2021\/02\/Lira_131.jpg\"><img decoding=\"async\" src=\"https:\/\/www.lirapopular.cl\/lirapopularxix\/wp-content\/uploads\/2021\/02\/Lira_131-219x300.jpg\" alt=\"\" class=\"wp-image-15910\"\/><\/a><figcaption>Colecci\u00f3n Lira Popular de la<br>Universidad de Chile<\/figcaption><\/figure><\/div>\n","protected":false},"excerpt":{"rendered":"<p>Autor: A. Reyes.Impresor: Sin informaci\u00f3nTama\u00f1o: 37,5 x 27,6 cmClasificaci\u00f3n: 107a T153c Caja N\u00b01, 131 T153c Caja N\u00b01 El crimen de la calle San Pablo Horribles asesinatos Ahogados V\u00e1squez en la prisi\u00f3n Un ni\u00f1o horriblemente quemado. Nota: El 1er ejemplar tiene escrito a mano con l\u00e1piz grafito \u201c102\/107 a\u201d.El 2\u00ba ejemplar tiene escrito a mano con [&hellip;]<\/p>\n","protected":false},"author":1,"featured_media":0,"parent":0,"menu_order":0,"comment_status":"closed","ping_status":"closed","template":"","meta":{"footnotes":""},"class_list":["post-14784","page","type-page","status-publish","hentry"],"jetpack_sharing_enabled":true,"_links":{"self":[{"href":"https:\/\/www.lirapopular.cl\/lirapopularxix\/wp-json\/wp\/v2\/pages\/14784","targetHints":{"allow":["GET"]}}],"collection":[{"href":"https:\/\/www.lirapopular.cl\/lirapopularxix\/wp-json\/wp\/v2\/pages"}],"about":[{"href":"https:\/\/www.lirapopular.cl\/lirapopularxix\/wp-json\/wp\/v2\/types\/page"}],"author":[{"embeddable":true,"href":"https:\/\/www.lirapopular.cl\/lirapopularxix\/wp-json\/wp\/v2\/users\/1"}],"replies":[{"embeddable":true,"href":"https:\/\/www.lirapopular.cl\/lirapopularxix\/wp-json\/wp\/v2\/comments?post=14784"}],"version-history":[{"count":0,"href":"https:\/\/www.lirapopular.cl\/lirapopularxix\/wp-json\/wp\/v2\/pages\/14784\/revisions"}],"wp:attachment":[{"href":"https:\/\/www.lirapopular.cl\/lirapopularxix\/wp-json\/wp\/v2\/media?parent=14784"}],"curies":[{"name":"wp","href":"https:\/\/api.w.org\/{rel}","templated":true}]}}