{"id":14767,"date":"2021-02-01T20:00:44","date_gmt":"2021-02-02T00:00:44","guid":{"rendered":"https:\/\/www.lirapopular.cl\/lirapopularxix\/?page_id=14767"},"modified":"2021-02-01T20:00:44","modified_gmt":"2021-02-02T00:00:44","slug":"la-triste-ejecucion-del-reo-jose-garriso","status":"publish","type":"page","link":"https:\/\/www.lirapopular.cl\/lirapopularxix\/la-triste-ejecucion-del-reo-jose-garriso\/","title":{"rendered":"La triste ejecucion del reo Jos\u00e9 Carriso"},"content":{"rendered":"\n<div class=\"wp-block-image\"><figure class=\"alignright size-medium\"><a href=\"https:\/\/www.lirapopular.cl\/lirapopularxix\/wp-content\/uploads\/2021\/02\/Lira_106b.jpg\"><img loading=\"lazy\" decoding=\"async\" width=\"214\" height=\"300\" src=\"https:\/\/www.lirapopular.cl\/lirapopularxix\/wp-content\/uploads\/2021\/02\/Lira_106b-214x300.jpg\" alt=\"\" class=\"wp-image-14768\" srcset=\"https:\/\/www.lirapopular.cl\/lirapopularxix\/wp-content\/uploads\/2021\/02\/Lira_106b-214x300.jpg 214w, https:\/\/www.lirapopular.cl\/lirapopularxix\/wp-content\/uploads\/2021\/02\/Lira_106b.jpg 714w\" sizes=\"auto, (max-width: 214px) 100vw, 214px\" \/><\/a><figcaption>Colecci\u00f3n Lira Popular de la<br>Universidad de Chile<\/figcaption><\/figure><\/div>\n\n\n\n<p>Autor: Adolfo Reyes.<br>Impresor: Imp. de \u00abLa Justicia\u00bb, Nataniel 98-A<br>Tama\u00f1o: 37,5 x 27 cm<br>Clasificaci\u00f3n: 106b T153t Caja N\u00b01, BN C\u00f3digo:\u00a0LO0012174<\/p>\n\n\n\n<ul class=\"wp-block-list\"><li><a href=\"https:\/\/www.lirapopular.cl\/lirapopularxix\/2021\/02\/02\/sentencia-del-reo\/\">Sentencia del reo<\/a><\/li><li><a href=\"https:\/\/www.lirapopular.cl\/lirapopularxix\/2021\/02\/02\/la-ejecucion-2\/\">La ejecuci\u00f3n<\/a><\/li><li><a href=\"https:\/\/www.lirapopular.cl\/lirapopularxix\/2021\/02\/02\/el-discurso\/\">El discurso<\/a><\/li><li><a href=\"https:\/\/www.lirapopular.cl\/lirapopularxix\/2021\/02\/02\/sus-ultimos-momento\/\">Sus \u00faltimos momentos<\/a><\/li><li><a href=\"https:\/\/www.lirapopular.cl\/lirapopularxix\/2021\/02\/02\/feroz-asesinato-2\/\">Feroz asesinato<\/a><\/li><\/ul>\n\n\n\n<p>Nota: El 1er ejemplar tiene escrito a mano con l\u00e1piz grafito: &#8220;106b&#8221;.<br>El 2\u00ba ejemplar tiene escrito a mano con l\u00e1piz rojo \u201c-6-\u201d, &#8220;9&#8221;, con l\u00e1piz grafito &#8220;6&#8221; y con un timbre &#8220;0271&#8221;.<br>Documentos optimizados digitalmente.<\/p>\n\n\n\n<div class=\"wp-block-image\"><figure class=\"alignright size-medium\"><a href=\"https:\/\/www.lirapopular.cl\/lirapopularxix\/wp-content\/uploads\/2021\/03\/LO0012174.jpg\"><img loading=\"lazy\" decoding=\"async\" width=\"219\" height=\"300\" src=\"https:\/\/www.lirapopular.cl\/lirapopularxix\/wp-content\/uploads\/2021\/03\/LO0012174-219x300.jpg\" alt=\"\" class=\"wp-image-17700\" srcset=\"https:\/\/www.lirapopular.cl\/lirapopularxix\/wp-content\/uploads\/2021\/03\/LO0012174-219x300.jpg 219w, https:\/\/www.lirapopular.cl\/lirapopularxix\/wp-content\/uploads\/2021\/03\/LO0012174.jpg 730w\" sizes=\"auto, (max-width: 219px) 100vw, 219px\" \/><\/a><figcaption>Archivo de Literatura Oral<br>Fondo Rodolfo Lenz<\/figcaption><\/figure><\/div>\n","protected":false},"excerpt":{"rendered":"<p>Autor: Adolfo Reyes.Impresor: Imp. de \u00abLa Justicia\u00bb, Nataniel 98-ATama\u00f1o: 37,5 x 27 cmClasificaci\u00f3n: 106b T153t Caja N\u00b01, BN C\u00f3digo:\u00a0LO0012174 Sentencia del reo La ejecuci\u00f3n El discurso Sus \u00faltimos momentos Feroz asesinato Nota: El 1er ejemplar tiene escrito a mano con l\u00e1piz grafito: &#8220;106b&#8221;.El 2\u00ba ejemplar tiene escrito a mano con l\u00e1piz rojo \u201c-6-\u201d, &#8220;9&#8221;, con [&hellip;]<\/p>\n","protected":false},"author":1,"featured_media":0,"parent":0,"menu_order":0,"comment_status":"closed","ping_status":"closed","template":"","meta":{"footnotes":""},"class_list":["post-14767","page","type-page","status-publish","hentry"],"jetpack_sharing_enabled":true,"_links":{"self":[{"href":"https:\/\/www.lirapopular.cl\/lirapopularxix\/wp-json\/wp\/v2\/pages\/14767","targetHints":{"allow":["GET"]}}],"collection":[{"href":"https:\/\/www.lirapopular.cl\/lirapopularxix\/wp-json\/wp\/v2\/pages"}],"about":[{"href":"https:\/\/www.lirapopular.cl\/lirapopularxix\/wp-json\/wp\/v2\/types\/page"}],"author":[{"embeddable":true,"href":"https:\/\/www.lirapopular.cl\/lirapopularxix\/wp-json\/wp\/v2\/users\/1"}],"replies":[{"embeddable":true,"href":"https:\/\/www.lirapopular.cl\/lirapopularxix\/wp-json\/wp\/v2\/comments?post=14767"}],"version-history":[{"count":0,"href":"https:\/\/www.lirapopular.cl\/lirapopularxix\/wp-json\/wp\/v2\/pages\/14767\/revisions"}],"wp:attachment":[{"href":"https:\/\/www.lirapopular.cl\/lirapopularxix\/wp-json\/wp\/v2\/media?parent=14767"}],"curies":[{"name":"wp","href":"https:\/\/api.w.org\/{rel}","templated":true}]}}