{"id":14750,"date":"2021-02-01T19:02:39","date_gmt":"2021-02-01T23:02:39","guid":{"rendered":"https:\/\/www.lirapopular.cl\/lirapopularxix\/?page_id=14750"},"modified":"2021-02-01T19:02:39","modified_gmt":"2021-02-01T23:02:39","slug":"fusilamiento-del-reo-pozo","status":"publish","type":"page","link":"https:\/\/www.lirapopular.cl\/lirapopularxix\/fusilamiento-del-reo-pozo\/","title":{"rendered":"Fusilamiento del reo Pozo"},"content":{"rendered":"\n<div class=\"wp-block-image\"><figure class=\"alignright size-medium\"><a href=\"https:\/\/www.lirapopular.cl\/lirapopularxix\/wp-content\/uploads\/2021\/02\/Lira_106a.jpg\"><img decoding=\"async\" src=\"https:\/\/www.lirapopular.cl\/lirapopularxix\/wp-content\/uploads\/2021\/02\/Lira_106a-210x300.jpg\" alt=\"\" class=\"wp-image-14751\"\/><\/a><figcaption>Colecci\u00f3n Lira Popular de la<br>Universidad de Chile<\/figcaption><\/figure><\/div>\n\n\n\n<p>Autor: A. Reyes<br>Impresor: Sin informaci\u00f3n<br>Tama\u00f1o: 37,6 x 26,3 cm<br>Clasificaci\u00f3n: 106a T153h Caja N\u00b01<\/p>\n\n\n\n<ul class=\"wp-block-list\"><li><a href=\"https:\/\/www.lirapopular.cl\/lirapopularxix\/2021\/02\/01\/la-falsa-hermosura\/\">La falsa hermosura<\/a><\/li><li><a href=\"https:\/\/www.lirapopular.cl\/lirapopularxix\/2021\/02\/01\/brindis-de-un-bombero\/\">Brindis de un bombero<\/a><\/li><li><a href=\"https:\/\/www.lirapopular.cl\/lirapopularxix\/2021\/02\/01\/plegaria-del-reoen-capilla\/\">Plegaria del reo en capilla<\/a><\/li><li><a href=\"https:\/\/www.lirapopular.cl\/lirapopularxix\/2021\/02\/01\/la-triste-ejecucion-del-reo-francisco-pozo\/\">La triste ejecuci\u00f3n del reo Francisco Pozo<\/a><\/li><\/ul>\n\n\n\n<p>Nota: Texto manuscrito con l\u00e1piz grafito: &#8220;106a&#8221;<br>Documento optimizado digitalmente.<\/p>\n","protected":false},"excerpt":{"rendered":"<p>Autor: A. ReyesImpresor: Sin informaci\u00f3nTama\u00f1o: 37,6 x 26,3 cmClasificaci\u00f3n: 106a T153h Caja N\u00b01 La falsa hermosura Brindis de un bombero Plegaria del reo en capilla La triste ejecuci\u00f3n del reo Francisco Pozo Nota: Texto manuscrito con l\u00e1piz grafito: &#8220;106a&#8221;Documento optimizado digitalmente.<\/p>\n","protected":false},"author":1,"featured_media":0,"parent":0,"menu_order":0,"comment_status":"closed","ping_status":"closed","template":"","meta":{"footnotes":""},"class_list":["post-14750","page","type-page","status-publish","hentry"],"jetpack_sharing_enabled":true,"_links":{"self":[{"href":"https:\/\/www.lirapopular.cl\/lirapopularxix\/wp-json\/wp\/v2\/pages\/14750","targetHints":{"allow":["GET"]}}],"collection":[{"href":"https:\/\/www.lirapopular.cl\/lirapopularxix\/wp-json\/wp\/v2\/pages"}],"about":[{"href":"https:\/\/www.lirapopular.cl\/lirapopularxix\/wp-json\/wp\/v2\/types\/page"}],"author":[{"embeddable":true,"href":"https:\/\/www.lirapopular.cl\/lirapopularxix\/wp-json\/wp\/v2\/users\/1"}],"replies":[{"embeddable":true,"href":"https:\/\/www.lirapopular.cl\/lirapopularxix\/wp-json\/wp\/v2\/comments?post=14750"}],"version-history":[{"count":0,"href":"https:\/\/www.lirapopular.cl\/lirapopularxix\/wp-json\/wp\/v2\/pages\/14750\/revisions"}],"wp:attachment":[{"href":"https:\/\/www.lirapopular.cl\/lirapopularxix\/wp-json\/wp\/v2\/media?parent=14750"}],"curies":[{"name":"wp","href":"https:\/\/api.w.org\/{rel}","templated":true}]}}