{"id":14463,"date":"2020-12-14T10:56:45","date_gmt":"2020-12-14T14:56:45","guid":{"rendered":"https:\/\/www.lirapopular.cl\/lirapopularxix\/?page_id=14463"},"modified":"2020-12-14T10:56:45","modified_gmt":"2020-12-14T14:56:45","slug":"alma-chilena","status":"publish","type":"page","link":"https:\/\/www.lirapopular.cl\/lirapopularxix\/alma-chilena\/","title":{"rendered":"ALMA CHILENA<br>Al Publico en General"},"content":{"rendered":"\n<div class=\"wp-block-image\"><figure class=\"alignright size-medium\"><a href=\"https:\/\/www.lirapopular.cl\/lirapopularxix\/wp-content\/uploads\/2020\/12\/LO0012297.jpg\"><img loading=\"lazy\" decoding=\"async\" width=\"209\" height=\"300\" src=\"https:\/\/www.lirapopular.cl\/lirapopularxix\/wp-content\/uploads\/2020\/12\/LO0012297-209x300.jpg\" alt=\"\" class=\"wp-image-14464\" srcset=\"https:\/\/www.lirapopular.cl\/lirapopularxix\/wp-content\/uploads\/2020\/12\/LO0012297-209x300.jpg 209w, https:\/\/www.lirapopular.cl\/lirapopularxix\/wp-content\/uploads\/2020\/12\/LO0012297.jpg 698w\" sizes=\"auto, (max-width: 209px) 100vw, 209px\" \/><\/a><figcaption>Archivo de Literatura Oral<br>Fondo Rodolfo Lenz<\/figcaption><\/figure><\/div>\n\n\n\n<p>Autor: Victorino Varela S. (editor), Conferencia 1066<br>Impresor: Sin informaci\u00f3n<br>Tama\u00f1o: 39 x 28 cm<br>Clasificaci\u00f3n: BN C\u00f3digo:\u00a0LO0012297<\/p>\n\n\n\n<ul class=\"wp-block-list\"><li><a href=\"https:\/\/www.lirapopular.cl\/lirapopularxix\/2020\/12\/14\/milagroso-mesa-bell\/\">Milagroso Mesa Bell<\/a><\/li><li><a href=\"https:\/\/www.lirapopular.cl\/lirapopularxix\/2020\/12\/14\/ideas-de-un-borracho\/\">Ideas de un borracho<\/a><\/li><li><a href=\"https:\/\/www.lirapopular.cl\/lirapopularxix\/2020\/12\/14\/cueca-a-las-materas\/\">Cueca a las materas<\/a><\/li><li><a href=\"https:\/\/www.lirapopular.cl\/lirapopularxix\/2020\/12\/14\/la-condena-de-perello\/\">La condena de Perell\u00f3<\/a><\/li><\/ul>\n\n\n\n<p>Nota: Texto de bajada de t\u00edtulo:<br>Esta HOJA, saldr\u00e1 diariamente y versificar\u00e1 toda clase de cr\u00edmenes que se perpetren con alevosia como tambi\u00e9n todo movimiento politico y cosas an\u00e1logas a las anteriores sin salirse del marco que imponen nuestras leyes.<br>Su editor, Victorino Varela S., mantendr\u00e1 permanentemente esta hoja y cambiar\u00e1 semanalmente sus composiciones.<br>Atendera toda clases de pedidos, por mayor y menor a todo el largo del pais, con prontitud y esmero.- El Editor VICTORINO VARELA S- Conferencia 1066.<\/p>\n\n\n\n<p>Este ejemplar tiene escrito a mano con l\u00e1piz rojo \u201c-5-\u201d con l\u00e1piz azul &#8220;11\/1158 17&#8221;, dos timbres Biblioteca Nacional.<br>Documento optimizado digitalmente.<\/p>\n","protected":false},"excerpt":{"rendered":"<p>Autor: Victorino Varela S. (editor), Conferencia 1066Impresor: Sin informaci\u00f3nTama\u00f1o: 39 x 28 cmClasificaci\u00f3n: BN C\u00f3digo:\u00a0LO0012297 Milagroso Mesa Bell Ideas de un borracho Cueca a las materas La condena de Perell\u00f3 Nota: Texto de bajada de t\u00edtulo:Esta HOJA, saldr\u00e1 diariamente y versificar\u00e1 toda clase de cr\u00edmenes que se perpetren con alevosia como tambi\u00e9n todo movimiento politico [&hellip;]<\/p>\n","protected":false},"author":1,"featured_media":0,"parent":0,"menu_order":0,"comment_status":"closed","ping_status":"closed","template":"","meta":{"footnotes":""},"class_list":["post-14463","page","type-page","status-publish","hentry"],"jetpack_sharing_enabled":true,"_links":{"self":[{"href":"https:\/\/www.lirapopular.cl\/lirapopularxix\/wp-json\/wp\/v2\/pages\/14463","targetHints":{"allow":["GET"]}}],"collection":[{"href":"https:\/\/www.lirapopular.cl\/lirapopularxix\/wp-json\/wp\/v2\/pages"}],"about":[{"href":"https:\/\/www.lirapopular.cl\/lirapopularxix\/wp-json\/wp\/v2\/types\/page"}],"author":[{"embeddable":true,"href":"https:\/\/www.lirapopular.cl\/lirapopularxix\/wp-json\/wp\/v2\/users\/1"}],"replies":[{"embeddable":true,"href":"https:\/\/www.lirapopular.cl\/lirapopularxix\/wp-json\/wp\/v2\/comments?post=14463"}],"version-history":[{"count":0,"href":"https:\/\/www.lirapopular.cl\/lirapopularxix\/wp-json\/wp\/v2\/pages\/14463\/revisions"}],"wp:attachment":[{"href":"https:\/\/www.lirapopular.cl\/lirapopularxix\/wp-json\/wp\/v2\/media?parent=14463"}],"curies":[{"name":"wp","href":"https:\/\/api.w.org\/{rel}","templated":true}]}}