{"id":14424,"date":"2020-12-13T15:13:58","date_gmt":"2020-12-13T19:13:58","guid":{"rendered":"https:\/\/www.lirapopular.cl\/lirapopularxix\/?page_id=14424"},"modified":"2020-12-13T15:13:58","modified_gmt":"2020-12-13T19:13:58","slug":"grandes-crimenes","status":"publish","type":"page","link":"https:\/\/www.lirapopular.cl\/lirapopularxix\/grandes-crimenes\/","title":{"rendered":"\u00a1\u00a1\u00a1GRANDES CRIMENES!!!<br>CUECAS DE DON FEDERICO ERRAZURIZ"},"content":{"rendered":"\n<div class=\"wp-block-image\"><figure class=\"alignright size-medium\"><a href=\"https:\/\/www.lirapopular.cl\/lirapopularxix\/wp-content\/uploads\/2020\/12\/LO0012178.jpg\"><img loading=\"lazy\" decoding=\"async\" width=\"179\" height=\"300\" src=\"https:\/\/www.lirapopular.cl\/lirapopularxix\/wp-content\/uploads\/2020\/12\/LO0012178-179x300.jpg\" alt=\"\" class=\"wp-image-14425\" srcset=\"https:\/\/www.lirapopular.cl\/lirapopularxix\/wp-content\/uploads\/2020\/12\/LO0012178-179x300.jpg 179w, https:\/\/www.lirapopular.cl\/lirapopularxix\/wp-content\/uploads\/2020\/12\/LO0012178.jpg 595w\" sizes=\"auto, (max-width: 179px) 100vw, 179px\" \/><\/a><figcaption>Archivo de Literatura Oral<br>Fondo Rodolfo Lenz<\/figcaption><\/figure><\/div>\n\n\n\n<p>Autor: Adolfo Reyes y  [  ] Juan Ram\u00f3n Gonz\u00e1lez<br>Impresor: Imp. \u00abLa Sin Rival\u00bb<br>Tama\u00f1o: 55 x 32 cm<br>Clasificaci\u00f3n: BN C\u00f3digo:&nbsp;LO0012178<\/p>\n\n\n\n<ul class=\"wp-block-list\"><li><a href=\"https:\/\/www.lirapopular.cl\/lirapopularxix\/2020\/12\/13\/gran-contrapunto\/\">Gran contrapunto<\/a><\/li><li><a href=\"https:\/\/www.lirapopular.cl\/lirapopularxix\/2020\/12\/13\/el-drama-horroroso-de-la-calle\/\">El drama horroroso de la calle de Santa Rosa<\/a><\/li><li><a href=\"https:\/\/www.lirapopular.cl\/lirapopularxix\/2020\/12\/13\/el-guardian-de-la-c-asesinado-en-la-calle-vergara\/\">El guardian de la C. Asesinado en la calle Vergara<\/a><\/li><li><a href=\"https:\/\/www.lirapopular.cl\/lirapopularxix\/2020\/12\/13\/contrapuntodel-peluquero-con-elparroquiano\/\">Contrapunto del peluquero con el parroquiano<\/a><\/li><li><a href=\"https:\/\/www.lirapopular.cl\/lirapopularxix\/2020\/12\/13\/cuecas-4\/\">Cuecas<\/a><\/li><\/ul>\n\n\n\n<p>Nota: Est\u00e1 firmado por dos autores pero no se individualiza la autor\u00eda.<br>Este ejemplar tiene escrito a mano con l\u00e1piz rojo \u201c-10-\u201d, con un timbre &#8220;416&#8221; y con l\u00e1piz azul subrayado &#8220;Adolfo Reyes i&#8221; y manuscrito: &#8220;dos autores?&#8221;.<br>Documento optimizado digitalmente.<br>Marzo 1900. <em>Dataci\u00f3n de las liras populares de la Colecci\u00f3n Lenz<\/em>. Carolina Tapia<\/p>\n","protected":false},"excerpt":{"rendered":"<p>Autor: Adolfo Reyes y [ ] Juan Ram\u00f3n Gonz\u00e1lezImpresor: Imp. \u00abLa Sin Rival\u00bbTama\u00f1o: 55 x 32 cmClasificaci\u00f3n: BN C\u00f3digo:&nbsp;LO0012178 Gran contrapunto El drama horroroso de la calle de Santa Rosa El guardian de la C. Asesinado en la calle Vergara Contrapunto del peluquero con el parroquiano Cuecas Nota: Est\u00e1 firmado por dos autores pero no [&hellip;]<\/p>\n","protected":false},"author":1,"featured_media":0,"parent":0,"menu_order":0,"comment_status":"closed","ping_status":"closed","template":"","meta":{"footnotes":""},"class_list":["post-14424","page","type-page","status-publish","hentry"],"jetpack_sharing_enabled":true,"_links":{"self":[{"href":"https:\/\/www.lirapopular.cl\/lirapopularxix\/wp-json\/wp\/v2\/pages\/14424","targetHints":{"allow":["GET"]}}],"collection":[{"href":"https:\/\/www.lirapopular.cl\/lirapopularxix\/wp-json\/wp\/v2\/pages"}],"about":[{"href":"https:\/\/www.lirapopular.cl\/lirapopularxix\/wp-json\/wp\/v2\/types\/page"}],"author":[{"embeddable":true,"href":"https:\/\/www.lirapopular.cl\/lirapopularxix\/wp-json\/wp\/v2\/users\/1"}],"replies":[{"embeddable":true,"href":"https:\/\/www.lirapopular.cl\/lirapopularxix\/wp-json\/wp\/v2\/comments?post=14424"}],"version-history":[{"count":0,"href":"https:\/\/www.lirapopular.cl\/lirapopularxix\/wp-json\/wp\/v2\/pages\/14424\/revisions"}],"wp:attachment":[{"href":"https:\/\/www.lirapopular.cl\/lirapopularxix\/wp-json\/wp\/v2\/media?parent=14424"}],"curies":[{"name":"wp","href":"https:\/\/api.w.org\/{rel}","templated":true}]}}