{"id":144,"date":"2019-06-02T22:06:51","date_gmt":"2019-06-02T22:06:51","guid":{"rendered":"https:\/\/www.lirapopular.cl\/lirapopularxix\/?page_id=144"},"modified":"2019-06-02T22:06:51","modified_gmt":"2019-06-02T22:06:51","slug":"el-hijo-que-mato-al-padreen-talcaes-condenado-a-muerteviva-el-18-de-septiembre-de-1810","status":"publish","type":"page","link":"https:\/\/www.lirapopular.cl\/lirapopularxix\/el-hijo-que-mato-al-padreen-talcaes-condenado-a-muerteviva-el-18-de-septiembre-de-1810\/","title":{"rendered":"El hijo que mat\u00f3 al padre <br>en Talca <\/br>es condenado a muerte <br>\u00a1Viva el 18 de septiembre de 1810!<\/br>"},"content":{"rendered":"<div id=\"attachment_145\" style=\"width: 220px\" class=\"wp-caption alignright\"><a href=\"https:\/\/www.lirapopular.cl\/lirapopularxix\/wp-content\/uploads\/2019\/06\/344.jpg\" rel=\"attachment wp-att-145\"><img loading=\"lazy\" decoding=\"async\" aria-describedby=\"caption-attachment-145\" class=\"wp-image-145 size-medium\" src=\"https:\/\/www.lirapopular.cl\/lirapopularxix\/wp-content\/uploads\/2019\/06\/344-210x300.jpg\" alt=\"\" width=\"210\" height=\"300\" srcset=\"https:\/\/www.lirapopular.cl\/lirapopularxix\/wp-content\/uploads\/2019\/06\/344-210x300.jpg 210w, https:\/\/www.lirapopular.cl\/lirapopularxix\/wp-content\/uploads\/2019\/06\/344.jpg 699w\" sizes=\"auto, (max-width: 210px) 100vw, 210px\" \/><\/a><p id=\"caption-attachment-145\" class=\"wp-caption-text\">Colecci\u00f3n Lira Popular de la<br \/>Universidad de Chile<\/p><\/div>\n<p>Autor: Rosa Araneda<br \/>Impresor: Calle de Za\u00f1artu, N\u00famero 9 Entre San Pablo i Sama<sup><br \/><\/sup>Tama\u00f1o: 37,4 x 53,5 cm<br \/>Clasificaci\u00f3n: <span data-sheets-value=\"{&quot;1&quot;:2,&quot;2&quot;:&quot;344 A663m Caja N\u00b04b&quot;}\" data-sheets-userformat=\"{&quot;2&quot;:641,&quot;3&quot;:{&quot;1&quot;:0},&quot;10&quot;:0,&quot;12&quot;:0}\">344 A663m Caja N\u00b04b<\/span><\/p>\n<ul>\n<li><a href=\"https:\/\/www.lirapopular.cl\/lirapopularxix\/2019\/06\/02\/el-hijoque-mato-al-padre-en-talca-es-condenado-a-muerte\/\">El hijo que mat\u00f3 al padre en Talca es condenado a muerte<\/a><\/li>\n<li><a href=\"https:\/\/www.lirapopular.cl\/lirapopularxix\/2019\/06\/02\/viva-el-dieziochode-setiembre-de-1810\/\">Viva el Dieciocho<\/a><\/li>\n<li><a href=\"https:\/\/www.lirapopular.cl\/lirapopularxix\/2019\/06\/03\/cancion-nacional-patriotanueva-composicioncoro\/\">Canci\u00f3n nacional patriota<\/a><\/li>\n<li><a href=\"https:\/\/www.lirapopular.cl\/lirapopularxix\/2019\/06\/03\/versos-a-lo-divinopara-el-dieziocho\/\">Versos a lo divino<\/a><\/li>\n<li><a href=\"https:\/\/www.lirapopular.cl\/lirapopularxix\/2019\/06\/03\/redondilla-de-un-huasoenamorado-en-el-dieziocho\/\">Redondilla de un huaso<\/a><\/li>\n<li><a href=\"https:\/\/www.lirapopular.cl\/lirapopularxix\/2019\/06\/03\/sigue-la-aventurade-los-jovenes-i-una-dama\/\">Sigue la aventura<\/a><\/li>\n<\/ul>\n<p>Nota: Este ejemplar tiene escrito a mano con l\u00e1piz rojo \u201c344\u201d<br \/>La direcci\u00f3n est\u00e1 da\u00f1ada, pero es similar a la que aparece en <a href=\"https:\/\/www.lirapopular.cl\/lirapopularxix\/horroroso-salteo-en-san-rafael\/\">esta lira<\/a>.<\/p>\n<p>\u00a0<\/p>\n<p>.<\/p>\n\n","protected":false},"excerpt":{"rendered":"<p>Autor: Rosa AranedaImpresor: Calle de Za\u00f1artu, N\u00famero 9 Entre San Pablo i SamaTama\u00f1o: 37,4 x 53,5 cmClasificaci\u00f3n: 344 A663m Caja N\u00b04b El hijo que mat\u00f3 al padre en Talca es condenado a muerte Viva el Dieciocho Canci\u00f3n nacional patriota Versos a lo divino Redondilla de un huaso Sigue la aventura Nota: Este ejemplar tiene escrito [&hellip;]<\/p>\n","protected":false},"author":1,"featured_media":0,"parent":0,"menu_order":0,"comment_status":"closed","ping_status":"closed","template":"","meta":{"footnotes":""},"class_list":["post-144","page","type-page","status-publish","hentry"],"jetpack_sharing_enabled":true,"_links":{"self":[{"href":"https:\/\/www.lirapopular.cl\/lirapopularxix\/wp-json\/wp\/v2\/pages\/144","targetHints":{"allow":["GET"]}}],"collection":[{"href":"https:\/\/www.lirapopular.cl\/lirapopularxix\/wp-json\/wp\/v2\/pages"}],"about":[{"href":"https:\/\/www.lirapopular.cl\/lirapopularxix\/wp-json\/wp\/v2\/types\/page"}],"author":[{"embeddable":true,"href":"https:\/\/www.lirapopular.cl\/lirapopularxix\/wp-json\/wp\/v2\/users\/1"}],"replies":[{"embeddable":true,"href":"https:\/\/www.lirapopular.cl\/lirapopularxix\/wp-json\/wp\/v2\/comments?post=144"}],"version-history":[{"count":0,"href":"https:\/\/www.lirapopular.cl\/lirapopularxix\/wp-json\/wp\/v2\/pages\/144\/revisions"}],"wp:attachment":[{"href":"https:\/\/www.lirapopular.cl\/lirapopularxix\/wp-json\/wp\/v2\/media?parent=144"}],"curies":[{"name":"wp","href":"https:\/\/api.w.org\/{rel}","templated":true}]}}