{"id":1437,"date":"2019-07-09T17:20:21","date_gmt":"2019-07-09T21:20:21","guid":{"rendered":"https:\/\/www.lirapopular.cl\/lirapopularxix\/?page_id=1437"},"modified":"2019-07-09T17:20:21","modified_gmt":"2019-07-09T21:20:21","slug":"fusilamiento-en-santiago-de-los-reos-tomas-bermal-y-jose-manuel-salas","status":"publish","type":"page","link":"https:\/\/www.lirapopular.cl\/lirapopularxix\/fusilamiento-en-santiago-de-los-reos-tomas-bermal-y-jose-manuel-salas\/","title":{"rendered":"Fusilamiento <br>en Santiago de los reos Tom\u00e1s Bermal y Jos\u00e9 Manuel Salas."},"content":{"rendered":"<div class=\"wp-block-image\">\n<figure class=\"alignright\"><a href=\"https:\/\/www.lirapopular.cl\/lirapopularxix\/wp-content\/uploads\/2019\/07\/695.jpg\"><img loading=\"lazy\" decoding=\"async\" width=\"221\" height=\"300\" src=\"https:\/\/www.lirapopular.cl\/lirapopularxix\/wp-content\/uploads\/2019\/07\/695-221x300.jpg\" alt=\"\" class=\"wp-image-1438\" srcset=\"https:\/\/www.lirapopular.cl\/lirapopularxix\/wp-content\/uploads\/2019\/07\/695-221x300.jpg 221w, https:\/\/www.lirapopular.cl\/lirapopularxix\/wp-content\/uploads\/2019\/07\/695.jpg 738w\" sizes=\"auto, (max-width: 221px) 100vw, 221px\" \/><\/a><figcaption>Colecci\u00f3n Lira Popular de la Universidad de Chile<\/figcaption><\/figure>\n<\/div>\n\n\n<p>Autor: An\u00f3nimo<br>Impresor: Sin informaci\u00f3n<br>Tama\u00f1o: 24,5 x 34 cm<br>Clasificaci\u00f3n: 695 F993f Caja N\u00b04a<\/p>\n\n\n\n<ul class=\"wp-block-list\"><li><a href=\"https:\/\/www.lirapopular.cl\/lirapopularxix\/2019\/07\/09\/ejecucion-de-los-dosasesinos-de-santiago\/\">Ejecuci\u00f3n de los dos asesinos de Santiago<\/a><\/li><li><a href=\"https:\/\/www.lirapopular.cl\/lirapopularxix\/2019\/07\/09\/un-brindis\/\">Un brindis<\/a><\/li><li><a href=\"https:\/\/www.lirapopular.cl\/lirapopularxix\/2019\/07\/09\/cuecas\/\">Cuecas<\/a><\/li><li><a href=\"https:\/\/www.lirapopular.cl\/lirapopularxix\/2019\/07\/09\/amor-intenso\/\">Amor intenso<\/a><\/li><\/ul>\n\n\n\n<p>Nota: Este ejemplar tiene escrito a mano con l\u00e1piz rojo \u201c695\u201d<\/p>\n\n\n\n<p>Utiliza la misma imagen que us\u00f3 Juan Carrasco Tenorio en la lira &#8220;<a href=\"https:\/\/www.lirapopular.cl\/lirapopularxix\/fusilamiento-del-reo-manuel-pozo\/\">Fusilamiento del reo Manuel Pozo<\/a>&#8221; y tambi\u00e9n en esta <a href=\"https:\/\/www.lirapopular.cl\/lirapopularxix\/fusilamientoen-santiago-de-los-reos-jose-maria-nunez-yjuan-jose-oteiza\/\">lira an\u00f3nima<\/a>.<\/p>\n","protected":false},"excerpt":{"rendered":"<p>Autor: An\u00f3nimoImpresor: Sin informaci\u00f3nTama\u00f1o: 24,5 x 34 cmClasificaci\u00f3n: 695 F993f Caja N\u00b04a Ejecuci\u00f3n de los dos asesinos de Santiago Un brindis Cuecas Amor intenso Nota: Este ejemplar tiene escrito a mano con l\u00e1piz rojo \u201c695\u201d Utiliza la misma imagen que us\u00f3 Juan Carrasco Tenorio en la lira &#8220;Fusilamiento del reo Manuel Pozo&#8221; y tambi\u00e9n en [&hellip;]<\/p>\n","protected":false},"author":1,"featured_media":0,"parent":0,"menu_order":0,"comment_status":"closed","ping_status":"closed","template":"","meta":{"footnotes":""},"class_list":["post-1437","page","type-page","status-publish","hentry"],"jetpack_sharing_enabled":true,"_links":{"self":[{"href":"https:\/\/www.lirapopular.cl\/lirapopularxix\/wp-json\/wp\/v2\/pages\/1437","targetHints":{"allow":["GET"]}}],"collection":[{"href":"https:\/\/www.lirapopular.cl\/lirapopularxix\/wp-json\/wp\/v2\/pages"}],"about":[{"href":"https:\/\/www.lirapopular.cl\/lirapopularxix\/wp-json\/wp\/v2\/types\/page"}],"author":[{"embeddable":true,"href":"https:\/\/www.lirapopular.cl\/lirapopularxix\/wp-json\/wp\/v2\/users\/1"}],"replies":[{"embeddable":true,"href":"https:\/\/www.lirapopular.cl\/lirapopularxix\/wp-json\/wp\/v2\/comments?post=1437"}],"version-history":[{"count":0,"href":"https:\/\/www.lirapopular.cl\/lirapopularxix\/wp-json\/wp\/v2\/pages\/1437\/revisions"}],"wp:attachment":[{"href":"https:\/\/www.lirapopular.cl\/lirapopularxix\/wp-json\/wp\/v2\/media?parent=1437"}],"curies":[{"name":"wp","href":"https:\/\/api.w.org\/{rel}","templated":true}]}}