{"id":14354,"date":"2020-12-11T10:43:37","date_gmt":"2020-12-11T14:43:37","guid":{"rendered":"https:\/\/www.lirapopular.cl\/lirapopularxix\/?page_id=14354"},"modified":"2020-12-11T10:43:37","modified_gmt":"2020-12-11T14:43:37","slug":"viva-chile-combate-naval","status":"publish","type":"page","link":"https:\/\/www.lirapopular.cl\/lirapopularxix\/viva-chile-combate-naval\/","title":{"rendered":"\u00a1VIVA CHILE!<BR>COMBATE NAVAL EN IQUIQUE<BR>EL 21 DE MAYO<BR>LA ESMERALDA A PIQUE"},"content":{"rendered":"\n<div class=\"wp-block-image\"><figure class=\"alignright size-medium\"><a href=\"https:\/\/www.lirapopular.cl\/lirapopularxix\/wp-content\/uploads\/2020\/12\/LO0012386.jpg\"><img loading=\"lazy\" decoding=\"async\" width=\"300\" height=\"196\" src=\"https:\/\/www.lirapopular.cl\/lirapopularxix\/wp-content\/uploads\/2020\/12\/LO0012386-300x196.jpg\" alt=\"\" class=\"wp-image-14358\" srcset=\"https:\/\/www.lirapopular.cl\/lirapopularxix\/wp-content\/uploads\/2020\/12\/LO0012386-300x196.jpg 300w, https:\/\/www.lirapopular.cl\/lirapopularxix\/wp-content\/uploads\/2020\/12\/LO0012386-768x502.jpg 768w, https:\/\/www.lirapopular.cl\/lirapopularxix\/wp-content\/uploads\/2020\/12\/LO0012386.jpg 1000w\" sizes=\"auto, (max-width: 300px) 100vw, 300px\" \/><\/a><figcaption>Archivo de Literatura Oral<br>Colecci\u00f3n Alamiro de \u00c1vila<\/figcaption><\/figure><\/div>\n\n\n\n<p>Autor: Daniel Meneses. Poeta nacional chileno. Calle Morand\u00e9, N\u00fam. 955<br>Impresor: Imp. Cervantes<br>Tama\u00f1o: 52 x 37 cm<br>Clasificaci\u00f3n: BN C\u00f3digo:\u00a0LO0012386<\/p>\n\n\n\n<ul class=\"wp-block-list\"><li><a href=\"https:\/\/www.lirapopular.cl\/lirapopularxix\/2020\/12\/11\/mis-creencias-verdaderas\/\">Mis creencias verdaderas<\/a><\/li><li><a href=\"https:\/\/www.lirapopular.cl\/lirapopularxix\/2020\/12\/11\/versos-de-amor-17\/\">Versos de amor<\/a><\/li><li><a href=\"https:\/\/www.lirapopular.cl\/lirapopularxix\/2020\/12\/11\/deseos-para-mi-amada\/\">Deseos para mi amada<\/a><\/li><li><a href=\"https:\/\/www.lirapopular.cl\/lirapopularxix\/2020\/12\/11\/gloriaal-capitan-prat\/\">Gloria al Capitan Prat<\/a><\/li><li><a href=\"https:\/\/www.lirapopular.cl\/lirapopularxix\/2020\/12\/11\/viva-chile-combate-naval\/\">\u00a1Viva Chile! Combate Naval en Iquique, el 21 de mayo la &#8220;Esmeralda&#8221; a pique<\/a><\/li><\/ul>\n\n\n\n<p>Nota: Este ejemplar tiene escrito a mano con plum\u00f3n \u201c60\u201d.<br>Documento optimizado digitalmente.<\/p>\n","protected":false},"excerpt":{"rendered":"<p>Autor: Daniel Meneses. Poeta nacional chileno. Calle Morand\u00e9, N\u00fam. 955Impresor: Imp. CervantesTama\u00f1o: 52 x 37 cmClasificaci\u00f3n: BN C\u00f3digo:\u00a0LO0012386 Mis creencias verdaderas Versos de amor Deseos para mi amada Gloria al Capitan Prat \u00a1Viva Chile! Combate Naval en Iquique, el 21 de mayo la &#8220;Esmeralda&#8221; a pique Nota: Este ejemplar tiene escrito a mano con plum\u00f3n [&hellip;]<\/p>\n","protected":false},"author":1,"featured_media":0,"parent":0,"menu_order":0,"comment_status":"closed","ping_status":"closed","template":"","meta":{"footnotes":""},"class_list":["post-14354","page","type-page","status-publish","hentry"],"jetpack_sharing_enabled":true,"_links":{"self":[{"href":"https:\/\/www.lirapopular.cl\/lirapopularxix\/wp-json\/wp\/v2\/pages\/14354","targetHints":{"allow":["GET"]}}],"collection":[{"href":"https:\/\/www.lirapopular.cl\/lirapopularxix\/wp-json\/wp\/v2\/pages"}],"about":[{"href":"https:\/\/www.lirapopular.cl\/lirapopularxix\/wp-json\/wp\/v2\/types\/page"}],"author":[{"embeddable":true,"href":"https:\/\/www.lirapopular.cl\/lirapopularxix\/wp-json\/wp\/v2\/users\/1"}],"replies":[{"embeddable":true,"href":"https:\/\/www.lirapopular.cl\/lirapopularxix\/wp-json\/wp\/v2\/comments?post=14354"}],"version-history":[{"count":0,"href":"https:\/\/www.lirapopular.cl\/lirapopularxix\/wp-json\/wp\/v2\/pages\/14354\/revisions"}],"wp:attachment":[{"href":"https:\/\/www.lirapopular.cl\/lirapopularxix\/wp-json\/wp\/v2\/media?parent=14354"}],"curies":[{"name":"wp","href":"https:\/\/api.w.org\/{rel}","templated":true}]}}