{"id":14328,"date":"2020-12-10T20:17:26","date_gmt":"2020-12-11T00:17:26","guid":{"rendered":"https:\/\/www.lirapopular.cl\/lirapopularxix\/?page_id=14328"},"modified":"2020-12-10T20:17:26","modified_gmt":"2020-12-11T00:17:26","slug":"versos-dedicados-al-poeta-pequen","status":"publish","type":"page","link":"https:\/\/www.lirapopular.cl\/lirapopularxix\/versos-dedicados-al-poeta-pequen\/","title":{"rendered":"Versos dedicados al poeta pequen, redactor del peri\u00f3dico &#8220;La Beata&#8221;<br>Muerte i testamento de Don Agustin Edwards<br>PROTECCION A LOS POBRES I A LOS HOSPITALES"},"content":{"rendered":"\n<div class=\"wp-block-image\"><figure class=\"alignright size-medium\"><a href=\"https:\/\/www.lirapopular.cl\/lirapopularxix\/wp-content\/uploads\/2020\/12\/LO0012347.jpg\"><img loading=\"lazy\" decoding=\"async\" width=\"300\" height=\"195\" src=\"https:\/\/www.lirapopular.cl\/lirapopularxix\/wp-content\/uploads\/2020\/12\/LO0012347-300x195.jpg\" alt=\"\" class=\"wp-image-14329\" srcset=\"https:\/\/www.lirapopular.cl\/lirapopularxix\/wp-content\/uploads\/2020\/12\/LO0012347-300x195.jpg 300w, https:\/\/www.lirapopular.cl\/lirapopularxix\/wp-content\/uploads\/2020\/12\/LO0012347-768x500.jpg 768w, https:\/\/www.lirapopular.cl\/lirapopularxix\/wp-content\/uploads\/2020\/12\/LO0012347.jpg 1000w\" sizes=\"auto, (max-width: 300px) 100vw, 300px\" \/><\/a><figcaption>Archivo de Literatura Oral<br>Colecci\u00f3n Alamiro de \u00c1vila<\/figcaption><\/figure><\/div>\n\n\n\n<p>Autor: Daniel Meneses. Poeta nortino. Morand\u00e9 8-A<br>Impresor: Imprenta, Moneda<br>Tama\u00f1o: 54 x 39 cm<br>Clasificaci\u00f3n: BN C\u00f3digo:\u00a0LO0012347<\/p>\n\n\n\n<ul class=\"wp-block-list\"><li><a href=\"https:\/\/www.lirapopular.cl\/lirapopularxix\/2020\/12\/11\/versos-dedicados-al-poeta-pequen\/\">Versos dedicados al poeta Pequ\u00e9n, redactor del peri\u00f3dico &#8220;La Beata&#8221;<\/a><\/li><li><a href=\"https:\/\/www.lirapopular.cl\/lirapopularxix\/2020\/12\/11\/versos-de-literatura-42\/\">Versos de literatura<\/a><\/li><li><a href=\"https:\/\/www.lirapopular.cl\/lirapopularxix\/2020\/12\/11\/versos-de-esquinazo-3\/\">Versos de esquinazo<\/a><\/li><li><a href=\"https:\/\/www.lirapopular.cl\/lirapopularxix\/2020\/12\/11\/la-guerra-con-la-arjentinasera-inevitable-i-su-alianza-conel-peru-i-bolivia\/\">La guerra con la Argentina ser\u00e1 inevitable, y su alianza con el Per\u00fa y Bolivia<\/a><\/li><li><a href=\"https:\/\/www.lirapopular.cl\/lirapopularxix\/2020\/12\/11\/las-alegacias-en-el-congresoentre-pechonos-i-liberales\/\">Las alegac\u00edas en el Congreso entre pecho\u00f1os y liberales<\/a><\/li><li><a href=\"https:\/\/www.lirapopular.cl\/lirapopularxix\/2020\/12\/11\/muerte-i-testamento\/\">Muerte y testamento de don Agustin Edwards. Protecci\u00f3n a los pobres y a los hospitales<\/a><\/li><\/ul>\n\n\n\n<p>Nota: Este ejemplar tiene escrito a mano con plum\u00f3n \u201c20\u201d, por el reverso &#8220;123&#8221;.<br>Documento optimizado digitalmente.<\/p>\n","protected":false},"excerpt":{"rendered":"<p>Autor: Daniel Meneses. Poeta nortino. Morand\u00e9 8-AImpresor: Imprenta, MonedaTama\u00f1o: 54 x 39 cmClasificaci\u00f3n: BN C\u00f3digo:\u00a0LO0012347 Versos dedicados al poeta Pequ\u00e9n, redactor del peri\u00f3dico &#8220;La Beata&#8221; Versos de literatura Versos de esquinazo La guerra con la Argentina ser\u00e1 inevitable, y su alianza con el Per\u00fa y Bolivia Las alegac\u00edas en el Congreso entre pecho\u00f1os y liberales [&hellip;]<\/p>\n","protected":false},"author":1,"featured_media":0,"parent":0,"menu_order":0,"comment_status":"closed","ping_status":"closed","template":"","meta":{"footnotes":""},"class_list":["post-14328","page","type-page","status-publish","hentry"],"jetpack_sharing_enabled":true,"_links":{"self":[{"href":"https:\/\/www.lirapopular.cl\/lirapopularxix\/wp-json\/wp\/v2\/pages\/14328","targetHints":{"allow":["GET"]}}],"collection":[{"href":"https:\/\/www.lirapopular.cl\/lirapopularxix\/wp-json\/wp\/v2\/pages"}],"about":[{"href":"https:\/\/www.lirapopular.cl\/lirapopularxix\/wp-json\/wp\/v2\/types\/page"}],"author":[{"embeddable":true,"href":"https:\/\/www.lirapopular.cl\/lirapopularxix\/wp-json\/wp\/v2\/users\/1"}],"replies":[{"embeddable":true,"href":"https:\/\/www.lirapopular.cl\/lirapopularxix\/wp-json\/wp\/v2\/comments?post=14328"}],"version-history":[{"count":0,"href":"https:\/\/www.lirapopular.cl\/lirapopularxix\/wp-json\/wp\/v2\/pages\/14328\/revisions"}],"wp:attachment":[{"href":"https:\/\/www.lirapopular.cl\/lirapopularxix\/wp-json\/wp\/v2\/media?parent=14328"}],"curies":[{"name":"wp","href":"https:\/\/api.w.org\/{rel}","templated":true}]}}