{"id":14307,"date":"2020-12-10T17:34:47","date_gmt":"2020-12-10T21:34:47","guid":{"rendered":"https:\/\/www.lirapopular.cl\/lirapopularxix\/?page_id=14307"},"modified":"2020-12-10T17:34:47","modified_gmt":"2020-12-10T21:34:47","slug":"versos-a-lo-divino-pasion-y-muerte","status":"publish","type":"page","link":"https:\/\/www.lirapopular.cl\/lirapopularxix\/versos-a-lo-divino-pasion-y-muerte\/","title":{"rendered":"VERSOS A LO DIVINO<br>Pasion y Muerte de Nuestro Divino Redentor"},"content":{"rendered":"\n<div class=\"wp-block-image\"><figure class=\"alignright size-medium\"><a href=\"https:\/\/www.lirapopular.cl\/lirapopularxix\/wp-content\/uploads\/2020\/12\/LO0012403.jpg\"><img loading=\"lazy\" decoding=\"async\" width=\"300\" height=\"199\" src=\"https:\/\/www.lirapopular.cl\/lirapopularxix\/wp-content\/uploads\/2020\/12\/LO0012403-300x199.jpg\" alt=\"\" class=\"wp-image-14308\" srcset=\"https:\/\/www.lirapopular.cl\/lirapopularxix\/wp-content\/uploads\/2020\/12\/LO0012403-300x199.jpg 300w, https:\/\/www.lirapopular.cl\/lirapopularxix\/wp-content\/uploads\/2020\/12\/LO0012403-768x509.jpg 768w, https:\/\/www.lirapopular.cl\/lirapopularxix\/wp-content\/uploads\/2020\/12\/LO0012403.jpg 1000w\" sizes=\"auto, (max-width: 300px) 100vw, 300px\" \/><\/a><figcaption>Archivo de Literatura Oral<br>Colecci\u00f3n Alamiro de \u00c1vila<\/figcaption><\/figure><\/div>\n\n\n\n<p>Autor: Daniel Meneses. Poeta nacional. Morand\u00e9 8-A<br>Impresor: Imp. del Comercio- Moneda, 1027<br>Tama\u00f1o: 53 x 38 cm<br>Clasificaci\u00f3n: BN C\u00f3digo:&nbsp;LO0012403, BN C\u00f3digo:&nbsp;LO0012243<\/p>\n\n\n\n<ul class=\"wp-block-list\"><li><a href=\"https:\/\/www.lirapopular.cl\/lirapopularxix\/2020\/12\/10\/versos-a-lo-divinola-marcha-de-jesus-al-golgota\/\">Versos a lo divino. La marcha de Jes\u00fas al G\u00f3lgota<\/a><\/li><li><a href=\"https:\/\/www.lirapopular.cl\/lirapopularxix\/2020\/12\/10\/versos-a-lo-divinola-venta-de-jesus\/\">Versos a lo divino. La venta de Jes\u00fas<\/a><\/li><li><a href=\"https:\/\/www.lirapopular.cl\/lirapopularxix\/2020\/12\/10\/versos-a-lo-divinopasion-i-muertede-nuestro-divino-redentor\/\">Versos a lo divino. Pasi\u00f3n y muerte de Nuestro Divino Redentor<\/a><\/li><li><a href=\"https:\/\/www.lirapopular.cl\/lirapopularxix\/2020\/12\/10\/ecosde-encantar-el-alma\/\">Ecos de encantar el alma<\/a><\/li><li><a href=\"https:\/\/www.lirapopular.cl\/lirapopularxix\/2020\/12\/10\/terrible-i-salvaje-crimen\/\">Terrible y salvaje crimen. La esposa que envenen\u00f3 al marido en Arica, por casarse con el querido, est\u00e1 condenada a muerte<\/a><\/li><li><a href=\"https:\/\/www.lirapopular.cl\/lirapopularxix\/2020\/12\/10\/sigue-el-dialogoentre-el-rotito-del-nortecon-el-del-sur-2\/\">Sigue el di\u00e1logo entre el rotito del Norte con el del Sur.<\/a><\/li><\/ul>\n\n\n\n<div class=\"wp-block-image\"><figure class=\"alignright size-medium\"><a href=\"https:\/\/www.lirapopular.cl\/lirapopularxix\/wp-content\/uploads\/2020\/12\/LO0012243.jpg\"><img decoding=\"async\" src=\"https:\/\/www.lirapopular.cl\/lirapopularxix\/wp-content\/uploads\/2020\/12\/LO0012243-207x300.jpg\" alt=\"\" class=\"wp-image-14326\"\/><\/a><figcaption>Archivo de Literatura Oral<br>Fondo Rodolfo Lenz<\/figcaption><\/figure><\/div>\n\n\n\n<p>Nota: El 1er ejemplar tiene escrito a mano con plum\u00f3n \u201c77\u201d, por el reverso &#8220;192&#8221;.<br>El 2\u00ba ejemplar tiene escrito a mano con l\u00e1piz azul  \u201c-37-\u201d, con un timbre &#8220;0221&#8221;, con l\u00e1piz grafito &#8220;30&#8221;, por el reverso &#8220;192&#8221;.<br>Documentos optimizados digitalmente.<\/p>\n","protected":false},"excerpt":{"rendered":"<p>Autor: Daniel Meneses. Poeta nacional. Morand\u00e9 8-AImpresor: Imp. del Comercio- Moneda, 1027Tama\u00f1o: 53 x 38 cmClasificaci\u00f3n: BN C\u00f3digo:&nbsp;LO0012403, BN C\u00f3digo:&nbsp;LO0012243 Versos a lo divino. La marcha de Jes\u00fas al G\u00f3lgota Versos a lo divino. La venta de Jes\u00fas Versos a lo divino. Pasi\u00f3n y muerte de Nuestro Divino Redentor Ecos de encantar el alma Terrible [&hellip;]<\/p>\n","protected":false},"author":1,"featured_media":0,"parent":0,"menu_order":0,"comment_status":"closed","ping_status":"closed","template":"","meta":{"footnotes":""},"class_list":["post-14307","page","type-page","status-publish","hentry"],"jetpack_sharing_enabled":true,"_links":{"self":[{"href":"https:\/\/www.lirapopular.cl\/lirapopularxix\/wp-json\/wp\/v2\/pages\/14307","targetHints":{"allow":["GET"]}}],"collection":[{"href":"https:\/\/www.lirapopular.cl\/lirapopularxix\/wp-json\/wp\/v2\/pages"}],"about":[{"href":"https:\/\/www.lirapopular.cl\/lirapopularxix\/wp-json\/wp\/v2\/types\/page"}],"author":[{"embeddable":true,"href":"https:\/\/www.lirapopular.cl\/lirapopularxix\/wp-json\/wp\/v2\/users\/1"}],"replies":[{"embeddable":true,"href":"https:\/\/www.lirapopular.cl\/lirapopularxix\/wp-json\/wp\/v2\/comments?post=14307"}],"version-history":[{"count":0,"href":"https:\/\/www.lirapopular.cl\/lirapopularxix\/wp-json\/wp\/v2\/pages\/14307\/revisions"}],"wp:attachment":[{"href":"https:\/\/www.lirapopular.cl\/lirapopularxix\/wp-json\/wp\/v2\/media?parent=14307"}],"curies":[{"name":"wp","href":"https:\/\/api.w.org\/{rel}","templated":true}]}}