{"id":14252,"date":"2020-12-09T10:00:56","date_gmt":"2020-12-09T14:00:56","guid":{"rendered":"https:\/\/www.lirapopular.cl\/lirapopularxix\/?page_id=14252"},"modified":"2020-12-09T10:00:56","modified_gmt":"2020-12-09T14:00:56","slug":"versos-a-lo-divino-muerte-i-pasion","status":"publish","type":"page","link":"https:\/\/www.lirapopular.cl\/lirapopularxix\/versos-a-lo-divino-muerte-i-pasion\/","title":{"rendered":"VERSOS A LO DIVINO<br>Muerte i Pasion de Nuestro Divino Redentor"},"content":{"rendered":"<div class=\"wp-block-image\">\n<figure class=\"alignright size-medium\"><a href=\"https:\/\/www.lirapopular.cl\/lirapopularxix\/wp-content\/uploads\/2020\/12\/LO0012234.jpg\"><img loading=\"lazy\" decoding=\"async\" width=\"207\" height=\"300\" src=\"https:\/\/www.lirapopular.cl\/lirapopularxix\/wp-content\/uploads\/2020\/12\/LO0012234-207x300.jpg\" alt=\"\" class=\"wp-image-14253\" srcset=\"https:\/\/www.lirapopular.cl\/lirapopularxix\/wp-content\/uploads\/2020\/12\/LO0012234-207x300.jpg 207w, https:\/\/www.lirapopular.cl\/lirapopularxix\/wp-content\/uploads\/2020\/12\/LO0012234.jpg 689w\" sizes=\"auto, (max-width: 207px) 100vw, 207px\" \/><\/a><figcaption class=\"wp-element-caption\">Archivo de Literatura Oral<br>Fondo Rodolfo Lenz<\/figcaption><\/figure>\n<\/div>\n\n\n<p>Autor: Daniel Meneses. Poeta chileno.<br>Impresor: Imp. Moneda 843<br>Tama\u00f1o: 54 x 38 cm<br>Clasificaci\u00f3n: BN C\u00f3digo:&nbsp;LO0012234, BN C\u00f3digo:&nbsp;LO0012432<\/p>\n\n\n\n<ul class=\"wp-block-list\">\n<li><a href=\"https:\/\/www.lirapopular.cl\/lirapopularxix\/2020\/12\/10\/el-prendimientode-cristo\/\">El prendimiento de Cristo<\/a><\/li>\n\n\n\n<li><a href=\"https:\/\/www.lirapopular.cl\/lirapopularxix\/2020\/12\/10\/un-milagro-de-jesus\/\">Un milagro de Jes\u00fas<\/a><\/li>\n\n\n\n<li><a href=\"https:\/\/www.lirapopular.cl\/lirapopularxix\/2020\/12\/10\/el-bautismo-de-jesus\/\">El bautismo de Jes\u00fas<\/a><\/li>\n\n\n\n<li><a href=\"https:\/\/www.lirapopular.cl\/lirapopularxix\/2020\/12\/10\/pasion-de-cristolas-tres-horas-de-agonia\/\">Pasi\u00f3n de Cristo. Las tres horas de agon\u00eda<\/a><\/li>\n\n\n\n<li><a href=\"https:\/\/www.lirapopular.cl\/lirapopularxix\/2020\/12\/10\/suplicas-a-jesus\/\">S\u00faplicas a Jes\u00fas<\/a><\/li>\n\n\n\n<li><a href=\"https:\/\/www.lirapopular.cl\/lirapopularxix\/2020\/12\/10\/jesus-entrandoa-jerusalen\/\">Jes\u00fas entrando a Jerusal\u00e9n<\/a><\/li>\n\n\n\n<li><a href=\"https:\/\/www.lirapopular.cl\/lirapopularxix\/2020\/12\/10\/los-estragosde-la-horrible-peste\/\">Los estragos de la horrible peste bub\u00f3nica en la Rep\u00fablica Argentina y su preparaci\u00f3n de viaje para Chile<\/a><\/li>\n<\/ul>\n\n\n\n<p>Nota: El 1er ejemplar tiene escrito a mano con l\u00e1piz azul \u201c-28-\u201d, con un timbre &#8220;474&#8221; y con l\u00e1piz grafito &#8220;65&#8221;.<br>El 2\u00ba ejemplar tiene escrito a mano con plum\u00f3n \u201c106\u201d, por el reverso &#8220;105&#8221;.<br>Documentos optimizados digitalmente.<\/p>\n\n\n<div class=\"wp-block-image\">\n<figure class=\"alignright size-medium\"><a href=\"https:\/\/www.lirapopular.cl\/lirapopularxix\/wp-content\/uploads\/2020\/12\/LO0012432.jpg\"><img loading=\"lazy\" decoding=\"async\" width=\"300\" height=\"199\" src=\"https:\/\/www.lirapopular.cl\/lirapopularxix\/wp-content\/uploads\/2020\/12\/LO0012432-300x199.jpg\" alt=\"\" class=\"wp-image-14264\" srcset=\"https:\/\/www.lirapopular.cl\/lirapopularxix\/wp-content\/uploads\/2020\/12\/LO0012432-300x199.jpg 300w, https:\/\/www.lirapopular.cl\/lirapopularxix\/wp-content\/uploads\/2020\/12\/LO0012432-768x510.jpg 768w, https:\/\/www.lirapopular.cl\/lirapopularxix\/wp-content\/uploads\/2020\/12\/LO0012432.jpg 1000w\" sizes=\"auto, (max-width: 300px) 100vw, 300px\" \/><\/a><figcaption class=\"wp-element-caption\">Archivo de Literatura Oral<br>Colecci\u00f3n Alamiro de \u00c1vila<\/figcaption><\/figure>\n<\/div>","protected":false},"excerpt":{"rendered":"<p>Autor: Daniel Meneses. Poeta chileno.Impresor: Imp. Moneda 843Tama\u00f1o: 54 x 38 cmClasificaci\u00f3n: BN C\u00f3digo:&nbsp;LO0012234, BN C\u00f3digo:&nbsp;LO0012432 Nota: El 1er ejemplar tiene escrito a mano con l\u00e1piz azul \u201c-28-\u201d, con un timbre &#8220;474&#8221; y con l\u00e1piz grafito &#8220;65&#8221;.El 2\u00ba ejemplar tiene escrito a mano con plum\u00f3n \u201c106\u201d, por el reverso &#8220;105&#8221;.Documentos optimizados digitalmente.<\/p>\n","protected":false},"author":1,"featured_media":0,"parent":0,"menu_order":0,"comment_status":"closed","ping_status":"closed","template":"","meta":{"footnotes":""},"class_list":["post-14252","page","type-page","status-publish","hentry"],"jetpack_sharing_enabled":true,"_links":{"self":[{"href":"https:\/\/www.lirapopular.cl\/lirapopularxix\/wp-json\/wp\/v2\/pages\/14252","targetHints":{"allow":["GET"]}}],"collection":[{"href":"https:\/\/www.lirapopular.cl\/lirapopularxix\/wp-json\/wp\/v2\/pages"}],"about":[{"href":"https:\/\/www.lirapopular.cl\/lirapopularxix\/wp-json\/wp\/v2\/types\/page"}],"author":[{"embeddable":true,"href":"https:\/\/www.lirapopular.cl\/lirapopularxix\/wp-json\/wp\/v2\/users\/1"}],"replies":[{"embeddable":true,"href":"https:\/\/www.lirapopular.cl\/lirapopularxix\/wp-json\/wp\/v2\/comments?post=14252"}],"version-history":[{"count":0,"href":"https:\/\/www.lirapopular.cl\/lirapopularxix\/wp-json\/wp\/v2\/pages\/14252\/revisions"}],"wp:attachment":[{"href":"https:\/\/www.lirapopular.cl\/lirapopularxix\/wp-json\/wp\/v2\/media?parent=14252"}],"curies":[{"name":"wp","href":"https:\/\/api.w.org\/{rel}","templated":true}]}}