{"id":14224,"date":"2020-12-08T16:05:17","date_gmt":"2020-12-08T20:05:17","guid":{"rendered":"https:\/\/www.lirapopular.cl\/lirapopularxix\/?page_id=14224"},"modified":"2020-12-08T16:05:17","modified_gmt":"2020-12-08T20:05:17","slug":"un-saludo-a-mis-colegas-contrarios","status":"publish","type":"page","link":"https:\/\/www.lirapopular.cl\/lirapopularxix\/un-saludo-a-mis-colegas-contrarios\/","title":{"rendered":"Un saludo a mis colegas contrarios<br>Horrible cr\u00edmen en Victoria. El marido que ultim\u00f3 a la esposa a balazos <br>i despues se ultim\u00f3 \u00e9l"},"content":{"rendered":"\n<div class=\"wp-block-image\"><figure class=\"alignright size-medium\"><a href=\"https:\/\/www.lirapopular.cl\/lirapopularxix\/wp-content\/uploads\/2020\/12\/LO0012368.jpg\"><img decoding=\"async\" src=\"https:\/\/www.lirapopular.cl\/lirapopularxix\/wp-content\/uploads\/2020\/12\/LO0012368-300x199.jpg\" alt=\"\" class=\"wp-image-14225\"\/><\/a><figcaption>Archivo de Literatura Oral<br>Colecci\u00f3n Alamiro de \u00c1vila<\/figcaption><\/figure><\/div>\n\n\n\n<p>Autor: Daniel Meneses. Poeta chileno.<br>Impresor: Imp. Moneda 843<br>Tama\u00f1o: 55 x 38 cm<br>Clasificaci\u00f3n: BN C\u00f3digo:\u00a0LO0012368<\/p>\n\n\n\n<ul class=\"wp-block-list\"><li><a href=\"https:\/\/www.lirapopular.cl\/lirapopularxix\/2020\/12\/08\/versos-de-astronomiacontrarrestados\/\">Versos de astronom\u00eda. Contrarrestados<\/a><\/li><li><a href=\"https:\/\/www.lirapopular.cl\/lirapopularxix\/2020\/12\/08\/contrarresto-8\/\">Contrarresto<\/a><\/li><li><a href=\"https:\/\/www.lirapopular.cl\/lirapopularxix\/2020\/12\/08\/un-saludoa-mis-colegas-contrarios\/\">Un saludo a mis colegas contrarios<\/a><\/li><li><a href=\"https:\/\/www.lirapopular.cl\/lirapopularxix\/2020\/12\/08\/viva-chile-viva-la-democracia\/\">\u00a1Viva Chile! \u00a1Viva la democracia, triunfo del liberalismo en Chile desde Tarapac\u00e1 a Magallanes!<\/a><\/li><li><a href=\"https:\/\/www.lirapopular.cl\/lirapopularxix\/2020\/12\/08\/horroroso-i-salvaje-crimen\/\">Horroroso y salvaje crimen. En el Parral seis bandidos asaltaron una casa de un inv\u00e1lido le asesinaron a la esposa a golpes, otra mujer a balazos, y otra mujer de trece a\u00f1os la violaron entre los seis, y la dejaron agonizante y le prendieron fuego a la casa<\/a><\/li><li><a href=\"https:\/\/www.lirapopular.cl\/lirapopularxix\/2020\/12\/08\/horrible-crimen-en-victoria\/\">Horrible crimen en Victoria, el marido que ultim\u00f3 a la esposa a balazos y despu\u00e9s se ultim\u00f3 \u00e9l<\/a><\/li><\/ul>\n\n\n\n<p>Nota: Este ejemplar tiene escrito a mano con plum\u00f3n \u201c41\u201d, por el reverso &#8220;212&#8221;.<br>Documento optimizado digitalmente.<\/p>\n","protected":false},"excerpt":{"rendered":"<p>Autor: Daniel Meneses. Poeta chileno.Impresor: Imp. Moneda 843Tama\u00f1o: 55 x 38 cmClasificaci\u00f3n: BN C\u00f3digo:\u00a0LO0012368 Versos de astronom\u00eda. Contrarrestados Contrarresto Un saludo a mis colegas contrarios \u00a1Viva Chile! \u00a1Viva la democracia, triunfo del liberalismo en Chile desde Tarapac\u00e1 a Magallanes! Horroroso y salvaje crimen. En el Parral seis bandidos asaltaron una casa de un inv\u00e1lido le [&hellip;]<\/p>\n","protected":false},"author":1,"featured_media":0,"parent":0,"menu_order":0,"comment_status":"closed","ping_status":"closed","template":"","meta":{"footnotes":""},"class_list":["post-14224","page","type-page","status-publish","hentry"],"jetpack_sharing_enabled":true,"_links":{"self":[{"href":"https:\/\/www.lirapopular.cl\/lirapopularxix\/wp-json\/wp\/v2\/pages\/14224","targetHints":{"allow":["GET"]}}],"collection":[{"href":"https:\/\/www.lirapopular.cl\/lirapopularxix\/wp-json\/wp\/v2\/pages"}],"about":[{"href":"https:\/\/www.lirapopular.cl\/lirapopularxix\/wp-json\/wp\/v2\/types\/page"}],"author":[{"embeddable":true,"href":"https:\/\/www.lirapopular.cl\/lirapopularxix\/wp-json\/wp\/v2\/users\/1"}],"replies":[{"embeddable":true,"href":"https:\/\/www.lirapopular.cl\/lirapopularxix\/wp-json\/wp\/v2\/comments?post=14224"}],"version-history":[{"count":0,"href":"https:\/\/www.lirapopular.cl\/lirapopularxix\/wp-json\/wp\/v2\/pages\/14224\/revisions"}],"wp:attachment":[{"href":"https:\/\/www.lirapopular.cl\/lirapopularxix\/wp-json\/wp\/v2\/media?parent=14224"}],"curies":[{"name":"wp","href":"https:\/\/api.w.org\/{rel}","templated":true}]}}